{"id":782734,"date":"2026-02-23T12:57:55","date_gmt":"2026-02-23T09:57:55","guid":{"rendered":"https:\/\/roveyayinevi.com.tr\/index.php\/urun\/hayatin-ritminin-pesinde\/"},"modified":"2026-04-15T03:46:06","modified_gmt":"2026-04-15T00:46:06","slug":"hayatin-ritminin-pesinde","status":"publish","type":"product","link":"https:\/\/roveyayinevi.com.tr\/index.php\/urun\/hayatin-ritminin-pesinde\/","title":{"rendered":"Hayat\u0131n Ritminin Pe\u015finde"},"content":{"rendered":"<p>Abisinin intihar\u0131yla kendini travman\u0131n e\u015fi\u011finde bulan Rory, korumac\u0131 ailesinden ka\u00e7mak i\u00e7in Kuzey Ontario&#8217;da bir a\u011fa\u00e7 dikimi grubuna kat\u0131l\u0131r. Hem i\u015f ve arkada\u015flar\u0131a ak\u0131n\u0131 dag\u0131 tacak hem de ac\u0131s\u0131n\u0131 azaltman\u0131n yollar\u0131n\u0131 arayacakt\u0131r. Yeni arkada\u015flar\u0131na uyum sa\u011flamak \u00e7ok umurunda olmasa da ho\u015fland\u0131\u011f\u0131 k\u0131z\u0131n ilgisini kazanmay\u0131 ama\u00e7lar. Ama i\u015fler pek umdu\u011fu gibi gitmeyecek, hayatla s\u0131nav\u0131 devam edecektir.   Rory abisine yazd\u0131\u011f\u0131 mektuplar\u0131, kar\u0131\u015f\u0131k kasetleri, kendini ak\u0131\u015fa b\u0131rakmas\u0131n\u0131 sa\u011flayan a\u011fa\u00e7 dikme i\u015fiyle ac\u0131s\u0131n\u0131 dindirmeyi ve hayata yeniden tutunmay\u0131 ba\u015farabilecek mi?<\/p>\n","protected":false},"excerpt":{"rendered":"<p>Abisinin intihar\u0131yla kendini travman\u0131n e\u015fi\u011finde bulan Rory, korumac\u0131 ailesinden ka\u00e7mak i\u00e7in Kuzey Ontario&#8217;da bir a\u011fa\u00e7 dikimi grubuna kat\u0131l\u0131r. Hem i\u015f ve arkada\u015flar\u0131a ak\u0131n\u0131 dag\u0131 tacak hem<span class=\"excerpt-hellip\"> [\u2026]<\/span><\/p>\n","protected":false},"featured_media":0,"template":"","meta":{"_monsterinsights_skip_tracking":false,"_monsterinsights_sitenote_active":false,"_monsterinsights_sitenote_note":"","_monsterinsights_sitenote_category":0},"product_brand":[],"product_cat":[12291,12711],"product_tag":[],"class_list":{"0":"post-782734","1":"product","2":"type-product","3":"status-publish","5":"product_cat-edebiyat","6":"product_cat-roman-oyku","7":"pa_cilt-ciltsiz","8":"pa_tur-kitap","9":"pa_yayinevi-sahi-kitap","10":"pa_yazar-ross-breithaupt","12":"first","13":"instock","14":"sale","15":"shipping-taxable","16":"purchasable","17":"product-type-simple"},"_links":{"self":[{"href":"https:\/\/roveyayinevi.com.tr\/index.php\/wp-json\/wp\/v2\/product\/782734","targetHints":{"allow":["GET"]}}],"collection":[{"href":"https:\/\/roveyayinevi.com.tr\/index.php\/wp-json\/wp\/v2\/product"}],"about":[{"href":"https:\/\/roveyayinevi.com.tr\/index.php\/wp-json\/wp\/v2\/types\/product"}],"wp:attachment":[{"href":"https:\/\/roveyayinevi.com.tr\/index.php\/wp-json\/wp\/v2\/media?parent=782734"}],"wp:term":[{"taxonomy":"product_brand","embeddable":true,"href":"https:\/\/roveyayinevi.com.tr\/index.php\/wp-json\/wp\/v2\/product_brand?post=782734"},{"taxonomy":"product_cat","embeddable":true,"href":"https:\/\/roveyayinevi.com.tr\/index.php\/wp-json\/wp\/v2\/product_cat?post=782734"},{"taxonomy":"product_tag","embeddable":true,"href":"https:\/\/roveyayinevi.com.tr\/index.php\/wp-json\/wp\/v2\/product_tag?post=782734"}],"curies":[{"name":"wp","href":"https:\/\/api.w.org\/{rel}","templated":true}]}}