{"id":782731,"date":"2026-02-23T12:57:46","date_gmt":"2026-02-23T09:57:46","guid":{"rendered":"https:\/\/roveyayinevi.com.tr\/index.php\/urun\/feminist-yontem\/"},"modified":"2026-04-15T03:46:06","modified_gmt":"2026-04-15T00:46:06","slug":"feminist-yontem","status":"publish","type":"product","link":"https:\/\/roveyayinevi.com.tr\/index.php\/urun\/feminist-yontem\/","title":{"rendered":"Feminist Y\u00f6ntem"},"content":{"rendered":"<p>Y\u00f6ntem bug\u00fcn en \u00e7ok ihtiya\u00e7 duyulan tart\u0131\u015fma alanlar\u0131ndan biri. Feminist y\u00f6ntem ara\u015ft\u0131rmay\u0131, ili\u015fkisel, ele\u015ftirel ve sorumluluk i\u00e7eren bir d\u00fc\u015f\u00fcnme prati\u011fi haline getirir. Bu yakla\u015f\u0131m, ara\u015ft\u0131rma s\u00fcre\u00e7lerinde \u00e7o\u011fu zaman g\u00f6r\u00fcnmez kalan g\u00fc\u00e7 ili\u015fkilerini a\u00e7\u0131\u011fa \u00e7\u0131kar\u0131r. Bilgiyi \u00fcretti\u011fi ba\u011flamdan ba\u011f\u0131ms\u0131z d\u00fc\u015f\u00fcnmez. Seslerin, deneyimlerin ve kar\u015f\u0131la\u015fmalar\u0131n ara\u015ft\u0131rman\u0131n par\u00e7as\u0131 oldu\u011funu hat\u0131rlat\u0131r.Bu kitap s\u00f6yle\u015filer, saha deneyimleri, kuramsal tart\u0131\u015fmalar ve yarat\u0131c\u0131 ara\u015ft\u0131rma \u00f6rnekleri \u00fczerinden feminist y\u00f6ntemin d\u00fc\u015f\u00fcnsel ufkunu a\u00e7\u0131yor. Bilgiyi tart\u0131\u015fmayla ve etkile\u015fimle bi\u00e7imlenen bir s\u00fcre\u00e7 olarak ele al\u0131yor. Kesinlik iddias\u0131 ta\u015f\u0131madan, a\u00e7\u0131kl\u0131\u011f\u0131 ve diyalo\u011fu \u00f6nemsiyor. Bizi d\u00fcnyayla kurulan etik ve ele\u015ftirel bir ili\u015fkiye do\u011fru d\u00fc\u015f\u00fcnmeye davet ediyor. Bu kitap, y\u00f6nteme ihtiya\u00e7 duyan herkese, nereden ba\u015flayaca\u011f\u0131n\u0131 ve nas\u0131l ilerleyece\u011fini hat\u0131rlatan bir dost bir e\u015flik\u00e7i.Yazarlar:   Asl\u0131 Kotaman, Asl\u0131 Polatdemir, Beyza Hatun K\u0131z\u0131ltepe, Elif Dastarl\u0131, Ezgi Burgan K\u0131yak, F. Melis Cin, Fatma Orhan Tahral\u0131, Feryal Sayg\u0131l\u0131gil, G\u00fcliz Sa\u011flam, G\u00fcl\u015fah Ayka\u00e7, G\u00fcl\u00fcm \u015eener, G\u00fcne\u015f Ko\u00e7, \u0130lknur Me\u015fe, Leyla Bekta\u015f Ata, Mediha Didem Karagence, Nadide Kark\u0131ner, \u00d6zge \u00c7elikaslan, \u00d6zge \u00d6zdemir, \u00d6zlem G\u00fc\u00e7l\u00fc, Pelin Yal\u00e7\u0131no\u011flu, Selime B\u00fcy\u00fckg\u00f6ze, Selver Sezen Kutup, Tanja Thomas, Tebess\u00fcm Y\u0131lmaz, T\u00fcl Akbal S\u00fcalp, Zeynep Kutluata.<\/p>\n","protected":false},"excerpt":{"rendered":"<p>Y\u00f6ntem bug\u00fcn en \u00e7ok ihtiya\u00e7 duyulan tart\u0131\u015fma alanlar\u0131ndan biri. Feminist y\u00f6ntem ara\u015ft\u0131rmay\u0131, ili\u015fkisel, ele\u015ftirel ve sorumluluk i\u00e7eren bir d\u00fc\u015f\u00fcnme prati\u011fi haline getirir. Bu yakla\u015f\u0131m, ara\u015ft\u0131rma s\u00fcre\u00e7lerinde<span class=\"excerpt-hellip\"> [\u2026]<\/span><\/p>\n","protected":false},"featured_media":0,"template":"","meta":{"_monsterinsights_skip_tracking":false,"_monsterinsights_sitenote_active":false,"_monsterinsights_sitenote_note":"","_monsterinsights_sitenote_category":0},"product_brand":[],"product_cat":[12835,12324],"product_tag":[],"class_list":{"0":"post-782731","1":"product","2":"type-product","3":"status-publish","5":"product_cat-genel-sosyoloji","6":"product_cat-sosyoloji","7":"pa_cilt-ciltsiz","8":"pa_tur-kitap","9":"pa_yayinevi-nika-yayinevi","10":"pa_yazar-kolektif","12":"first","13":"instock","14":"sale","15":"shipping-taxable","16":"purchasable","17":"product-type-simple"},"_links":{"self":[{"href":"https:\/\/roveyayinevi.com.tr\/index.php\/wp-json\/wp\/v2\/product\/782731","targetHints":{"allow":["GET"]}}],"collection":[{"href":"https:\/\/roveyayinevi.com.tr\/index.php\/wp-json\/wp\/v2\/product"}],"about":[{"href":"https:\/\/roveyayinevi.com.tr\/index.php\/wp-json\/wp\/v2\/types\/product"}],"wp:attachment":[{"href":"https:\/\/roveyayinevi.com.tr\/index.php\/wp-json\/wp\/v2\/media?parent=782731"}],"wp:term":[{"taxonomy":"product_brand","embeddable":true,"href":"https:\/\/roveyayinevi.com.tr\/index.php\/wp-json\/wp\/v2\/product_brand?post=782731"},{"taxonomy":"product_cat","embeddable":true,"href":"https:\/\/roveyayinevi.com.tr\/index.php\/wp-json\/wp\/v2\/product_cat?post=782731"},{"taxonomy":"product_tag","embeddable":true,"href":"https:\/\/roveyayinevi.com.tr\/index.php\/wp-json\/wp\/v2\/product_tag?post=782731"}],"curies":[{"name":"wp","href":"https:\/\/api.w.org\/{rel}","templated":true}]}}