{"id":782730,"date":"2026-02-23T12:57:44","date_gmt":"2026-02-23T09:57:44","guid":{"rendered":"https:\/\/roveyayinevi.com.tr\/index.php\/urun\/yolun-hakikat-yolculugun-ask-olsun-gonul-defteri-bilgitay\/"},"modified":"2026-04-15T03:46:06","modified_gmt":"2026-04-15T00:46:06","slug":"yolun-hakikat-yolculugun-ask-olsun-gonul-defteri-bilgitay","status":"publish","type":"product","link":"https:\/\/roveyayinevi.com.tr\/index.php\/urun\/yolun-hakikat-yolculugun-ask-olsun-gonul-defteri-bilgitay\/","title":{"rendered":"Yolun Hakikat Yolculu\u011fun A\u015fk Olsun G\u00f6n\u00fcl Defteri Bilgitay"},"content":{"rendered":"<p>\u015eiir, can g\u00f6lgesinde \u201cHi\u00e7lik\u201d defterine yaz\u0131l\u0131r: Olas\u0131l\u0131\u011f\u0131n ger\u00e7ekleni\u015fe, yani b\u00e2t\u0131n\u0131n z\u00e2hire, bilinmeyenin bilinene, karanl\u0131\u011f\u0131n ayd\u0131nl\u0131\u011fa bir sesleni\u015fidir. G\u00f6n\u00fclleri \u015fenlendiren nefestir \u015fiir; g\u00fcl\u00fcmsemenin, g\u00f6r\u00fcn\u00fc\u015fe ta\u015f\u0131nm\u0131\u015f halidir, g\u00f6zya\u015flar\u0131n\u0131 silen h\u0131\u00e7k\u0131r\u0131kt\u0131r, \u00f6l\u00fcms\u00fczl\u00fc\u011f\u00fcn solu\u011fudur. \u00d6te- sinde; evi g\u00f6n\u00fcl, i\u00e7ece\u011fi duygu olan ruhtur. \u015eiir, can\u0131, can\u0131n eylemli hali anlam\u0131nda canl\u0131l\u0131\u011f\u0131 betimler: B\u00e2t\u0131n\u00ee gelenekte nefes, yani \u015fiir, konu\u015fan dil ve konu\u015fan tel ile bilginin ta\u015f\u0131y\u0131c\u0131 kimli\u011fi olarak nesnelle\u015ftirilen z\u00e2kirin s\u00f6yledi\u011fi duygu y\u00fckl\u00fc dizelerdir. \u015eiir kab\u0131 olarak alg\u0131lanan g\u00f6n\u00fclden bize akan fark\u0131ndal\u0131k yaratan, hissedi\u015f kayna\u011f\u0131 duygulard\u0131r. \u0130nsan, do\u011fan\u0131n okudu\u011fu bir \u015fiir ya da bir m\u00fczik aletidir, bu nedenle kendini yeri\u015ftirmi\u015f k\u00e2mil insan, insandan insana \u00f6zg\u00fc sesler \u00e7\u0131karan insand\u0131r. Bunu beceremezse kesinlikle su\u00e7ludur. \u00c7\u00fcnk\u00fc \u015fiir yazarak, m\u00fczik yaparak, sesli d\u00fc\u015f\u00fcnerek ibadet yapmak zorundad\u0131r. \u201cYa\u015fam ya\u015fanan \u015feyden, g\u00fczellik g\u00fczelden daha ya\u015fl\u0131d\u0131r\u201d Leyl\u00e2 Aslan<\/p>\n","protected":false},"excerpt":{"rendered":"<p>\u015eiir, can g\u00f6lgesinde \u201cHi\u00e7lik\u201d defterine yaz\u0131l\u0131r: Olas\u0131l\u0131\u011f\u0131n ger\u00e7ekleni\u015fe, yani b\u00e2t\u0131n\u0131n z\u00e2hire, bilinmeyenin bilinene, karanl\u0131\u011f\u0131n ayd\u0131nl\u0131\u011fa bir sesleni\u015fidir. G\u00f6n\u00fclleri \u015fenlendiren nefestir \u015fiir; g\u00fcl\u00fcmsemenin, g\u00f6r\u00fcn\u00fc\u015fe ta\u015f\u0131nm\u0131\u015f halidir, g\u00f6zya\u015flar\u0131n\u0131<span class=\"excerpt-hellip\"> [\u2026]<\/span><\/p>\n","protected":false},"featured_media":0,"template":"","meta":{"_monsterinsights_skip_tracking":false,"_monsterinsights_sitenote_active":false,"_monsterinsights_sitenote_note":"","_monsterinsights_sitenote_category":0},"product_brand":[],"product_cat":[12291,12509],"product_tag":[],"class_list":{"0":"post-782730","1":"product","2":"type-product","3":"status-publish","5":"product_cat-edebiyat","6":"product_cat-siir","7":"pa_cilt-ciltsiz","8":"pa_tur-kitap","9":"pa_yayinevi-nika-yayinevi","10":"pa_yazar-leyla-aslan","12":"first","13":"instock","14":"sale","15":"shipping-taxable","16":"purchasable","17":"product-type-simple"},"_links":{"self":[{"href":"https:\/\/roveyayinevi.com.tr\/index.php\/wp-json\/wp\/v2\/product\/782730","targetHints":{"allow":["GET"]}}],"collection":[{"href":"https:\/\/roveyayinevi.com.tr\/index.php\/wp-json\/wp\/v2\/product"}],"about":[{"href":"https:\/\/roveyayinevi.com.tr\/index.php\/wp-json\/wp\/v2\/types\/product"}],"wp:attachment":[{"href":"https:\/\/roveyayinevi.com.tr\/index.php\/wp-json\/wp\/v2\/media?parent=782730"}],"wp:term":[{"taxonomy":"product_brand","embeddable":true,"href":"https:\/\/roveyayinevi.com.tr\/index.php\/wp-json\/wp\/v2\/product_brand?post=782730"},{"taxonomy":"product_cat","embeddable":true,"href":"https:\/\/roveyayinevi.com.tr\/index.php\/wp-json\/wp\/v2\/product_cat?post=782730"},{"taxonomy":"product_tag","embeddable":true,"href":"https:\/\/roveyayinevi.com.tr\/index.php\/wp-json\/wp\/v2\/product_tag?post=782730"}],"curies":[{"name":"wp","href":"https:\/\/api.w.org\/{rel}","templated":true}]}}