{"id":782728,"date":"2026-02-23T12:57:40","date_gmt":"2026-02-23T09:57:40","guid":{"rendered":"https:\/\/roveyayinevi.com.tr\/index.php\/urun\/tasavvufu-dusunmek\/"},"modified":"2026-04-15T03:46:06","modified_gmt":"2026-04-15T00:46:06","slug":"tasavvufu-dusunmek","status":"publish","type":"product","link":"https:\/\/roveyayinevi.com.tr\/index.php\/urun\/tasavvufu-dusunmek\/","title":{"rendered":"Tasavvufu D\u00fc\u015f\u00fcnmek"},"content":{"rendered":"<p>Tasavvuf denilince insanlar\u0131n akl\u0131na \u2018bir lokma, bir h\u0131rka\u2019 gelir. Bununla kastedilentasavvuf yolunda insan\u0131n yemekten, giyinme arzusundan uzakla\u015ft\u0131\u011f\u0131, dahaz\u00e2hid\u00e2ne bir ya\u015famla nefsini terbiye etti\u011fidir. Tasavvufa b\u00f6yle bakmak yanl\u0131\u015fde\u011filse bile, eksik bir bak\u0131\u015f olabilir. Bu eksikli\u011fin en \u00f6nemli y\u00f6n\u00fc ise, amac\u0131 ihm\u00e2lederek tasavvuf hakk\u0131nda konu\u015fma ihtimalini bar\u0131nd\u0131rm\u0131\u015f olmas\u0131d\u0131r. S\u00fbf\u00eeleriny\u00f6ntemi zaman i\u00e7inde de\u011fi\u015fiklik g\u00f6sterse bile ama\u00e7lar\u0131 de\u011fi\u015fmemi\u015ftir. Onlar\u0131namac\u0131 akl\u0131n yetkinle\u015fmesiydi. Ba\u015f\u0131ndan sonuna kadar b\u00fct\u00fcn tasavvuf, akl\u0131nyetkinle\u015ftirilme m\u00fccadelesi \u015feklinde okunabilir. Akl\u0131 ne daralt\u0131yorsa s\u00fbf\u00eeler onunlam\u00fccadele etmi\u015fler; neyi elde etmek istemi\u015flerse, akl\u0131 onun kem\u00e2le ta\u015f\u0131yaca\u011f\u0131n\u0131d\u00fc\u015f\u00fcnm\u00fc\u015flerdi. B\u00fct\u00fcn tasavvufu, hatta kelimenin anlam\u0131n\u0131 te\u015fkil eden \u2018ar\u0131nma\u2019 vetemizlenmeyi akl\u0131n kirlerinden ar\u0131nmas\u0131 \u015feklinde d\u00fc\u015f\u00fcnmek m\u00fcmk\u00fcnd\u00fcr. Bunedenle elinizdeki kitab\u0131n ismi tasavvufun y\u00f6ntemi ile amac\u0131 aras\u0131ndaki ili\u015fkiyi dikkate ta\u015f\u0131mak \u00fczere \u2018bir lokma, bir h\u0131rka, Bir Ak\u0131l\u2019 olarak belirlenmi\u015ftir. Kitap farkl\u0131 zamanlarda yaz\u0131lm\u0131\u015f bir\u00e7ok makaleden olu\u015fmaktad\u0131r. Bu makaleler bazen y\u00f6ntem veya benzer konularda do\u011frudan tasavvuf ile ili\u015fkili iken bazen de kem\u00e2le ermi\u015f yetkin akl\u0131n bak\u0131\u015f a\u00e7\u0131s\u0131n\u0131 g\u00f6stermeyi ama\u00e7lar. Her h\u00e2l\u00fck\u00e2rda yaz\u0131lar, tasavvufun farkl\u0131 y\u00f6nlerini ortaya koymay\u0131 ama\u00e7layarak \u2018akl\u0131n yetkinle\u015fmesine\u2019 hizmet etmeyi ama\u00e7lamaktad\u0131r.<\/p>\n","protected":false},"excerpt":{"rendered":"<p>Tasavvuf denilince insanlar\u0131n akl\u0131na \u2018bir lokma, bir h\u0131rka\u2019 gelir. Bununla kastedilentasavvuf yolunda insan\u0131n yemekten, giyinme arzusundan uzakla\u015ft\u0131\u011f\u0131, dahaz\u00e2hid\u00e2ne bir ya\u015famla nefsini terbiye etti\u011fidir. Tasavvufa b\u00f6yle bakmak<span class=\"excerpt-hellip\"> [\u2026]<\/span><\/p>\n","protected":false},"featured_media":0,"template":"","meta":{"_monsterinsights_skip_tracking":false,"_monsterinsights_sitenote_active":false,"_monsterinsights_sitenote_note":"","_monsterinsights_sitenote_category":0},"product_brand":[],"product_cat":[12718,12719,15238],"product_tag":[],"class_list":{"0":"post-782728","1":"product","2":"type-product","3":"status-publish","5":"product_cat-din","6":"product_cat-islam","7":"product_cat-tasavvuf","8":"pa_cilt-ciltsiz","9":"pa_tur-kitap","10":"pa_yayinevi-fikriyat-yayinlari","11":"pa_yazar-ekrem-demirli","13":"first","14":"instock","15":"sale","16":"shipping-taxable","17":"purchasable","18":"product-type-simple"},"_links":{"self":[{"href":"https:\/\/roveyayinevi.com.tr\/index.php\/wp-json\/wp\/v2\/product\/782728","targetHints":{"allow":["GET"]}}],"collection":[{"href":"https:\/\/roveyayinevi.com.tr\/index.php\/wp-json\/wp\/v2\/product"}],"about":[{"href":"https:\/\/roveyayinevi.com.tr\/index.php\/wp-json\/wp\/v2\/types\/product"}],"wp:attachment":[{"href":"https:\/\/roveyayinevi.com.tr\/index.php\/wp-json\/wp\/v2\/media?parent=782728"}],"wp:term":[{"taxonomy":"product_brand","embeddable":true,"href":"https:\/\/roveyayinevi.com.tr\/index.php\/wp-json\/wp\/v2\/product_brand?post=782728"},{"taxonomy":"product_cat","embeddable":true,"href":"https:\/\/roveyayinevi.com.tr\/index.php\/wp-json\/wp\/v2\/product_cat?post=782728"},{"taxonomy":"product_tag","embeddable":true,"href":"https:\/\/roveyayinevi.com.tr\/index.php\/wp-json\/wp\/v2\/product_tag?post=782728"}],"curies":[{"name":"wp","href":"https:\/\/api.w.org\/{rel}","templated":true}]}}