{"id":782726,"date":"2026-02-23T12:57:35","date_gmt":"2026-02-23T09:57:35","guid":{"rendered":"https:\/\/roveyayinevi.com.tr\/index.php\/urun\/ilk-hikaye\/"},"modified":"2026-04-15T03:46:05","modified_gmt":"2026-04-15T00:46:05","slug":"ilk-hikaye","status":"publish","type":"product","link":"https:\/\/roveyayinevi.com.tr\/index.php\/urun\/ilk-hikaye\/","title":{"rendered":"\u0130lk Hikaye"},"content":{"rendered":"<p>Karar\u0131n\u0131 veriyor Tekla. Geri d\u00f6n\u00fc\u015f\u00fc olmayan \u015feyler yapaca\u011f\u0131n\u0131 biliyor. Onu sevin\u00e7ten ve korkudan\u00fcrperten, hik\u00e2yesinin i\u015faret fi\u015fe\u011fini yakacak bir karar\u0131n gizli haz\u0131rl\u0131klar\u0131 var akl\u0131nda: Onu H\u0131ristiyantarihinin ilk mucizesi yapacak bir karar. \u015eu anda kendinden korkuyor. Kendini tan\u0131yam\u0131yor, heyecanverici buluyor. Kendi kendine konu\u015furken kafas\u0131n\u0131n i\u00e7inde \u201cHadi, hadi, hadi,\u201d diyen kim, \u201cHay\u0131r, hay\u0131r,hay\u0131r,\u201d diyen kim, \u00f6teki kim, o kim, art\u0131k bilemiyor.\u0130sa\u2019dan sonra birinci y\u00fczy\u0131l\u2026Roma \u0130mparatorlu\u011fu\u2019nda ya\u015fayan gen\u00e7 ve varl\u0131kl\u0131 gen\u00e7 kad\u0131n Tekla\u2019n\u0131n hayat\u0131 ve t\u00fcm inan\u00e7lar\u0131, TarsusluPavlus\u2019un etkileyici vaazlar\u0131yla sars\u0131l\u0131r. Ni\u015fan\u0131n\u0131 bozar, duyduklar\u0131n\u0131n pe\u015finden gitmeye karar verir vebek\u00e2retini bir itaat bi\u00e7imi de\u011fil, a\u00e7\u0131k bir direni\u015f olarak sahiplenir.\u00c7\u0131kt\u0131\u011f\u0131 yolda ba\u015f\u0131na t\u00fcrl\u00fc eziyetler gelir; yak\u0131lmaktan mucizevi bi\u00e7imde kurtulur, arenada vah\u015fihayvanlar\u0131n aras\u0131na at\u0131l\u0131r ama hayatta kal\u0131r. T\u00fcm tehditlere ra\u011fmen kendi kendini vaftiz eder. Bu cesurad\u0131mlar\u0131yla kad\u0131nlar i\u00e7in bir umut ve ba\u015fkald\u0131r\u0131 sembol\u00fcne d\u00f6n\u00fc\u015f\u00fcr. Ancak bu \u00f6zg\u00fcrl\u00fck \u00e7a\u011fr\u0131s\u0131, hen\u00fczbebek ad\u0131mlar\u0131yla y\u00fcr\u00fcyen Kilise i\u00e7in b\u00fcy\u00fck bir sorundur. Dini otoriteler ve cemaat liderleri, Tekla\u2019y\u0131susturmak i\u00e7in harekete ge\u00e7er.Baz\u0131 tarih\u00e7ilere g\u00f6re yaz\u0131l\u0131 olarak dola\u015f\u0131ma girmi\u015f ilk H\u0131ristiyan anlat\u0131s\u0131 olan bu hik\u00e2ye, y\u00fczy\u0131llar boyuncag\u00f6rmezden gelinen g\u00fc\u00e7l\u00fc bir kad\u0131n\u0131n \u00f6yk\u00fcs\u00fcn\u00fc g\u00fcn \u0131\u015f\u0131\u011f\u0131na \u00e7\u0131kar\u0131yor. Fr\u00e9d\u00e9ric Gros, bu etkileyiciroman\u0131nda inan\u00e7, beden, \u00f6zg\u00fcrl\u00fck ve itaat \u00fczerine zamans\u0131z sorular soruyor.<\/p>\n","protected":false},"excerpt":{"rendered":"<p>Karar\u0131n\u0131 veriyor Tekla. Geri d\u00f6n\u00fc\u015f\u00fc olmayan \u015feyler yapaca\u011f\u0131n\u0131 biliyor. Onu sevin\u00e7ten ve korkudan\u00fcrperten, hik\u00e2yesinin i\u015faret fi\u015fe\u011fini yakacak bir karar\u0131n gizli haz\u0131rl\u0131klar\u0131 var akl\u0131nda: Onu H\u0131ristiyantarihinin ilk<span class=\"excerpt-hellip\"> [\u2026]<\/span><\/p>\n","protected":false},"featured_media":0,"template":"","meta":{"_monsterinsights_skip_tracking":false,"_monsterinsights_sitenote_active":false,"_monsterinsights_sitenote_note":"","_monsterinsights_sitenote_category":0},"product_brand":[],"product_cat":[12291,12711],"product_tag":[],"class_list":{"0":"post-782726","1":"product","2":"type-product","3":"status-publish","5":"product_cat-edebiyat","6":"product_cat-roman-oyku","7":"pa_cilt-ciltsiz","8":"pa_tur-kitap","9":"pa_yayinevi-kolektif-kitap","10":"pa_yazar-frederic-gros","12":"first","13":"instock","14":"sale","15":"shipping-taxable","16":"purchasable","17":"product-type-simple"},"_links":{"self":[{"href":"https:\/\/roveyayinevi.com.tr\/index.php\/wp-json\/wp\/v2\/product\/782726","targetHints":{"allow":["GET"]}}],"collection":[{"href":"https:\/\/roveyayinevi.com.tr\/index.php\/wp-json\/wp\/v2\/product"}],"about":[{"href":"https:\/\/roveyayinevi.com.tr\/index.php\/wp-json\/wp\/v2\/types\/product"}],"wp:attachment":[{"href":"https:\/\/roveyayinevi.com.tr\/index.php\/wp-json\/wp\/v2\/media?parent=782726"}],"wp:term":[{"taxonomy":"product_brand","embeddable":true,"href":"https:\/\/roveyayinevi.com.tr\/index.php\/wp-json\/wp\/v2\/product_brand?post=782726"},{"taxonomy":"product_cat","embeddable":true,"href":"https:\/\/roveyayinevi.com.tr\/index.php\/wp-json\/wp\/v2\/product_cat?post=782726"},{"taxonomy":"product_tag","embeddable":true,"href":"https:\/\/roveyayinevi.com.tr\/index.php\/wp-json\/wp\/v2\/product_tag?post=782726"}],"curies":[{"name":"wp","href":"https:\/\/api.w.org\/{rel}","templated":true}]}}