{"id":782725,"date":"2026-02-23T12:57:32","date_gmt":"2026-02-23T09:57:32","guid":{"rendered":"https:\/\/roveyayinevi.com.tr\/index.php\/urun\/kutadgu-biligden-secmeler-4\/"},"modified":"2026-04-15T03:46:05","modified_gmt":"2026-04-15T00:46:05","slug":"kutadgu-biligden-secmeler-4","status":"publish","type":"product","link":"https:\/\/roveyayinevi.com.tr\/index.php\/urun\/kutadgu-biligden-secmeler-4\/","title":{"rendered":"Kutadgu Bilig&#8217;den Se\u00e7meler"},"content":{"rendered":"<p>T\u00fcrk edebiyat\u0131n\u0131n en \u00f6nemli eserlerinden biri olan Kutadgu Bilig, Balasagunlu Y\u00fbsuf H\u00e2s H\u00e2cib taraf\u0131ndan yaz\u0131lm\u0131\u015f derin bir nasihatname ve siyasetnamedir. Orta \u00c7a\u011f\u2019da T\u00fcrk devlet anlay\u0131\u015f\u0131na \u0131\u015f\u0131k tutan bu eser, y\u00f6neticilere yol g\u00f6steren \u00f6\u011f\u00fctlerle dolu olup T\u00fcrk k\u00fclt\u00fcr ve dilinin en de\u011ferli \u00f6rneklerinden birini olu\u015fturur.Bu kitapta, Kutadgu Bilig\u2019den se\u00e7ilmi\u015f 999 \u00f6\u011f\u00fct, 9 tematik ba\u015fl\u0131k alt\u0131nda sunulmu\u015f, b\u00f6ylece eserin hem \u00f6\u011fretici g\u00fcc\u00fc hem de tarih\u00ee de\u011feri g\u00fcn\u00fcm\u00fcz okuyucular\u0131 i\u00e7in daha eri\u015filebilir h\u00e2le getirilmi\u015ftir. Y\u00fbsuf H\u00e2s H\u00e2cib\u2019in \u00f6\u011f\u00fctleri, T\u00fcrk milletinin k\u00fclt\u00fcrel derinli\u011fini ve devlet bilincini yans\u0131tarak \u00e7a\u011flar \u00f6tesinden bug\u00fcne seslenmektedir.<\/p>\n","protected":false},"excerpt":{"rendered":"<p>T\u00fcrk edebiyat\u0131n\u0131n en \u00f6nemli eserlerinden biri olan Kutadgu Bilig, Balasagunlu Y\u00fbsuf H\u00e2s H\u00e2cib taraf\u0131ndan yaz\u0131lm\u0131\u015f derin bir nasihatname ve siyasetnamedir. Orta \u00c7a\u011f\u2019da T\u00fcrk devlet anlay\u0131\u015f\u0131na \u0131\u015f\u0131k<span class=\"excerpt-hellip\"> [\u2026]<\/span><\/p>\n","protected":false},"featured_media":0,"template":"","meta":{"_monsterinsights_skip_tracking":false,"_monsterinsights_sitenote_active":false,"_monsterinsights_sitenote_note":"","_monsterinsights_sitenote_category":0},"product_brand":[],"product_cat":[14009,12291],"product_tag":[],"class_list":{"0":"post-782725","1":"product","2":"type-product","3":"status-publish","5":"product_cat-biyografi-otobiyografi-edebiyat","6":"product_cat-edebiyat","7":"pa_cilt-ciltsiz","8":"pa_tur-kitap","9":"pa_yayinevi-otuken-nesriyat","10":"pa_yazar-yusuf-has-hacib","12":"first","13":"instock","14":"sale","15":"shipping-taxable","16":"purchasable","17":"product-type-simple"},"_links":{"self":[{"href":"https:\/\/roveyayinevi.com.tr\/index.php\/wp-json\/wp\/v2\/product\/782725","targetHints":{"allow":["GET"]}}],"collection":[{"href":"https:\/\/roveyayinevi.com.tr\/index.php\/wp-json\/wp\/v2\/product"}],"about":[{"href":"https:\/\/roveyayinevi.com.tr\/index.php\/wp-json\/wp\/v2\/types\/product"}],"wp:attachment":[{"href":"https:\/\/roveyayinevi.com.tr\/index.php\/wp-json\/wp\/v2\/media?parent=782725"}],"wp:term":[{"taxonomy":"product_brand","embeddable":true,"href":"https:\/\/roveyayinevi.com.tr\/index.php\/wp-json\/wp\/v2\/product_brand?post=782725"},{"taxonomy":"product_cat","embeddable":true,"href":"https:\/\/roveyayinevi.com.tr\/index.php\/wp-json\/wp\/v2\/product_cat?post=782725"},{"taxonomy":"product_tag","embeddable":true,"href":"https:\/\/roveyayinevi.com.tr\/index.php\/wp-json\/wp\/v2\/product_tag?post=782725"}],"curies":[{"name":"wp","href":"https:\/\/api.w.org\/{rel}","templated":true}]}}