{"id":782724,"date":"2026-02-23T12:57:30","date_gmt":"2026-02-23T09:57:30","guid":{"rendered":"https:\/\/roveyayinevi.com.tr\/index.php\/urun\/zihinleri-nasil-kontrol-ediyorlar\/"},"modified":"2026-04-15T03:46:04","modified_gmt":"2026-04-15T00:46:04","slug":"zihinleri-nasil-kontrol-ediyorlar","status":"publish","type":"product","link":"https:\/\/roveyayinevi.com.tr\/index.php\/urun\/zihinleri-nasil-kontrol-ediyorlar\/","title":{"rendered":"Zihinleri Nas\u0131l Kontrol Ediyorlar?"},"content":{"rendered":"<p>D\u00dc\u015e\u00dcNMEK H\u00c2L\u00c2 \u00d6ZG\u00dcRL\u00dcK M\u00dc, YOKSA ALGOR\u0130TMALARIN \u0130Z\u0130N VERD\u0130\u011e\u0130 B\u0130R YANILSAMA MI?   \u0130nsanl\u0131k, y\u0131ld\u0131zlar\u0131n kaderi belirledi\u011fi b\u00fcy\u00fcl\u00fc bir evrenden, algoritmalar\u0131n kararlar\u0131 \u015fekillendirdi\u011fi dijital bir labirente evrildi. Descartes \u201cD\u00fc\u015f\u00fcn\u00fcyorum, \u00f6yleyse var\u0131m!\u201d dedi\u011finde zihni \u00f6zg\u00fcr k\u0131lm\u0131\u015ft\u0131; ancak bug\u00fcn o zihin, sonsuz bir bilgi denizinde yaln\u0131z ve savunmas\u0131z.   Kararlar\u0131m\u0131z\u0131n y\u00fczde 95\u2019i bilin\u00e7d\u0131\u015f\u0131 s\u00fcre\u00e7lerle mi \u015fekilleniyor?   Yapay zek\u00e2 ve algoritmalar yeni efendilerimiz mi?   Neden g\u00f6zetlenmekten de\u011fil de g\u00f6r\u00fcnmez olmaktan korkuyoruz?   \u015eafak Altun, bili\u015fsel \u00f6nyarg\u0131lardan siyasal propagandaya, kitle psikolojisinden algoritmik yasalara kadar zihnimizi ele ge\u00e7iren t\u00fcm y\u00f6ntemleri masaya yat\u0131r\u0131yor.   Ger\u00e7ek sizi \u00f6zg\u00fcr k\u0131lacakt\u0131r; ama \u00f6nce hangi zincirlerle ba\u011fl\u0131 oldu\u011funuzu g\u00f6rmelisiniz.<\/p>\n","protected":false},"excerpt":{"rendered":"<p>D\u00dc\u015e\u00dcNMEK H\u00c2L\u00c2 \u00d6ZG\u00dcRL\u00dcK M\u00dc, YOKSA ALGOR\u0130TMALARIN \u0130Z\u0130N VERD\u0130\u011e\u0130 B\u0130R YANILSAMA MI? \u0130nsanl\u0131k, y\u0131ld\u0131zlar\u0131n kaderi belirledi\u011fi b\u00fcy\u00fcl\u00fc bir evrenden, algoritmalar\u0131n kararlar\u0131 \u015fekillendirdi\u011fi dijital bir labirente evrildi. Descartes<span class=\"excerpt-hellip\"> [\u2026]<\/span><\/p>\n","protected":false},"featured_media":0,"template":"","meta":{"_monsterinsights_skip_tracking":false,"_monsterinsights_sitenote_active":false,"_monsterinsights_sitenote_note":"","_monsterinsights_sitenote_category":0},"product_brand":[],"product_cat":[52477],"product_tag":[],"class_list":{"0":"post-782724","1":"product","2":"type-product","3":"status-publish","5":"product_cat-arastirma","6":"pa_cilt-ciltsiz","7":"pa_tur-kitap","8":"pa_yayinevi-destek-yayinlari","9":"pa_yazar-safak-altun","11":"first","12":"instock","13":"sale","14":"shipping-taxable","15":"purchasable","16":"product-type-simple"},"_links":{"self":[{"href":"https:\/\/roveyayinevi.com.tr\/index.php\/wp-json\/wp\/v2\/product\/782724","targetHints":{"allow":["GET"]}}],"collection":[{"href":"https:\/\/roveyayinevi.com.tr\/index.php\/wp-json\/wp\/v2\/product"}],"about":[{"href":"https:\/\/roveyayinevi.com.tr\/index.php\/wp-json\/wp\/v2\/types\/product"}],"wp:attachment":[{"href":"https:\/\/roveyayinevi.com.tr\/index.php\/wp-json\/wp\/v2\/media?parent=782724"}],"wp:term":[{"taxonomy":"product_brand","embeddable":true,"href":"https:\/\/roveyayinevi.com.tr\/index.php\/wp-json\/wp\/v2\/product_brand?post=782724"},{"taxonomy":"product_cat","embeddable":true,"href":"https:\/\/roveyayinevi.com.tr\/index.php\/wp-json\/wp\/v2\/product_cat?post=782724"},{"taxonomy":"product_tag","embeddable":true,"href":"https:\/\/roveyayinevi.com.tr\/index.php\/wp-json\/wp\/v2\/product_tag?post=782724"}],"curies":[{"name":"wp","href":"https:\/\/api.w.org\/{rel}","templated":true}]}}