{"id":782723,"date":"2026-02-23T12:57:28","date_gmt":"2026-02-23T09:57:28","guid":{"rendered":"https:\/\/roveyayinevi.com.tr\/index.php\/urun\/menopoz-ve-hormon-tedavisi\/"},"modified":"2026-04-15T03:46:04","modified_gmt":"2026-04-15T00:46:04","slug":"menopoz-ve-hormon-tedavisi","status":"publish","type":"product","link":"https:\/\/roveyayinevi.com.tr\/index.php\/urun\/menopoz-ve-hormon-tedavisi\/","title":{"rendered":"Menopoz ve Hormon Tedavisi"},"content":{"rendered":"<p>Menopoz do\u011fal ama as\u0131l sonu\u00e7lar\u0131n\u0131 ve yapt\u0131\u011f\u0131 hasarlar\u0131 \u00e7ok uzun y\u0131llar sonra g\u00f6rebildi\u011fimiz, ya\u015farken fark\u0131nda olmad\u0131\u011f\u0131m\u0131z, fark\u0131na vard\u0131\u011f\u0131m\u0131zda da geri d\u00f6n\u00fc\u015f\u00fc olmayan bir ya\u015fam evresi. Bu nedenle g\u00f6rmezden gelinen, \u00e7ok ihmal edilen bir konu. Yani ke\u015fke olay sadece ilk zamanlarda ya\u015fanan ate\u015f basmas\u0131 olsa&#8230; Ke\u015fke konu menopozu rahat atlatabilmek olsa&#8230;   Menopoz \u201catlat\u0131labilecek\u201d bir konu de\u011fil maalesef&#8230; Menopozla beraber \u00f6strojenin kandan \u00e7ekilmesiyle kad\u0131nlarda g\u00fcnbeg\u00fcn artan kemik y\u0131k\u0131m\u0131, yirmi y\u0131l sonra kar\u015f\u0131m\u0131za kal\u00e7a k\u0131r\u0131\u011f\u0131 olarak \u00e7\u0131karken yine damarlarda ba\u015flayan t\u0131kan\u0131kl\u0131k y\u0131llar sonra kar\u015f\u0131m\u0131za kalp krizi olarak \u00e7\u0131kabiliyor. Yine beyinde ba\u015flayan hasar, kar\u015f\u0131m\u0131za n\u00f6rolojik, bili\u015fsel ve davran\u0131\u015fsal bozukluklar\u0131n yan\u0131nda erken d\u00f6nemde Alzheimer hastal\u0131\u011f\u0131 olarak da \u00e7\u0131kabiliyor. Yani anneniz kal\u00e7as\u0131n\u0131 ya\u015fl\u0131l\u0131ktan dolay\u0131 de\u011fil menopozdan bu yana kan\u0131nda \u00f6strojen olmad\u0131\u011f\u0131 i\u00e7in k\u0131rd\u0131. Ge\u00e7irdi\u011fi kalp krizi, ya\u015fl\u0131l\u0131ktan ya da stresten de\u011fil, \u00f6strojen eksikli\u011findendi. Alzheimer olmas\u0131n\u0131n alt\u0131nda da bunca y\u0131ll\u0131k \u00f6strojen eksikli\u011finin b\u00fcy\u00fck rol\u00fc vard\u0131. Ve 2002 y\u0131l\u0131ndan bu yana bilim d\u00fcnyas\u0131ndaki yanl\u0131\u015f yorumlama ve sansasyonlardan dolay\u0131 annelerimiz bu tedaviyi alamad\u0131. Bir nesil kad\u0131n ve bu e\u011fitimi alamayan bir nesil doktor kaybedildi.   \u0130\u015fte tam da bu nedenle annemizle ayn\u0131 kaderi payla\u015fmak zorunda de\u011filiz. E\u011fer uygunsan\u0131z menopozla beraber zaman\u0131nda ba\u015flanacak hormon yerine koyma tedavisiyle bu hastal\u0131klar\u0131 b\u00fcy\u00fck oranda \u00f6nleyebiliriz. Bu kitap da bunun i\u00e7in haz\u0131rland\u0131. Bilimsel \u00e7al\u0131\u015fmalardan verilen referansla hem doktorlar hem de sizlerin okuyabilece\u011fi bir formatta yazd\u0131m. Keyifli okumalar dilerim&#8230;<\/p>\n","protected":false},"excerpt":{"rendered":"<p>Menopoz do\u011fal ama as\u0131l sonu\u00e7lar\u0131n\u0131 ve yapt\u0131\u011f\u0131 hasarlar\u0131 \u00e7ok uzun y\u0131llar sonra g\u00f6rebildi\u011fimiz, ya\u015farken fark\u0131nda olmad\u0131\u011f\u0131m\u0131z, fark\u0131na vard\u0131\u011f\u0131m\u0131zda da geri d\u00f6n\u00fc\u015f\u00fc olmayan bir ya\u015fam evresi. Bu<span class=\"excerpt-hellip\"> [\u2026]<\/span><\/p>\n","protected":false},"featured_media":0,"template":"","meta":{"_monsterinsights_skip_tracking":false,"_monsterinsights_sitenote_active":false,"_monsterinsights_sitenote_note":"","_monsterinsights_sitenote_category":0},"product_brand":[],"product_cat":[13365],"product_tag":[],"class_list":{"0":"post-782723","1":"product","2":"type-product","3":"status-publish","5":"product_cat-saglik","6":"pa_cilt-ciltsiz","7":"pa_tur-kitap","8":"pa_yayinevi-destek-yayinlari","9":"pa_yazar-banu-ciftci","11":"first","12":"instock","13":"sale","14":"shipping-taxable","15":"purchasable","16":"product-type-simple"},"_links":{"self":[{"href":"https:\/\/roveyayinevi.com.tr\/index.php\/wp-json\/wp\/v2\/product\/782723","targetHints":{"allow":["GET"]}}],"collection":[{"href":"https:\/\/roveyayinevi.com.tr\/index.php\/wp-json\/wp\/v2\/product"}],"about":[{"href":"https:\/\/roveyayinevi.com.tr\/index.php\/wp-json\/wp\/v2\/types\/product"}],"wp:attachment":[{"href":"https:\/\/roveyayinevi.com.tr\/index.php\/wp-json\/wp\/v2\/media?parent=782723"}],"wp:term":[{"taxonomy":"product_brand","embeddable":true,"href":"https:\/\/roveyayinevi.com.tr\/index.php\/wp-json\/wp\/v2\/product_brand?post=782723"},{"taxonomy":"product_cat","embeddable":true,"href":"https:\/\/roveyayinevi.com.tr\/index.php\/wp-json\/wp\/v2\/product_cat?post=782723"},{"taxonomy":"product_tag","embeddable":true,"href":"https:\/\/roveyayinevi.com.tr\/index.php\/wp-json\/wp\/v2\/product_tag?post=782723"}],"curies":[{"name":"wp","href":"https:\/\/api.w.org\/{rel}","templated":true}]}}