{"id":782722,"date":"2026-02-23T12:57:27","date_gmt":"2026-02-23T09:57:27","guid":{"rendered":"https:\/\/roveyayinevi.com.tr\/index.php\/urun\/insan-nasil-kaybeder-gazali\/"},"modified":"2026-04-15T03:46:04","modified_gmt":"2026-04-15T00:46:04","slug":"insan-nasil-kaybeder-gazali","status":"publish","type":"product","link":"https:\/\/roveyayinevi.com.tr\/index.php\/urun\/insan-nasil-kaybeder-gazali\/","title":{"rendered":"\u0130nsan Nas\u0131l Kaybeder? &#8211; Gazali"},"content":{"rendered":"<p>\u201cKendisinden a\u015fa\u011f\u0131 olana bak\u0131p rahatlayan kimse, hakikatte y\u00fckselmemi\u015ftir.\u201d   Gazali, insan\u0131n i\u00e7 d\u00fcnyas\u0131n\u0131 ciddiye alan bir d\u00fc\u015f\u00fcn\u00fcrd\u00fcr. Onu \u00f6nemli k\u0131lan \u015fey, bilgiyle kurdu\u011fu ili\u015fki kadar, insan\u0131n zaaflar\u0131n\u0131 ve kendini aldatma bi\u00e7imlerini bu kadar a\u00e7\u0131k g\u00f6rebilmesidir. Gazali\u2019ye g\u00f6re bilgi vazge\u00e7ilmezdir; ama tek ba\u015f\u0131na kurtar\u0131c\u0131 de\u011fildir. As\u0131l soru \u015fudur: Bilgi insan\u0131 daha uyan\u0131k ve sorumlu bir hayata m\u0131 ta\u015f\u0131r, yoksa ona sahte bir g\u00fcven mi verir? Gazali iyilik, niyet, ibadet, ak\u0131l ve kalp gibi kavramlar\u0131n ba\u015fl\u0131 ba\u015f\u0131na g\u00fcvenli olmad\u0131\u011f\u0131n\u0131 ifade eder. \u0130nsan, do\u011fru kavramlarla bile kendini aldatabilir. Onun metinlerinde dikkat \u00e7eken \u015fey, kavramlar\u0131n do\u011frulu\u011fundan \u00e7ok, insan\u0131n onlarla kurdu\u011fu ili\u015fkinin nas\u0131l de\u011fi\u015febildi\u011fidir.   \u0130nsan Nas\u0131l Kaybeder tam da bu bak\u0131\u015f a\u00e7\u0131s\u0131ndan hareketle Gazali\u2019nin metinlerini bug\u00fcn\u00fcn insan\u0131yla yeniden d\u00fc\u015f\u00fcnmeyi deniyor. Kayg\u0131, erteleme, kendini aldatma, al\u0131\u015fkanl\u0131klar\u0131n dinle\u015fmesi, duan\u0131n ve ibadetin i\u00e7inin bo\u015falmas\u0131, \u201ciyi niyet\u201din bir kalkan haline gelmesi gibi modern meseleler, Gazali\u2019nin i\u015faret etti\u011fi bu bozulma noktalar\u0131 \u00fczerinden ele al\u0131n\u0131yor. Gazali\u2019yi sloganlara s\u0131k\u0131\u015ft\u0131rmadan, romantize etmeden, ama onu bug\u00fcne yabanc\u0131la\u015ft\u0131rmadan okumak isteyenler i\u00e7in e\u015fsiz bir kaynak.<\/p>\n","protected":false},"excerpt":{"rendered":"<p>\u201cKendisinden a\u015fa\u011f\u0131 olana bak\u0131p rahatlayan kimse, hakikatte y\u00fckselmemi\u015ftir.\u201d Gazali, insan\u0131n i\u00e7 d\u00fcnyas\u0131n\u0131 ciddiye alan bir d\u00fc\u015f\u00fcn\u00fcrd\u00fcr. Onu \u00f6nemli k\u0131lan \u015fey, bilgiyle kurdu\u011fu ili\u015fki kadar, insan\u0131n zaaflar\u0131n\u0131<span class=\"excerpt-hellip\"> [\u2026]<\/span><\/p>\n","protected":false},"featured_media":0,"template":"","meta":{"_monsterinsights_skip_tracking":false,"_monsterinsights_sitenote_active":false,"_monsterinsights_sitenote_note":"","_monsterinsights_sitenote_category":0},"product_brand":[],"product_cat":[16038,12388],"product_tag":[],"class_list":{"0":"post-782722","1":"product","2":"type-product","3":"status-publish","5":"product_cat-arastirma-inceleme-referans-felsefe","6":"product_cat-felsefe","7":"pa_cilt-ciltsiz","8":"pa_tur-kitap","9":"pa_yayinevi-destek-yayinlari","10":"pa_yazar-mesud-topal","12":"first","13":"instock","14":"sale","15":"shipping-taxable","16":"purchasable","17":"product-type-simple"},"_links":{"self":[{"href":"https:\/\/roveyayinevi.com.tr\/index.php\/wp-json\/wp\/v2\/product\/782722","targetHints":{"allow":["GET"]}}],"collection":[{"href":"https:\/\/roveyayinevi.com.tr\/index.php\/wp-json\/wp\/v2\/product"}],"about":[{"href":"https:\/\/roveyayinevi.com.tr\/index.php\/wp-json\/wp\/v2\/types\/product"}],"wp:attachment":[{"href":"https:\/\/roveyayinevi.com.tr\/index.php\/wp-json\/wp\/v2\/media?parent=782722"}],"wp:term":[{"taxonomy":"product_brand","embeddable":true,"href":"https:\/\/roveyayinevi.com.tr\/index.php\/wp-json\/wp\/v2\/product_brand?post=782722"},{"taxonomy":"product_cat","embeddable":true,"href":"https:\/\/roveyayinevi.com.tr\/index.php\/wp-json\/wp\/v2\/product_cat?post=782722"},{"taxonomy":"product_tag","embeddable":true,"href":"https:\/\/roveyayinevi.com.tr\/index.php\/wp-json\/wp\/v2\/product_tag?post=782722"}],"curies":[{"name":"wp","href":"https:\/\/api.w.org\/{rel}","templated":true}]}}