{"id":782719,"date":"2026-02-23T12:57:20","date_gmt":"2026-02-23T09:57:20","guid":{"rendered":"https:\/\/roveyayinevi.com.tr\/index.php\/urun\/black-lagoon-4\/"},"modified":"2026-04-15T03:46:04","modified_gmt":"2026-04-15T00:46:04","slug":"black-lagoon-4","status":"publish","type":"product","link":"https:\/\/roveyayinevi.com.tr\/index.php\/urun\/black-lagoon-4\/","title":{"rendered":"Black Lagoon 4"},"content":{"rendered":"<p>Asya Denizlerinin En Delifi\u015fek Tayfas\u0131  Black Lagoon ekibi yeni g\u00f6revlerini tamamlamak i\u00e7in Tokyo\u2019ya gider. Balalaika, Rock\u2019\u0131 terc\u00fcman\u0131 olarak yan\u0131na al\u0131r, Revy ise onlar\u0131n korumal\u0131\u011f\u0131n\u0131 yapar. Bir yakuza ailesi olan Washimine, Black Lagoon ile anla\u015fma yapmak ister ama bu kolay olmayacakt\u0131r. Silahlar\u0131n do\u011frultulaca\u011f\u0131 taraf her an de\u011fi\u015fmektedir!&#8230; Gelmi\u015f ge\u00e7mi\u015f en delifi\u015fek kurye ekibiyle denize a\u00e7\u0131lmaya haz\u0131r olun! Patron Dutch, D\u00f6rt G\u00f6z Benny, \u00c7ift El Revy ve Japon Beyaz Yaka Rock ile g\u00fcverteye ho\u015f geldiniz! \u0130kinci D\u00fcnya Sava\u015f\u0131\u2019ndan kalma torpido gemisi Black Lagoon\u2019da binbir t\u00fcrl\u00fc macera, bu tayfay\u0131 bekliyor. Rus mafyas\u0131, \u00c7in mafyas\u0131 ve Kolombiyal\u0131 uyu\u015fturucu ka\u00e7ak\u00e7\u0131lar\u0131na bula\u015f\u0131p yasad\u0131\u015f\u0131 mallar\u0131n tesliminde de ba\u015flar\u0131 beladan kurtulmayan bu g\u00f6z\u00fc kara kuryelerin bir g\u00fcn\u00fc bile olays\u0131z ge\u00e7miyor&#8230;<\/p>\n","protected":false},"excerpt":{"rendered":"<p>Asya Denizlerinin En Delifi\u015fek Tayfas\u0131 Black Lagoon ekibi yeni g\u00f6revlerini tamamlamak i\u00e7in Tokyo\u2019ya gider. Balalaika, Rock\u2019\u0131 terc\u00fcman\u0131 olarak yan\u0131na al\u0131r, Revy ise onlar\u0131n korumal\u0131\u011f\u0131n\u0131 yapar. Bir<span class=\"excerpt-hellip\"> [\u2026]<\/span><\/p>\n","protected":false},"featured_media":0,"template":"","meta":{"_monsterinsights_skip_tracking":false,"_monsterinsights_sitenote_active":false,"_monsterinsights_sitenote_note":"","_monsterinsights_sitenote_category":0},"product_brand":[],"product_cat":[12416,12291],"product_tag":[],"class_list":{"0":"post-782719","1":"product","2":"type-product","3":"status-publish","5":"product_cat-cizgi-roman","6":"product_cat-edebiyat","7":"pa_cilt-ciltsiz","8":"pa_tur-kitap","9":"pa_yayinevi-athica-yayinlari","10":"pa_yazar-rei-hiroe","12":"first","13":"instock","14":"sale","15":"shipping-taxable","16":"purchasable","17":"product-type-simple"},"_links":{"self":[{"href":"https:\/\/roveyayinevi.com.tr\/index.php\/wp-json\/wp\/v2\/product\/782719","targetHints":{"allow":["GET"]}}],"collection":[{"href":"https:\/\/roveyayinevi.com.tr\/index.php\/wp-json\/wp\/v2\/product"}],"about":[{"href":"https:\/\/roveyayinevi.com.tr\/index.php\/wp-json\/wp\/v2\/types\/product"}],"wp:attachment":[{"href":"https:\/\/roveyayinevi.com.tr\/index.php\/wp-json\/wp\/v2\/media?parent=782719"}],"wp:term":[{"taxonomy":"product_brand","embeddable":true,"href":"https:\/\/roveyayinevi.com.tr\/index.php\/wp-json\/wp\/v2\/product_brand?post=782719"},{"taxonomy":"product_cat","embeddable":true,"href":"https:\/\/roveyayinevi.com.tr\/index.php\/wp-json\/wp\/v2\/product_cat?post=782719"},{"taxonomy":"product_tag","embeddable":true,"href":"https:\/\/roveyayinevi.com.tr\/index.php\/wp-json\/wp\/v2\/product_tag?post=782719"}],"curies":[{"name":"wp","href":"https:\/\/api.w.org\/{rel}","templated":true}]}}