{"id":782716,"date":"2026-02-23T12:57:15","date_gmt":"2026-02-23T09:57:15","guid":{"rendered":"https:\/\/roveyayinevi.com.tr\/index.php\/urun\/psikiyatrinin-dogusu\/"},"modified":"2026-04-15T03:46:04","modified_gmt":"2026-04-15T00:46:04","slug":"psikiyatrinin-dogusu","status":"publish","type":"product","link":"https:\/\/roveyayinevi.com.tr\/index.php\/urun\/psikiyatrinin-dogusu\/","title":{"rendered":"Psikiyatrinin Do\u011fu\u015fu"},"content":{"rendered":"<p>Deli, Frans\u0131z Devrimi\u2019nin kurdu\u011fu d\u00fczende bir sorun yarat\u0131r. Mant\u0131ks\u0131zl\u0131\u011f\u0131 nedeniyle yarg\u0131lanamaz, sorumsuzlu\u011fu nedeniyle cezaland\u0131r\u0131lamaz. Ama karga\u015faya neden oldu\u011fu i\u00e7in kontrol alt\u0131na al\u0131nmal\u0131 ve etkisiz hale getirilmelidir. Peki ama cezai yapt\u0131r\u0131mlar\u0131n d\u0131\u015f\u0131nda kalan istenmeyen davran\u0131\u015flar nas\u0131l azalt\u0131lacakt\u0131r?  Burjuva toplumu, kendi ilkelerini korumak i\u00e7in delili\u011fin zorlu\u011funu \u00fcstlenir. \u0130dari bo\u015fluklarda, ak\u0131l sa\u011fl\u0131\u011f\u0131 t\u0131bb\u0131 yeni bir sosyal ili\u015fki \u2013vesayet\u2013 dayat\u0131r. Ama\u00e7, delili\u011fi sosyal d\u00fczene d\u00e2hil etmektir; ancak bu, \u201cnormal\u201d bireyleri kontrol eden kurallardan farkl\u0131d\u0131r. \u0130lk sosyal t\u0131bb\u0131n hay\u0131rseverlik idealleri, bilginin g\u00fcc\u00fcyle birle\u015fir. 1838 yasas\u0131yla, ak\u0131l hastas\u0131 stat\u00fcs\u00fc ortaya \u00e7\u0131kar: tamamen yard\u0131ma muhta\u00e7, re\u015fit olmayan. Robert Castel, psikiyatrinin bu s\u00f6zde \u201calt\u0131n \u00e7a\u011f\u0131n\u0131\u201d \u00f6zg\u00fcrle\u015ftirici bir ilerleme olarak de\u011fil, bak\u0131m ve \u015fefkat dili alt\u0131nda kurumsalla\u015fm\u0131\u015f bir ba\u011f\u0131ml\u0131l\u0131k rejimi olarak ele al\u0131r. Psikiyatrinin Do\u011fu\u015fu, yaln\u0131zca XIX. y\u00fczy\u0131lda ak\u0131l hastal\u0131\u011f\u0131n\u0131n hukuki ve t\u0131bbi stat\u00fcs\u00fcn\u00fcn nas\u0131l kuruldu\u011funu de\u011fil, ayn\u0131 zamanda modern toplumlar\u0131n sosyal antagonizmalar\u0131 uzmanl\u0131k, vesayet ve tedavi mekanizmalar\u0131 arac\u0131l\u0131\u011f\u0131yla nas\u0131l y\u00f6netti\u011fini de g\u00f6zler \u00f6n\u00fcne serer. Bu kitap, psikiyatrinin tarihini yazarken, modern y\u00f6netimselli\u011fin en hassas fig\u00fcrlerinden biri olan \u201cdeli\u201d \u00fczerinden, iktidar, bilgi ve ba\u011f\u0131ml\u0131l\u0131k aras\u0131ndaki kal\u0131c\u0131 ba\u011f\u0131 a\u00e7\u0131\u011fa \u00e7\u0131kar\u0131r. \u201cBundan b\u00f6yle psikiyatri ge\u00e7mi\u015fiyle ya\u015famak zorundad\u0131r. Robert Castel bu ge\u00e7mi\u015fi g\u00fc\u00e7l\u00fc ve berrak bir sesle anlat\u0131yor. Korkar\u0131m bu, okuru inletecek: Psikiyatrist olmayan birinin, psikiyatrinin ink\u00e2r etmeyi tercih edece\u011fi bir ge\u00e7mi\u015fi yeniden kurmas\u0131. Ama bu genel bir ilkedir: tarih, bellek de\u011fildir.\u201d<\/p>\n","protected":false},"excerpt":{"rendered":"<p>Deli, Frans\u0131z Devrimi\u2019nin kurdu\u011fu d\u00fczende bir sorun yarat\u0131r. Mant\u0131ks\u0131zl\u0131\u011f\u0131 nedeniyle yarg\u0131lanamaz, sorumsuzlu\u011fu nedeniyle cezaland\u0131r\u0131lamaz. Ama karga\u015faya neden oldu\u011fu i\u00e7in kontrol alt\u0131na al\u0131nmal\u0131 ve etkisiz hale getirilmelidir.<span class=\"excerpt-hellip\"> [\u2026]<\/span><\/p>\n","protected":false},"featured_media":0,"template":"","meta":{"_monsterinsights_skip_tracking":false,"_monsterinsights_sitenote_active":false,"_monsterinsights_sitenote_note":"","_monsterinsights_sitenote_category":0},"product_brand":[],"product_cat":[12357],"product_tag":[],"class_list":{"0":"post-782716","1":"product","2":"type-product","3":"status-publish","5":"product_cat-psikoloji","6":"pa_cilt-ciltsiz","7":"pa_tur-kitap","8":"pa_yayinevi-nika-yayinevi","9":"pa_yazar-robert-castel","11":"first","12":"instock","13":"sale","14":"shipping-taxable","15":"purchasable","16":"product-type-simple"},"_links":{"self":[{"href":"https:\/\/roveyayinevi.com.tr\/index.php\/wp-json\/wp\/v2\/product\/782716","targetHints":{"allow":["GET"]}}],"collection":[{"href":"https:\/\/roveyayinevi.com.tr\/index.php\/wp-json\/wp\/v2\/product"}],"about":[{"href":"https:\/\/roveyayinevi.com.tr\/index.php\/wp-json\/wp\/v2\/types\/product"}],"wp:attachment":[{"href":"https:\/\/roveyayinevi.com.tr\/index.php\/wp-json\/wp\/v2\/media?parent=782716"}],"wp:term":[{"taxonomy":"product_brand","embeddable":true,"href":"https:\/\/roveyayinevi.com.tr\/index.php\/wp-json\/wp\/v2\/product_brand?post=782716"},{"taxonomy":"product_cat","embeddable":true,"href":"https:\/\/roveyayinevi.com.tr\/index.php\/wp-json\/wp\/v2\/product_cat?post=782716"},{"taxonomy":"product_tag","embeddable":true,"href":"https:\/\/roveyayinevi.com.tr\/index.php\/wp-json\/wp\/v2\/product_tag?post=782716"}],"curies":[{"name":"wp","href":"https:\/\/api.w.org\/{rel}","templated":true}]}}