{"id":782707,"date":"2026-02-23T12:56:57","date_gmt":"2026-02-23T09:56:57","guid":{"rendered":"https:\/\/roveyayinevi.com.tr\/index.php\/urun\/egitim-toplum-teknoloji-ve-cevre-iliskisi\/"},"modified":"2026-04-15T03:46:03","modified_gmt":"2026-04-15T00:46:03","slug":"egitim-toplum-teknoloji-ve-cevre-iliskisi","status":"publish","type":"product","link":"https:\/\/roveyayinevi.com.tr\/index.php\/urun\/egitim-toplum-teknoloji-ve-cevre-iliskisi\/","title":{"rendered":"E\u011fitim Toplum Teknoloji ve \u00c7evre \u0130li\u015fkisi"},"content":{"rendered":"<p>Toplumsal yap\u0131n\u0131n devam edebilmesi i\u00e7in e\u011fitimin bireyin sosyalle\u015fmesinde ve k\u00fclt\u00fcrel de\u011ferlerin kazand\u0131r\u0131lmas\u0131nda gerekli katk\u0131y\u0131 sa\u011flamas\u0131 gerekmektedir. E\u011fitimin i\u015flevleri ama\u00e7lara g\u00f6re de\u011fi\u015fir ve bi\u00e7imlenir. Ancak, e\u011fitimin toplumda de\u011fi\u015fmeyen genel i\u015flevleri de vard\u0131r. Klasik e\u011fitim, mikro e\u011fitimi \u00f6n plana \u00e7\u0131karmaktad\u0131r. Oysa g\u00fcn\u00fcm\u00fczde makro e\u011fitim; mikro e\u011fitim boyutlar\u0131n\u0131 a\u015farak insan\u0131n sadece okulda de\u011fil, ya\u015fam\u0131 boyunca s\u00fcrekli olarak e\u011fitimini \u00f6n plana \u00e7\u0131karm\u0131\u015ft\u0131r.  Makro e\u011fitim a\u00e7\u0131s\u0131ndan bak\u0131ld\u0131\u011f\u0131nda e\u011fitimin fonksiyonlar\u0131n\u0131 tam olarak yerine getirebilmesi i\u00e7in di\u011fer toplumsal kurumlardan da yararlanmas\u0131 gerekmektedir. E\u011fitimi hem olumlu hem de olumsuz etkileyen bu kurumlardan baz\u0131lar\u0131 \u015funlard\u0131r: sosyo-k\u00fclt\u00fcrel \u00e7evre, ekonomi, hukuk, siyaset, sosyoloji, din, sivil toplum \u00f6rg\u00fctleri, psikoloji, teknoloji ve insanla temas halinde olan do\u011fal \u00e7evre. Bu nedenle e\u011fitimin toplum, teknoloji ve \u00e7evre ile ili\u015fkisinin incelenmesi ve bilinmesi \u00f6nemlidir.<\/p>\n","protected":false},"excerpt":{"rendered":"<p>Toplumsal yap\u0131n\u0131n devam edebilmesi i\u00e7in e\u011fitimin bireyin sosyalle\u015fmesinde ve k\u00fclt\u00fcrel de\u011ferlerin kazand\u0131r\u0131lmas\u0131nda gerekli katk\u0131y\u0131 sa\u011flamas\u0131 gerekmektedir. E\u011fitimin i\u015flevleri ama\u00e7lara g\u00f6re de\u011fi\u015fir ve bi\u00e7imlenir. Ancak, e\u011fitimin toplumda<span class=\"excerpt-hellip\"> [\u2026]<\/span><\/p>\n","protected":false},"featured_media":0,"template":"","meta":{"_monsterinsights_skip_tracking":false,"_monsterinsights_sitenote_active":false,"_monsterinsights_sitenote_note":"","_monsterinsights_sitenote_category":0},"product_brand":[],"product_cat":[12573,12566],"product_tag":[],"class_list":{"0":"post-782707","1":"product","2":"type-product","3":"status-publish","5":"product_cat-akademik-kitaplar","6":"product_cat-egitim","7":"pa_cilt-ciltsiz","8":"pa_tur-kitap","9":"pa_yayinevi-ani-yayincilik","10":"pa_yazar-kolektif","12":"first","13":"instock","14":"sale","15":"shipping-taxable","16":"purchasable","17":"product-type-simple"},"_links":{"self":[{"href":"https:\/\/roveyayinevi.com.tr\/index.php\/wp-json\/wp\/v2\/product\/782707","targetHints":{"allow":["GET"]}}],"collection":[{"href":"https:\/\/roveyayinevi.com.tr\/index.php\/wp-json\/wp\/v2\/product"}],"about":[{"href":"https:\/\/roveyayinevi.com.tr\/index.php\/wp-json\/wp\/v2\/types\/product"}],"wp:attachment":[{"href":"https:\/\/roveyayinevi.com.tr\/index.php\/wp-json\/wp\/v2\/media?parent=782707"}],"wp:term":[{"taxonomy":"product_brand","embeddable":true,"href":"https:\/\/roveyayinevi.com.tr\/index.php\/wp-json\/wp\/v2\/product_brand?post=782707"},{"taxonomy":"product_cat","embeddable":true,"href":"https:\/\/roveyayinevi.com.tr\/index.php\/wp-json\/wp\/v2\/product_cat?post=782707"},{"taxonomy":"product_tag","embeddable":true,"href":"https:\/\/roveyayinevi.com.tr\/index.php\/wp-json\/wp\/v2\/product_tag?post=782707"}],"curies":[{"name":"wp","href":"https:\/\/api.w.org\/{rel}","templated":true}]}}