{"id":782706,"date":"2026-02-23T12:56:55","date_gmt":"2026-02-23T09:56:55","guid":{"rendered":"https:\/\/roveyayinevi.com.tr\/index.php\/urun\/okul-toplantilari-ve-yonetimi\/"},"modified":"2026-04-15T03:46:03","modified_gmt":"2026-04-15T00:46:03","slug":"okul-toplantilari-ve-yonetimi","status":"publish","type":"product","link":"https:\/\/roveyayinevi.com.tr\/index.php\/urun\/okul-toplantilari-ve-yonetimi\/","title":{"rendered":"Okul Toplant\u0131lar\u0131 ve Y\u00f6netimi"},"content":{"rendered":"<p>E\u011fitim kurumlar\u0131nda toplant\u0131lar, yaln\u0131zca g\u00fcndem maddelerinin ele al\u0131nd\u0131\u011f\u0131 rutin oturumlar de\u011fil; karar alma, planlama ve de\u011ferlendirme s\u00fcre\u00e7lerinin merkezinde yer alan kritik y\u00f6netim ara\u00e7lar\u0131d\u0131r. Bu kitap, okul toplant\u0131lar\u0131n\u0131n kavramsal temellerinden ba\u015flayarak, y\u00f6neticilerin rol ve yeterliklerini, toplant\u0131 y\u00f6netimi s\u00fcrecini ve e\u011fitim-\u00f6\u011fretim \u00fczerindeki etkilerini kapsaml\u0131 bir bak\u0131\u015f a\u00e7\u0131s\u0131yla ele almaktad\u0131r. Akademik teoriyi uygulamayla bulu\u015fturan i\u00e7erikleriyle, okuyuculara hem kuramsal hem de pratik bir perspektif sunmaktad\u0131r. Ara\u015ft\u0131rma ve uygulama odakl\u0131 yakla\u015f\u0131m\u0131yla kitap, okul m\u00fcd\u00fcrlerinin toplant\u0131 \u00f6ncesi haz\u0131rl\u0131klar\u0131ndan toplant\u0131 sonras\u0131 de\u011ferlendirmelerine kadar t\u00fcm s\u00fcreci detayl\u0131 bir \u015fekilde incelemekte, etkili ve kat\u0131l\u0131mc\u0131 bir toplant\u0131 k\u00fclt\u00fcr\u00fc olu\u015fturman\u0131n yollar\u0131n\u0131 g\u00f6stermektedir. E\u011fitim y\u00f6neticileri, \u00f6\u011fretmenler ve akademisyenler i\u00e7in de\u011ferli bir rehber niteli\u011findeki bu \u00e7al\u0131\u015fma, okul y\u00f6netiminde verimlili\u011fi art\u0131rmay\u0131, karar alma s\u00fcre\u00e7lerini g\u00fc\u00e7lendirmeyi ve e\u011fitim ortamlar\u0131n\u0131 daha etkin k\u0131lmay\u0131 ama\u00e7lamaktad\u0131r.<\/p>\n","protected":false},"excerpt":{"rendered":"<p>E\u011fitim kurumlar\u0131nda toplant\u0131lar, yaln\u0131zca g\u00fcndem maddelerinin ele al\u0131nd\u0131\u011f\u0131 rutin oturumlar de\u011fil; karar alma, planlama ve de\u011ferlendirme s\u00fcre\u00e7lerinin merkezinde yer alan kritik y\u00f6netim ara\u00e7lar\u0131d\u0131r. Bu kitap, okul<span class=\"excerpt-hellip\"> [\u2026]<\/span><\/p>\n","protected":false},"featured_media":0,"template":"","meta":{"_monsterinsights_skip_tracking":false,"_monsterinsights_sitenote_active":false,"_monsterinsights_sitenote_note":"","_monsterinsights_sitenote_category":0},"product_brand":[],"product_cat":[12573,12566],"product_tag":[],"class_list":{"0":"post-782706","1":"product","2":"type-product","3":"status-publish","5":"product_cat-akademik-kitaplar","6":"product_cat-egitim","7":"pa_cilt-ciltsiz","8":"pa_tur-kitap","9":"pa_yayinevi-ani-yayincilik","10":"pa_yazar-alper-sakalli","11":"pa_yazar-ertug-can","13":"first","14":"instock","15":"sale","16":"shipping-taxable","17":"purchasable","18":"product-type-simple"},"_links":{"self":[{"href":"https:\/\/roveyayinevi.com.tr\/index.php\/wp-json\/wp\/v2\/product\/782706","targetHints":{"allow":["GET"]}}],"collection":[{"href":"https:\/\/roveyayinevi.com.tr\/index.php\/wp-json\/wp\/v2\/product"}],"about":[{"href":"https:\/\/roveyayinevi.com.tr\/index.php\/wp-json\/wp\/v2\/types\/product"}],"wp:attachment":[{"href":"https:\/\/roveyayinevi.com.tr\/index.php\/wp-json\/wp\/v2\/media?parent=782706"}],"wp:term":[{"taxonomy":"product_brand","embeddable":true,"href":"https:\/\/roveyayinevi.com.tr\/index.php\/wp-json\/wp\/v2\/product_brand?post=782706"},{"taxonomy":"product_cat","embeddable":true,"href":"https:\/\/roveyayinevi.com.tr\/index.php\/wp-json\/wp\/v2\/product_cat?post=782706"},{"taxonomy":"product_tag","embeddable":true,"href":"https:\/\/roveyayinevi.com.tr\/index.php\/wp-json\/wp\/v2\/product_tag?post=782706"}],"curies":[{"name":"wp","href":"https:\/\/api.w.org\/{rel}","templated":true}]}}