{"id":782705,"date":"2026-02-23T12:56:53","date_gmt":"2026-02-23T09:56:53","guid":{"rendered":"https:\/\/roveyayinevi.com.tr\/index.php\/urun\/isyan-caginda-teolojinin-sozu\/"},"modified":"2026-04-15T03:46:02","modified_gmt":"2026-04-15T00:46:02","slug":"isyan-caginda-teolojinin-sozu","status":"publish","type":"product","link":"https:\/\/roveyayinevi.com.tr\/index.php\/urun\/isyan-caginda-teolojinin-sozu\/","title":{"rendered":"\u0130syan \u00c7a\u011f\u0131nda Teolojinin S\u00f6z\u00fc"},"content":{"rendered":"<p>Juan Donoso Cort\u00e9s\u2019in bu eseri, onun olgunluk d\u00f6neminin en berrak metinlerinden olu\u015fur. Cort\u00e9s bu sayfalarda modern d\u00fcnyan\u0131n fikr\u00ee ve siyasi temellerini sorgular; on dokuzuncu y\u00fczy\u0131l Avrupas\u0131\u2019n\u0131n h\u0131zla sek\u00fclerle\u015fen zihniyetine kar\u015f\u0131, siyaseti teolojiden koparan her yakla\u015f\u0131m\u0131n insan\u0131 ve toplumu derin bir krize s\u00fcr\u00fckledi\u011fini savunur. Ona g\u00f6re liberalizm ve sosyalizm, kurtulu\u015f vaat eden ideolojiler de\u011fil; insan\u0131n Tanr\u0131\u2019dan kopu\u015funun farkl\u0131 tezah\u00fcrleridir. \u0130nanc\u0131n terk edildi\u011fi noktada ise \u00f6zg\u00fcrl\u00fck, yerini anar\u015fi ve zorbal\u0131\u011fa b\u0131rak\u0131r. Bug\u00fcn Donoso Cort\u00e9s\u2019i okumay\u0131 \u00f6nemli k\u0131lan, modernli\u011fe y\u00f6neltti\u011fi bu k\u00f6kl\u00fc sorgulamad\u0131r. Elinizdeki metin bir Katoliklik savunusu de\u011fildir, inanc\u0131n toplum hayat\u0131ndaki kurucu rol\u00fcn\u00fc merkeze alan bir muhasebedir. Tanzimat\u2019tan bu yana s\u00fcregelen devlet-din gerilimi ve modernle\u015fme tecr\u00fcbesi, Donoso\u2019nun d\u00fc\u015f\u00fcncesiyle okundu\u011funda yeni bir anlam kazan\u0131r. Onu okumak, Bat\u0131\u2019ya ait bir fikri ithal etmekten ziyade, modernli\u011fe kar\u015f\u0131 duru\u015fumuzu yeniden d\u00fc\u015f\u00fcnmek anlam\u0131na gelir. Zira Cort\u00e9s\u2019in uyar\u0131s\u0131 bug\u00fcn h\u00e2l\u00e2 ge\u00e7erlidir: \u201c\u0130nsan Tanr\u0131\u2019y\u0131 unuttu\u011funda, yeni putlar \u00fcretir ve sonunda onlara teslim olur.\u201d<\/p>\n","protected":false},"excerpt":{"rendered":"<p>Juan Donoso Cort\u00e9s\u2019in bu eseri, onun olgunluk d\u00f6neminin en berrak metinlerinden olu\u015fur. Cort\u00e9s bu sayfalarda modern d\u00fcnyan\u0131n fikr\u00ee ve siyasi temellerini sorgular; on dokuzuncu y\u00fczy\u0131l Avrupas\u0131\u2019n\u0131n<span class=\"excerpt-hellip\"> [\u2026]<\/span><\/p>\n","protected":false},"featured_media":0,"template":"","meta":{"_monsterinsights_skip_tracking":false,"_monsterinsights_sitenote_active":false,"_monsterinsights_sitenote_note":"","_monsterinsights_sitenote_category":0},"product_brand":[],"product_cat":[26663],"product_tag":[],"class_list":{"0":"post-782705","1":"product","2":"type-product","3":"status-publish","5":"product_cat-undefined","6":"pa_cilt-ciltsiz","7":"pa_tur-kitap","8":"pa_yayinevi-paradigma-yayinlari","9":"pa_yazar-juan-donoso-cortes","11":"first","12":"instock","13":"sale","14":"shipping-taxable","15":"purchasable","16":"product-type-simple"},"_links":{"self":[{"href":"https:\/\/roveyayinevi.com.tr\/index.php\/wp-json\/wp\/v2\/product\/782705","targetHints":{"allow":["GET"]}}],"collection":[{"href":"https:\/\/roveyayinevi.com.tr\/index.php\/wp-json\/wp\/v2\/product"}],"about":[{"href":"https:\/\/roveyayinevi.com.tr\/index.php\/wp-json\/wp\/v2\/types\/product"}],"wp:attachment":[{"href":"https:\/\/roveyayinevi.com.tr\/index.php\/wp-json\/wp\/v2\/media?parent=782705"}],"wp:term":[{"taxonomy":"product_brand","embeddable":true,"href":"https:\/\/roveyayinevi.com.tr\/index.php\/wp-json\/wp\/v2\/product_brand?post=782705"},{"taxonomy":"product_cat","embeddable":true,"href":"https:\/\/roveyayinevi.com.tr\/index.php\/wp-json\/wp\/v2\/product_cat?post=782705"},{"taxonomy":"product_tag","embeddable":true,"href":"https:\/\/roveyayinevi.com.tr\/index.php\/wp-json\/wp\/v2\/product_tag?post=782705"}],"curies":[{"name":"wp","href":"https:\/\/api.w.org\/{rel}","templated":true}]}}