{"id":782704,"date":"2026-02-23T12:56:52","date_gmt":"2026-02-23T09:56:52","guid":{"rendered":"https:\/\/roveyayinevi.com.tr\/index.php\/urun\/antik-yunan-dinine-felsefi-bir-giris\/"},"modified":"2026-04-15T03:46:02","modified_gmt":"2026-04-15T00:46:02","slug":"antik-yunan-dinine-felsefi-bir-giris","status":"publish","type":"product","link":"https:\/\/roveyayinevi.com.tr\/index.php\/urun\/antik-yunan-dinine-felsefi-bir-giris\/","title":{"rendered":"Antik Yunan Dinine  Felsefi Bir Giri\u015f"},"content":{"rendered":"<p>\u0130lk \u00c7a\u011f felsefesi \u00e7o\u011fu zaman, bir sabah uyan\u0131p evrenin s\u0131rr\u0131n\u0131 sorgulamaya ba\u015flayan filozoflar\u0131n hik\u00e2yesi gibi anlat\u0131l\u0131r. Ders kitaplar\u0131nda Thales sahneye \u00e7\u0131kar, her \u015feyin k\u00f6keninin su oldu\u011funu s\u00f6yler; ard\u0131ndan Anaksimenes her \u015feyin kayna\u011f\u0131n\u0131n hava oldu\u011funu iddia eder. Bir noktada Sokrates, Platon ve Aristoteles s\u00f6z\u00fc al\u0131r; felsefi ilgi insana ve politikaya y\u00f6nelir&#8230; B\u00f6ylece felsefe tarihi, birbirinden kopuk fikirlerin art arda dizilmesi gibi g\u00f6r\u00fcn\u00fcr.Peki ya ger\u00e7ekte olan bu kadar basit miydi?G\u00fcn\u00fcn birinde arkhe soru\u015fturmas\u0131yla felsefe tarihi sahnesine \u00e7\u0131kan bu filozoflar nas\u0131l bir d\u00fcnyaya do\u011fmu\u015flard\u0131? Ne yemi\u015f, ne i\u00e7mi\u015fler, atalar\u0131n\u0131 neye inan\u0131rken bulmu\u015flard\u0131? Her \u015feyin ilk ilkesini aramaya koyulan bu insanlar, hangi din\u00ee-k\u00fclt\u00fcrel miras\u0131n i\u00e7inden y\u00fckselmi\u015flerdi? Ve bu miras hangi a\u015famada onlar\u0131n sorular\u0131na cevap veremez h\u00e2le gelmi\u015fti?Felsefe tarihini yaln\u0131zca fikirlerin kronolojisi olarak de\u011fil, bu fikirleri m\u00fcmk\u00fcn k\u0131lan k\u00fclt\u00fcrel d\u00fcnyan\u0131n bir yans\u0131mas\u0131 olarak okuyan \u00e7al\u0131\u015fmalar dilimizde say\u0131ca epey azd\u0131r. Antik Yunan Dinine Felsefi Bir Giri\u015f: Tanr\u0131lar, Rit\u00fceller, Gizemler i\u015fte bu eksi\u011fi tamamlamay\u0131 ama\u00e7lamaktad\u0131r. Eser, dinler tarihi ile felsefe tarihi aras\u0131ndaki bo\u015flu\u011fu, antik Yunan\u2019\u0131n din\u00ee ve d\u00fc\u015f\u00fcnsel atmosferi \u00fczerinden yeniden kurarak, iki anlat\u0131 aras\u0131nda sa\u011flam bir k\u00f6pr\u00fc in\u015fa etmektedir.<\/p>\n","protected":false},"excerpt":{"rendered":"<p>\u0130lk \u00c7a\u011f felsefesi \u00e7o\u011fu zaman, bir sabah uyan\u0131p evrenin s\u0131rr\u0131n\u0131 sorgulamaya ba\u015flayan filozoflar\u0131n hik\u00e2yesi gibi anlat\u0131l\u0131r. Ders kitaplar\u0131nda Thales sahneye \u00e7\u0131kar, her \u015feyin k\u00f6keninin su oldu\u011funu<span class=\"excerpt-hellip\"> [\u2026]<\/span><\/p>\n","protected":false},"featured_media":0,"template":"","meta":{"_monsterinsights_skip_tracking":false,"_monsterinsights_sitenote_active":false,"_monsterinsights_sitenote_note":"","_monsterinsights_sitenote_category":0},"product_brand":[],"product_cat":[12388,14717],"product_tag":[],"class_list":{"0":"post-782704","1":"product","2":"type-product","3":"status-publish","5":"product_cat-felsefe","6":"product_cat-felsefe-tarihi","7":"pa_cilt-ciltsiz","8":"pa_tur-kitap","9":"pa_yayinevi-paradigma-yayinlari","10":"pa_yazar-seyma-komurcuoglu","12":"first","13":"instock","14":"sale","15":"shipping-taxable","16":"purchasable","17":"product-type-simple"},"_links":{"self":[{"href":"https:\/\/roveyayinevi.com.tr\/index.php\/wp-json\/wp\/v2\/product\/782704","targetHints":{"allow":["GET"]}}],"collection":[{"href":"https:\/\/roveyayinevi.com.tr\/index.php\/wp-json\/wp\/v2\/product"}],"about":[{"href":"https:\/\/roveyayinevi.com.tr\/index.php\/wp-json\/wp\/v2\/types\/product"}],"wp:attachment":[{"href":"https:\/\/roveyayinevi.com.tr\/index.php\/wp-json\/wp\/v2\/media?parent=782704"}],"wp:term":[{"taxonomy":"product_brand","embeddable":true,"href":"https:\/\/roveyayinevi.com.tr\/index.php\/wp-json\/wp\/v2\/product_brand?post=782704"},{"taxonomy":"product_cat","embeddable":true,"href":"https:\/\/roveyayinevi.com.tr\/index.php\/wp-json\/wp\/v2\/product_cat?post=782704"},{"taxonomy":"product_tag","embeddable":true,"href":"https:\/\/roveyayinevi.com.tr\/index.php\/wp-json\/wp\/v2\/product_tag?post=782704"}],"curies":[{"name":"wp","href":"https:\/\/api.w.org\/{rel}","templated":true}]}}