{"id":782703,"date":"2026-02-23T12:56:49","date_gmt":"2026-02-23T09:56:49","guid":{"rendered":"https:\/\/roveyayinevi.com.tr\/index.php\/urun\/atmacanin-asi\/"},"modified":"2026-04-15T03:46:02","modified_gmt":"2026-04-15T00:46:02","slug":"atmacanin-asi","status":"publish","type":"product","link":"https:\/\/roveyayinevi.com.tr\/index.php\/urun\/atmacanin-asi\/","title":{"rendered":"Atmacan\u0131n A&#8217;s\u0131"},"content":{"rendered":"<p>\u201cBir insanla bir hayvan\u0131n kar\u015f\u0131la\u015fmas\u0131na dair \u015fimdiye dek yaz\u0131lm\u0131\u015f en sars\u0131c\u0131 anlat\u0131lardan biri.\u201d \u2013SIMON WORRALL   ULUSAL K\u0130TAP ELE\u015eT\u0130RMENLER\u0130 B\u0130RL\u0130\u011e\u0130 F\u0130NAL\u0130ST\u0130 KIRKUS PRIZE KURGU DI\u015eI F\u0130NAL\u0130ST\u0130 ANDREW CARNEGIE MADALYASI KURGU DI\u015eI F\u0130NAL\u0130ST\u0130 COSTA YILIN K\u0130TABI \u00d6D\u00dcL\u00dc SAMUEL JOHNSON \u00d6D\u00dcL\u00dc NEW YORK TIMES 21. Y\u00dcZYILIN EN \u0130Y\u0130 100 K\u0130TANI SE\u00c7K\u0130S\u0130   Babas\u0131 aniden \u00f6ld\u00fc\u011f\u00fcnde, Helen Macdonald ondan beklendi\u011fi \u015fekilde yas tutmay\u0131 reddeder. Her \u015feyi kenara b\u0131rak\u0131p kurtulu\u015fu kimsenin d\u00fc\u015f\u00fcnmeyece\u011fi bir yerde aramaya karar verir: Vah\u015fi bir atmaca al\u0131p onu ehlile\u015ftirmek.   Ad\u0131n\u0131 Mabel koyar.   Asla tamamen ehlile\u015ftirilemeyecek, safi i\u00e7g\u00fcd\u00fcden ibaret bu y\u0131rt\u0131c\u0131 ku\u015fun mizac\u0131 asl\u0131nda Helen&#8217;\u0131n duygular\u0131n\u0131n aynas\u0131d\u0131r. Ac\u0131n\u0131n ve vah\u015fili\u011fin derinliklerine do\u011fru, yazar\u0131 \u00f6nce delili\u011fin s\u0131n\u0131r\u0131na g\u00f6t\u00fcrecek sonras\u0131nda ise hayat\u0131n\u0131 d\u00f6n\u00fc\u015ft\u00fcrecek bir ke\u015fif yolculu\u011fu ba\u015flar.   Sat\u0131\u015f rekorlar\u0131 k\u0131ran ve \u015fimdiden bir 21. y\u00fczy\u0131l klasiklerinden g\u00f6r\u00fclen Atmacan\u0131n A&#8217;s\u0131, do\u011fa ve insanl\u0131k \u00fczerine bug\u00fcne dek yaz\u0131lm\u0131\u015f en nefes kesici metinlerden biri. Ya\u015fam ile \u00f6l\u00fcm\u00fcn nas\u0131l uzla\u015ft\u0131r\u0131laca\u011f\u0131na dair zarif bir ders.   &#8220;Atmacan\u0131n A\u2019s\u0131, do\u011fa yaz\u0131n\u0131n\u0131n yaln\u0131zca d\u00fcnyay\u0131 anlatmakla kalmay\u0131p onun en mahrem yanlar\u0131n\u0131 da g\u00f6zler \u00f6n\u00fcne serebilece\u011fini hat\u0131rlat\u0131yor. Kitap \u00f6ylesine iyi ki \u00e2deta okumak insan\u0131n can\u0131n\u0131 ac\u0131t\u0131yor. Ama bu ac\u0131, iyile\u015ftirici t\u00fcrden&#8230; Ger\u00e7ek bir klasik.&#8221; \u2013NEW YORK TIMES<\/p>\n","protected":false},"excerpt":{"rendered":"<p>\u201cBir insanla bir hayvan\u0131n kar\u015f\u0131la\u015fmas\u0131na dair \u015fimdiye dek yaz\u0131lm\u0131\u015f en sars\u0131c\u0131 anlat\u0131lardan biri.\u201d \u2013SIMON WORRALL ULUSAL K\u0130TAP ELE\u015eT\u0130RMENLER\u0130 B\u0130RL\u0130\u011e\u0130 F\u0130NAL\u0130ST\u0130 KIRKUS PRIZE KURGU DI\u015eI F\u0130NAL\u0130ST\u0130 ANDREW<span class=\"excerpt-hellip\"> [\u2026]<\/span><\/p>\n","protected":false},"featured_media":0,"template":"","meta":{"_monsterinsights_skip_tracking":false,"_monsterinsights_sitenote_active":false,"_monsterinsights_sitenote_note":"","_monsterinsights_sitenote_category":0},"product_brand":[],"product_cat":[13701,12291],"product_tag":[],"class_list":{"0":"post-782703","1":"product","2":"type-product","3":"status-publish","5":"product_cat-ani-mektup-gunluk","6":"product_cat-edebiyat","7":"pa_cilt-ciltsiz","8":"pa_tur-kitap","9":"pa_yayinevi-domingo-yayinevi","10":"pa_yazar-helen-macdonald","12":"first","13":"instock","14":"sale","15":"shipping-taxable","16":"purchasable","17":"product-type-simple"},"_links":{"self":[{"href":"https:\/\/roveyayinevi.com.tr\/index.php\/wp-json\/wp\/v2\/product\/782703","targetHints":{"allow":["GET"]}}],"collection":[{"href":"https:\/\/roveyayinevi.com.tr\/index.php\/wp-json\/wp\/v2\/product"}],"about":[{"href":"https:\/\/roveyayinevi.com.tr\/index.php\/wp-json\/wp\/v2\/types\/product"}],"wp:attachment":[{"href":"https:\/\/roveyayinevi.com.tr\/index.php\/wp-json\/wp\/v2\/media?parent=782703"}],"wp:term":[{"taxonomy":"product_brand","embeddable":true,"href":"https:\/\/roveyayinevi.com.tr\/index.php\/wp-json\/wp\/v2\/product_brand?post=782703"},{"taxonomy":"product_cat","embeddable":true,"href":"https:\/\/roveyayinevi.com.tr\/index.php\/wp-json\/wp\/v2\/product_cat?post=782703"},{"taxonomy":"product_tag","embeddable":true,"href":"https:\/\/roveyayinevi.com.tr\/index.php\/wp-json\/wp\/v2\/product_tag?post=782703"}],"curies":[{"name":"wp","href":"https:\/\/api.w.org\/{rel}","templated":true}]}}