{"id":782701,"date":"2026-02-23T12:55:31","date_gmt":"2026-02-23T09:55:31","guid":{"rendered":"https:\/\/roveyayinevi.com.tr\/index.php\/urun\/kendilik-ulkesi\/"},"modified":"2026-04-15T03:46:02","modified_gmt":"2026-04-15T00:46:02","slug":"kendilik-ulkesi","status":"publish","type":"product","link":"https:\/\/roveyayinevi.com.tr\/index.php\/urun\/kendilik-ulkesi\/","title":{"rendered":"Kendilik \u00dclkesi"},"content":{"rendered":"<p>Kendinden uzak bir hayat seni nereye g\u00f6t\u00fcr\u00fcr? Bazen ba\u015fkalar\u0131n\u0131n beklentilerine yeti\u015fmeye u\u011fra\u015f\u0131rken kendi hik\u00e2yemizin izini kaybederiz. Oysa bu hayat senin. E\u011fer sahip \u00e7\u0131kmazsan ba\u015fkalar\u0131n\u0131n iyi niyetle kurgulad\u0131\u011f\u0131 bir \u00f6devi ya\u015famaya ba\u015flars\u0131n; ad\u0131 sana ama \u00f6z\u00fc ba\u015fkas\u0131na ait bir hayat\u0131. Oysa ancak kendimize ait bir hayat\u0131 ya\u015fad\u0131\u011f\u0131m\u0131zda ger\u00e7ekten var oluruz. Kendilik \u00dclkesi kendi hayat\u0131n\u0131n sorumlulu\u011funu; hayat\u0131n bir yar\u0131\u015f ya da bir proje de\u011fil i\u00e7sel bir yolculuk oldu\u011funu hat\u0131rlat\u0131yor. Kendi sesini bulmak, kendi kararlar\u0131n\u0131 vermek ve sonunda kendi ya\u015fam\u0131na sahip \u00e7\u0131kmak i\u00e7in bir \u00e7a\u011fr\u0131 bu. Ya\u015famak bir \u00f6m\u00fcrl\u00fck aray\u0131\u015ft\u0131r; insan ancak kendine d\u00fcr\u00fcst oldu\u011funda bu aray\u0131\u015f anlam kazan\u0131r. Filozoflar\u0131n, \u015fairlerin ve s\u0131radan insanlar\u0131n ortak sorusu yank\u0131lan\u0131yor elinizdeki kitab\u0131n sayfalar\u0131nda: Kendinden uzak bir hayat do\u011fru \u015fekilde ya\u015fanabilir mi? Cevap ise belki de kendiniz olmay\u0131 se\u00e7ti\u011finiz her anda gizlidir.<\/p>\n","protected":false},"excerpt":{"rendered":"<p>Kendinden uzak bir hayat seni nereye g\u00f6t\u00fcr\u00fcr? Bazen ba\u015fkalar\u0131n\u0131n beklentilerine yeti\u015fmeye u\u011fra\u015f\u0131rken kendi hik\u00e2yemizin izini kaybederiz. Oysa bu hayat senin. E\u011fer sahip \u00e7\u0131kmazsan ba\u015fkalar\u0131n\u0131n iyi niyetle<span class=\"excerpt-hellip\"> [\u2026]<\/span><\/p>\n","protected":false},"featured_media":0,"template":"","meta":{"_monsterinsights_skip_tracking":false,"_monsterinsights_sitenote_active":false,"_monsterinsights_sitenote_note":"","_monsterinsights_sitenote_category":0},"product_brand":[],"product_cat":[12755,12357],"product_tag":[],"class_list":{"0":"post-782701","1":"product","2":"type-product","3":"status-publish","5":"product_cat-gelisim-psikolojisi","6":"product_cat-psikoloji","7":"pa_cilt-ciltsiz","8":"pa_tur-kitap","9":"pa_yayinevi-dekalog-yayinlari","10":"pa_yazar-rabia-yavuz","12":"first","13":"instock","14":"sale","15":"shipping-taxable","16":"purchasable","17":"product-type-simple"},"_links":{"self":[{"href":"https:\/\/roveyayinevi.com.tr\/index.php\/wp-json\/wp\/v2\/product\/782701","targetHints":{"allow":["GET"]}}],"collection":[{"href":"https:\/\/roveyayinevi.com.tr\/index.php\/wp-json\/wp\/v2\/product"}],"about":[{"href":"https:\/\/roveyayinevi.com.tr\/index.php\/wp-json\/wp\/v2\/types\/product"}],"wp:attachment":[{"href":"https:\/\/roveyayinevi.com.tr\/index.php\/wp-json\/wp\/v2\/media?parent=782701"}],"wp:term":[{"taxonomy":"product_brand","embeddable":true,"href":"https:\/\/roveyayinevi.com.tr\/index.php\/wp-json\/wp\/v2\/product_brand?post=782701"},{"taxonomy":"product_cat","embeddable":true,"href":"https:\/\/roveyayinevi.com.tr\/index.php\/wp-json\/wp\/v2\/product_cat?post=782701"},{"taxonomy":"product_tag","embeddable":true,"href":"https:\/\/roveyayinevi.com.tr\/index.php\/wp-json\/wp\/v2\/product_tag?post=782701"}],"curies":[{"name":"wp","href":"https:\/\/api.w.org\/{rel}","templated":true}]}}