{"id":782699,"date":"2026-02-23T12:55:26","date_gmt":"2026-02-23T09:55:26","guid":{"rendered":"https:\/\/roveyayinevi.com.tr\/index.php\/urun\/tasavvuf-metafizigi-miftahul-gayb\/"},"modified":"2026-04-15T03:45:59","modified_gmt":"2026-04-15T00:45:59","slug":"tasavvuf-metafizigi-miftahul-gayb","status":"publish","type":"product","link":"https:\/\/roveyayinevi.com.tr\/index.php\/urun\/tasavvuf-metafizigi-miftahul-gayb\/","title":{"rendered":"Tasavvuf Metafizi\u011fi Miftahu\u2019l-gayb"},"content":{"rendered":"<p>Elinizdeki kitap, Allah ve insan ili\u015fkilerini a\u00e7\u0131klamak ve Allah hakk\u0131ndaki bilginin, insan\u0131n kem\u00e2liyle ili\u015fkisini g\u00f6stermek \u00fczere yaz\u0131lm\u0131\u015f bir metafizik eserdir. Kitab\u0131n ismi Metafizik fakat \u00f6teden beri kullan\u0131lagelmi\u015f olmas\u0131 haliyle Tasavvuf Metafizi\u011fi (Mift\u00e2hu\u2019l-gayb) olarak verilmi\u015ftir. M\u00fcsl\u00fcman d\u00fc\u015f\u00fcnce tarihinin en m\u00fcstesna isimlerinden birisi olan \u2018\u015feyh-i kebir\u2019 lakab\u0131yla bilinen Sadreddin Konev\u00ee bu m\u00fchim eserinde metafizik miras\u0131 dikkate alarak metafizi\u011fi son kez fakat yeni bir g\u00f6zle kaleme almaktad\u0131r. Art\u0131k ondan sonra bir daha b\u00f6yle bir eserin yaz\u0131lmas\u0131na \u00f6nce gerek kalm\u0131yor, sonra ise d\u00fc\u015f\u00fcnce tarihindeki k\u0131r\u0131lmalar nedeniyle gerek kalm\u0131yor. Konev\u00ee\u2019nin g\u00f6z\u00fc yenidir. \u00c7\u00fcnk\u00fc Konev\u00ee, \u0130bn\u00fc\u2019l-Arab\u00ee ile birlikte d\u00fc\u015f\u00fcnce tarihinin en yetkin evresinde ya\u015fad\u0131\u011f\u0131n\u0131 d\u00fc\u015f\u00fcn\u00fcr. Belki de d\u00fc\u015f\u00fcnce tarihinde hi\u00e7 \u015fahit olamayaca\u011f\u0131m\u0131z iddiayla metafizi\u011fin tam ve yetkin halinin bu kitapta yaz\u0131lm\u0131\u015f  olabilece\u011fini s\u00f6ylemektedir. Mift\u00e2hu\u2019l-gayb, Fus\u00fbs\u00fc\u2019l-hikem ile birlikte \u0130slam d\u00fc\u015f\u00fcnce tarihinin de en etkili ve \u00f6nemli birka\u00e7 eserinden biri haline gelmi\u015ftir. Bu kitab\u0131 okumak, Tanr\u0131 hakk\u0131ndaki en b\u00fcy\u00fck d\u00fc\u015f\u00fcncelere \u015fahitlik etme, il\u00e2h\u00ee isimler hakk\u0131na en sahih bilgiye ula\u015fma imk\u00e2n\u0131 verecektir. Konev\u00ee\u2019nin nispeten \u00e7etin bir \u00fcslupla kaleme ald\u0131\u011f\u0131 bu eser, kendisinden sonra benzerinin yaz\u0131lmad\u0131\u011f\u0131 nadir eserlerden biri olarak d\u00fc\u015f\u00fcnce tarihindeki yerini alm\u0131\u015ft\u0131r. Bu nedenle elinizdeki kitab\u0131 okumak, b\u00fcy\u00fck bir miras\u0131n y\u00fcksek bir idrakle nas\u0131l yorumland\u0131\u011f\u0131n\u0131 ve yeni d\u00fc\u015f\u00fcncelerin bu mirasa nas\u0131l kat\u0131ld\u0131\u011f\u0131n\u0131 g\u00f6rmeye imk\u00e2n verecektir.<\/p>\n","protected":false},"excerpt":{"rendered":"<p>Elinizdeki kitap, Allah ve insan ili\u015fkilerini a\u00e7\u0131klamak ve Allah hakk\u0131ndaki bilginin, insan\u0131n kem\u00e2liyle ili\u015fkisini g\u00f6stermek \u00fczere yaz\u0131lm\u0131\u015f bir metafizik eserdir. Kitab\u0131n ismi Metafizik fakat \u00f6teden beri<span class=\"excerpt-hellip\"> [\u2026]<\/span><\/p>\n","protected":false},"featured_media":0,"template":"","meta":{"_monsterinsights_skip_tracking":false,"_monsterinsights_sitenote_active":false,"_monsterinsights_sitenote_note":"","_monsterinsights_sitenote_category":0},"product_brand":[],"product_cat":[12718,12719,15238],"product_tag":[],"class_list":{"0":"post-782699","1":"product","2":"type-product","3":"status-publish","5":"product_cat-din","6":"product_cat-islam","7":"product_cat-tasavvuf","8":"pa_cilt-ciltsiz","9":"pa_tur-kitap","10":"pa_yayinevi-fikriyat-yayinlari","11":"pa_yazar-sadrettin-konevi","13":"first","14":"instock","15":"sale","16":"shipping-taxable","17":"purchasable","18":"product-type-simple"},"_links":{"self":[{"href":"https:\/\/roveyayinevi.com.tr\/index.php\/wp-json\/wp\/v2\/product\/782699","targetHints":{"allow":["GET"]}}],"collection":[{"href":"https:\/\/roveyayinevi.com.tr\/index.php\/wp-json\/wp\/v2\/product"}],"about":[{"href":"https:\/\/roveyayinevi.com.tr\/index.php\/wp-json\/wp\/v2\/types\/product"}],"wp:attachment":[{"href":"https:\/\/roveyayinevi.com.tr\/index.php\/wp-json\/wp\/v2\/media?parent=782699"}],"wp:term":[{"taxonomy":"product_brand","embeddable":true,"href":"https:\/\/roveyayinevi.com.tr\/index.php\/wp-json\/wp\/v2\/product_brand?post=782699"},{"taxonomy":"product_cat","embeddable":true,"href":"https:\/\/roveyayinevi.com.tr\/index.php\/wp-json\/wp\/v2\/product_cat?post=782699"},{"taxonomy":"product_tag","embeddable":true,"href":"https:\/\/roveyayinevi.com.tr\/index.php\/wp-json\/wp\/v2\/product_tag?post=782699"}],"curies":[{"name":"wp","href":"https:\/\/api.w.org\/{rel}","templated":true}]}}