{"id":782698,"date":"2026-02-23T12:55:24","date_gmt":"2026-02-23T09:55:24","guid":{"rendered":"https:\/\/roveyayinevi.com.tr\/index.php\/urun\/fatiha-suresi-tefsiri\/"},"modified":"2026-04-15T03:45:59","modified_gmt":"2026-04-15T00:45:59","slug":"fatiha-suresi-tefsiri","status":"publish","type":"product","link":"https:\/\/roveyayinevi.com.tr\/index.php\/urun\/fatiha-suresi-tefsiri\/","title":{"rendered":"Fatiha Suresi Tefsiri"},"content":{"rendered":"<p>F\u00e2tiha S\u00fbresi Kur\u00e2n-\u0131 Ker\u00eem\u2019in kalbi, s\u00fbre hakk\u0131nda yazd\u0131\u011f\u0131 kitap ise b\u00fcy\u00fck metafizik\u00e7i Sadreddin Konev\u00ee\u2019nin en \u00f6nemli eseridir. Konev\u00ee\u2019yi metafizik d\u00fc\u015f\u00fcncenin iki m\u00fchim isminden birisi yapan eserlerin ba\u015f\u0131nda bu kitap gelir. Konev\u00ee, \u0130bn\u00fc\u2019l-Arab\u00ee\u2019yle birlikte ya\u015fad\u0131\u011f\u0131m\u0131z co\u011frafyada metafizi\u011fi yeniden in\u015fa eden, b\u00fcy\u00fck metinleri ortaya koyan, bir ekol olu\u015fturan isimdir. Ona \u015feyh-i keb\u00eer denilmesinin nedeni bu kurucu d\u00fc\u015f\u00fcn\u00fcr olma niteli\u011fidir.   Elinizdeki kitap onun d\u00fc\u015f\u00fcncesinin iki temel noktas\u0131n\u0131 ortaya \u00e7\u0131kar\u0131r: Birincisi d\u00fc\u015f\u00fcnce tarihinin en \u00f6nemli konusunu te\u015fkil eden akl\u0131n s\u0131n\u0131rlar\u0131 ve \u2018neyi bilebiliriz?\u2019 sorusunun yeniden ve kapsaml\u0131 haliyle in\u015fa edildi\u011fi metin bu kitapt\u0131r.  Bu y\u00f6n\u00fcyle eser, d\u00fc\u015f\u00fcnce tarihinde hatta \u00e7a\u011f\u0131m\u0131zdaki d\u00fc\u015f\u00fcn\u00fcrlere \u00f6nc\u00fcl\u00fck te\u015fkil edebilecek fikirlerini bu eserde ortaya koyar. \u0130kincisi ise onun Tanr\u0131 ve insan aras\u0131ndaki irtibat\u0131 a\u00e7\u0131klamaya odaklanan d\u00fc\u015f\u00fcnceleri en kapsaml\u0131 haliyle bu kitapta yer al\u0131r. Konev\u00ee bir yandan epistemik nazariyesini ortaya koyarken ayn\u0131 zamanda varl\u0131k, Tanr\u0131 ve insan irtibat\u0131n\u0131 s\u0131rad\u0131\u015f\u0131 bir \u00fcslupla ele almaktad\u0131r.  Okur bu kitapla birlikte metafizik hakk\u0131nda kapsaml\u0131 bir metni okurken ayn\u0131 zamanda ilahi kelam\u0131n d\u00fc\u015f\u00fcncenin ufkunu nas\u0131l geni\u015fletti\u011fini veya y\u00fcksek zihnin metni nas\u0131l geni\u015fletebildi\u011fini de fark edecektir.<\/p>\n","protected":false},"excerpt":{"rendered":"<p>F\u00e2tiha S\u00fbresi Kur\u00e2n-\u0131 Ker\u00eem\u2019in kalbi, s\u00fbre hakk\u0131nda yazd\u0131\u011f\u0131 kitap ise b\u00fcy\u00fck metafizik\u00e7i Sadreddin Konev\u00ee\u2019nin en \u00f6nemli eseridir. Konev\u00ee\u2019yi metafizik d\u00fc\u015f\u00fcncenin iki m\u00fchim isminden birisi yapan eserlerin<span class=\"excerpt-hellip\"> [\u2026]<\/span><\/p>\n","protected":false},"featured_media":0,"template":"","meta":{"_monsterinsights_skip_tracking":false,"_monsterinsights_sitenote_active":false,"_monsterinsights_sitenote_note":"","_monsterinsights_sitenote_category":0},"product_brand":[],"product_cat":[12718,12719],"product_tag":[],"class_list":{"0":"post-782698","1":"product","2":"type-product","3":"status-publish","5":"product_cat-din","6":"product_cat-islam","7":"pa_cilt-ciltsiz","8":"pa_tur-kitap","9":"pa_yayinevi-fikriyat-yayinlari","10":"pa_yazar-sadreddin-konevi","12":"first","13":"instock","14":"sale","15":"shipping-taxable","16":"purchasable","17":"product-type-simple"},"_links":{"self":[{"href":"https:\/\/roveyayinevi.com.tr\/index.php\/wp-json\/wp\/v2\/product\/782698","targetHints":{"allow":["GET"]}}],"collection":[{"href":"https:\/\/roveyayinevi.com.tr\/index.php\/wp-json\/wp\/v2\/product"}],"about":[{"href":"https:\/\/roveyayinevi.com.tr\/index.php\/wp-json\/wp\/v2\/types\/product"}],"wp:attachment":[{"href":"https:\/\/roveyayinevi.com.tr\/index.php\/wp-json\/wp\/v2\/media?parent=782698"}],"wp:term":[{"taxonomy":"product_brand","embeddable":true,"href":"https:\/\/roveyayinevi.com.tr\/index.php\/wp-json\/wp\/v2\/product_brand?post=782698"},{"taxonomy":"product_cat","embeddable":true,"href":"https:\/\/roveyayinevi.com.tr\/index.php\/wp-json\/wp\/v2\/product_cat?post=782698"},{"taxonomy":"product_tag","embeddable":true,"href":"https:\/\/roveyayinevi.com.tr\/index.php\/wp-json\/wp\/v2\/product_tag?post=782698"}],"curies":[{"name":"wp","href":"https:\/\/api.w.org\/{rel}","templated":true}]}}