{"id":782696,"date":"2026-02-23T12:55:20","date_gmt":"2026-02-23T09:55:20","guid":{"rendered":"https:\/\/roveyayinevi.com.tr\/index.php\/urun\/bir-osmanli-akinci-beyi-gazi-evrenos-bey\/"},"modified":"2026-04-15T03:45:59","modified_gmt":"2026-04-15T00:45:59","slug":"bir-osmanli-akinci-beyi-gazi-evrenos-bey","status":"publish","type":"product","link":"https:\/\/roveyayinevi.com.tr\/index.php\/urun\/bir-osmanli-akinci-beyi-gazi-evrenos-bey\/","title":{"rendered":"Bir Osmanl\u0131 Ak\u0131nc\u0131 Beyi Gazi Evrenos Bey"},"content":{"rendered":"<p>Gazi Evrenos Bey, Osmanl\u0131 tarihinin muamma dolu kurulu\u015f y\u0131llar\u0131n\u0131n en \u00f6nemli fig\u00fcrlerinden biridir. Onun ba\u015far\u0131lar\u0131, adeta bir hanedan gibi, neslinin g\u00fcn\u00fcm\u00fcze kadar varl\u0131\u011f\u0131n\u0131 koruyabilmesini sa\u011flam\u0131\u015ft\u0131r. Bir Osmanl\u0131 ak\u0131nc\u0131 beyi olarak Osmanl\u0131 Devleti\u2019nin Balkanlar\u2019a ge\u00e7i\u015f ve yerle\u015fme s\u00fcrecinde tarih sahnesine \u00e7\u0131km\u0131\u015f; kimi zaman sultanlar\u0131n dahi \u00e7ekinmesine yol a\u00e7an ba\u015far\u0131lar\u0131yla Balkan Fatihi yak\u0131\u015ft\u0131rmas\u0131n\u0131 hak etmi\u015ftir. Ancak Evrenos Bey\u2019in hayat\u0131 ve faaliyetleri, Osmanl\u0131\u2019n\u0131n kurulu\u015f y\u0131llar\u0131 kadar bilinmeyenlerle doludur. Bu kitap, y\u00fcz y\u0131l\u0131 a\u015fk\u0131n bir s\u00fcredir merak konusu olan Evrenos Bey\u2019in etnik k\u00f6kenini ve tarih sahnesine \u00e7\u0131kt\u0131\u011f\u0131 b\u00f6lgeyi, Osmanl\u0131 ar\u015fiv belgeleri \u0131\u015f\u0131\u011f\u0131nda ele alarak ayd\u0131nlatmay\u0131 ama\u00e7lamaktad\u0131r.<\/p>\n","protected":false},"excerpt":{"rendered":"<p>Gazi Evrenos Bey, Osmanl\u0131 tarihinin muamma dolu kurulu\u015f y\u0131llar\u0131n\u0131n en \u00f6nemli fig\u00fcrlerinden biridir. Onun ba\u015far\u0131lar\u0131, adeta bir hanedan gibi, neslinin g\u00fcn\u00fcm\u00fcze kadar varl\u0131\u011f\u0131n\u0131 koruyabilmesini sa\u011flam\u0131\u015ft\u0131r. Bir<span class=\"excerpt-hellip\"> [\u2026]<\/span><\/p>\n","protected":false},"featured_media":0,"template":"","meta":{"_monsterinsights_skip_tracking":false,"_monsterinsights_sitenote_active":false,"_monsterinsights_sitenote_note":"","_monsterinsights_sitenote_category":0},"product_brand":[],"product_cat":[12304],"product_tag":[],"class_list":{"0":"post-782696","1":"product","2":"type-product","3":"status-publish","5":"product_cat-tarih","6":"pa_cilt-ciltsiz","7":"pa_tur-kitap","8":"pa_yayinevi-turkuvaz-kitap","9":"pa_yazar-aysegul-kilic","11":"first","12":"instock","13":"sale","14":"shipping-taxable","15":"purchasable","16":"product-type-simple"},"_links":{"self":[{"href":"https:\/\/roveyayinevi.com.tr\/index.php\/wp-json\/wp\/v2\/product\/782696","targetHints":{"allow":["GET"]}}],"collection":[{"href":"https:\/\/roveyayinevi.com.tr\/index.php\/wp-json\/wp\/v2\/product"}],"about":[{"href":"https:\/\/roveyayinevi.com.tr\/index.php\/wp-json\/wp\/v2\/types\/product"}],"wp:attachment":[{"href":"https:\/\/roveyayinevi.com.tr\/index.php\/wp-json\/wp\/v2\/media?parent=782696"}],"wp:term":[{"taxonomy":"product_brand","embeddable":true,"href":"https:\/\/roveyayinevi.com.tr\/index.php\/wp-json\/wp\/v2\/product_brand?post=782696"},{"taxonomy":"product_cat","embeddable":true,"href":"https:\/\/roveyayinevi.com.tr\/index.php\/wp-json\/wp\/v2\/product_cat?post=782696"},{"taxonomy":"product_tag","embeddable":true,"href":"https:\/\/roveyayinevi.com.tr\/index.php\/wp-json\/wp\/v2\/product_tag?post=782696"}],"curies":[{"name":"wp","href":"https:\/\/api.w.org\/{rel}","templated":true}]}}