{"id":782695,"date":"2026-02-23T12:55:18","date_gmt":"2026-02-23T09:55:18","guid":{"rendered":"https:\/\/roveyayinevi.com.tr\/index.php\/urun\/alem-ve-insan\/"},"modified":"2026-04-15T03:45:59","modified_gmt":"2026-04-15T00:45:59","slug":"alem-ve-insan","status":"publish","type":"product","link":"https:\/\/roveyayinevi.com.tr\/index.php\/urun\/alem-ve-insan\/","title":{"rendered":"Alem ve \u0130nsan"},"content":{"rendered":"<p>\u0130bn\u00fc\u2019l-Arab\u00ee sadece \u0130slam d\u00fc\u015f\u00fcnce tarihinin de\u011fil, insanl\u0131k tarihinin yeti\u015ftirdi\u011fi en b\u00fcy\u00fckbirka\u00e7 d\u00fc\u015f\u00fcn\u00fcrden birisidir. Onun d\u00fc\u015f\u00fcncesinin b\u00fcy\u00fckl\u00fc\u011f\u00fc ve ge\u00e7erlili\u011finin temelinde, dahasonra vahdet-i v\u00fcc\u00fbd olarak bilinen anlay\u0131\u015f\u0131yla Tanr\u0131 ve insan hakk\u0131ndaki konu\u015fma aras\u0131ndakurdu\u011fu irtibat bulunur. \u0130bn\u00fc\u2019l Arab\u00ee\u2019ye g\u00f6re Tanr\u0131\u2019dan s\u00f6z etmek Tanr\u0131\u2019n\u0131n isimlerini ta\u015f\u0131yaninsandan s\u00f6z etmeyi gerekli k\u0131lar. \u0130nsan\u0131n bireysellik ve kem\u00e2li ise Tanr\u0131 ile tamamlan\u0131r,Tanr\u0131\u2019da insan ger\u00e7ek anlam\u0131n\u0131 bulur. B\u00fct\u00fcn k\u00fc\u00e7\u00fck b\u00fcy\u00fck par\u00e7alar\u0131yla \u00e2lem ise insan\u0131n \u00fclkesi,insan ile anlam\u0131n\u0131 bulan ve mamur hale gelen insan\u0131n evidir.\u0130bn\u00fc\u2019l-Arab\u00ee\u2019nin eserleri birbirine do\u011fru a\u00e7\u0131lan nehirler-derya benzetmesiyle ili\u015fkilendirilebilir.F\u00fct\u00fch\u00e2t-\u0131 Mekkiyye b\u00fcy\u00fck derya iken ona do\u011fru giden veya onun baz\u0131 bahislerine odaklananmetinler bu deryadan ta\u015fan nehirlerdir. Elinizdeki iki k\u00fc\u00e7\u00fck ris\u00e2le bu y\u00f6n\u00fcyle b\u00fcy\u00fckd\u00fc\u015f\u00fcn\u00fcr\u00fcn b\u00fcy\u00fck deryan\u0131n baz\u0131 sorunlar\u0131na odaklanan iki kitab\u0131d\u0131r. \u0130n\u015fa\u00fc\u2019d-dev\u00e2ir yanidevrelerin in\u015fa edilmesi ve cetvellerin \u00e7izilmesi \u00e2lemin yarat\u0131l\u0131\u015f\u0131n\u0131 izah eder. Uklet\u00fc\u2019l-m\u00fcstevfiz ise talibin sordu\u011fu sorular\u0131 dikkate alarak yine benzer bahisleri a\u00e7\u0131klar. \u0130bn\u00fc\u2019l-Arab\u00ee\u2019nin d\u00fc\u015f\u00fcncesinin \u00f6zel baz\u0131 konular\u0131n\u0131 ele alan bu iki risale, vahdet-i v\u00fcc\u00fbdu anlamak isteyen okur i\u00e7in k\u00fc\u00e7\u00fck fakat verimli iki metin olacakt\u0131r.<\/p>\n","protected":false},"excerpt":{"rendered":"<p>\u0130bn\u00fc\u2019l-Arab\u00ee sadece \u0130slam d\u00fc\u015f\u00fcnce tarihinin de\u011fil, insanl\u0131k tarihinin yeti\u015ftirdi\u011fi en b\u00fcy\u00fckbirka\u00e7 d\u00fc\u015f\u00fcn\u00fcrden birisidir. Onun d\u00fc\u015f\u00fcncesinin b\u00fcy\u00fckl\u00fc\u011f\u00fc ve ge\u00e7erlili\u011finin temelinde, dahasonra vahdet-i v\u00fcc\u00fbd olarak bilinen anlay\u0131\u015f\u0131yla Tanr\u0131<span class=\"excerpt-hellip\"> [\u2026]<\/span><\/p>\n","protected":false},"featured_media":0,"template":"","meta":{"_monsterinsights_skip_tracking":false,"_monsterinsights_sitenote_active":false,"_monsterinsights_sitenote_note":"","_monsterinsights_sitenote_category":0},"product_brand":[],"product_cat":[12718,12719],"product_tag":[],"class_list":{"0":"post-782695","1":"product","2":"type-product","3":"status-publish","5":"product_cat-din","6":"product_cat-islam","7":"pa_cilt-ciltsiz","8":"pa_tur-kitap","9":"pa_yayinevi-fikriyat-yayinlari","10":"pa_yazar-muhyiddin-ibnul-arabi","12":"first","13":"instock","14":"sale","15":"shipping-taxable","16":"purchasable","17":"product-type-simple"},"_links":{"self":[{"href":"https:\/\/roveyayinevi.com.tr\/index.php\/wp-json\/wp\/v2\/product\/782695","targetHints":{"allow":["GET"]}}],"collection":[{"href":"https:\/\/roveyayinevi.com.tr\/index.php\/wp-json\/wp\/v2\/product"}],"about":[{"href":"https:\/\/roveyayinevi.com.tr\/index.php\/wp-json\/wp\/v2\/types\/product"}],"wp:attachment":[{"href":"https:\/\/roveyayinevi.com.tr\/index.php\/wp-json\/wp\/v2\/media?parent=782695"}],"wp:term":[{"taxonomy":"product_brand","embeddable":true,"href":"https:\/\/roveyayinevi.com.tr\/index.php\/wp-json\/wp\/v2\/product_brand?post=782695"},{"taxonomy":"product_cat","embeddable":true,"href":"https:\/\/roveyayinevi.com.tr\/index.php\/wp-json\/wp\/v2\/product_cat?post=782695"},{"taxonomy":"product_tag","embeddable":true,"href":"https:\/\/roveyayinevi.com.tr\/index.php\/wp-json\/wp\/v2\/product_tag?post=782695"}],"curies":[{"name":"wp","href":"https:\/\/api.w.org\/{rel}","templated":true}]}}