{"id":782694,"date":"2026-02-23T12:55:15","date_gmt":"2026-02-23T09:55:15","guid":{"rendered":"https:\/\/roveyayinevi.com.tr\/index.php\/urun\/halkin-otiumu\/"},"modified":"2026-04-15T03:45:59","modified_gmt":"2026-04-15T00:45:59","slug":"halkin-otiumu","status":"publish","type":"product","link":"https:\/\/roveyayinevi.com.tr\/index.php\/urun\/halkin-otiumu\/","title":{"rendered":"Halk\u0131n Otium\u2019u"},"content":{"rendered":"<p>Unutulmu\u015f Bir \u0130htiya\u00e7: Kendinle Kalabilmek  G\u00fcndelik hayat\u0131n tela\u015f\u0131 i\u00e7erisinde herkes yava\u015flay\u0131p d\u00fc\u015f\u00fcnme ihtiyac\u0131 hissediyor. Ancak ekran ba\u011f\u0131ml\u0131l\u0131\u011f\u0131 mevcut dikkat potansiyelimizi tehlikeye at\u0131yor. Bu h\u0131zl\u0131, ak\u0131p giden hayat\u0131n yeni afyonundan nas\u0131l ar\u0131nabiliriz? D\u00fc\u015f\u00fcnmek, hayal kurmak ve tefekk\u00fcr etmek i\u00e7in bo\u015f zaman\u0131m\u0131z\u0131 nas\u0131l geri kazanabiliriz?   Bu kitap, Antik \u00c7a\u011f&#8217;\u0131n insan faaliyetlerinin zirvesine yerle\u015ftirdi\u011fi &#8220;verimli bo\u015f zaman&#8221; anlam\u0131na gelen kavram otium ile yeniden bir ba\u011f kurmay\u0131 \u00f6neriyor. Ancak aciliyet ve maddi fayda sa\u011flama g\u00f6revinden ar\u0131nm\u0131\u015f bir bo\u015f zaman, i\u00e7sel d\u00fc\u015f\u00fcnmeyi, bilgeli\u011fi ve insanl\u0131\u011f\u0131 besleyebilir.  Y\u00fczy\u0131llar s\u00fcren ihmalin ard\u0131ndan otium, bo\u015f zaman\u0131m\u0131z\u0131 yeniden canland\u0131rmam\u0131za yard\u0131mc\u0131 olabilir. Belki de anlam, derinlik ve zaman aray\u0131\u015f\u0131m\u0131z\u0131 me\u015frula\u015ft\u0131rmak i\u00e7in eksik oldu\u011fumuz kelime budur. Uzun zamand\u0131r se\u00e7kin bir az\u0131nl\u0131k i\u00e7in bir s\u0131\u011f\u0131nak olan otium, sonunda herkesin, halk\u0131n otium&#8217;u olabilir!  \u0130\u015ften ve g\u00fc\u00e7ten, garaz ve ivazdan m\u00fcnezzeh, zihinsel ve ruhsal geli\u015fime adanm\u0131\u015f asude bo\u015f zaman.     Bo\u015f Zaman\u0131 \u00d6zg\u00fcrle\u015ftirmenin Vakti Geldi  D\u00fc\u015f\u00fcnme faaliyetinin de\u011ferini yitirdi\u011fi, beyin zaman\u0131n\u0131n meta haline geldi\u011fi bir d\u00fcnyan\u0131n kaosunda, \u015f\u00fcphesiz bu ak\u0131ll\u0131 bo\u015f zaman\u0131n kaynaklar\u0131n\u0131 yeniden ke\u015ffetmenin zaman\u0131 geldi.   Toplum giderek daha karma\u015f\u0131k hale geldik\u00e7e ve hakikat salt bir kanaate d\u00f6n\u00fc\u015fme e\u011filimindeyken, d\u00fc\u015f\u00fcnmenin, \u00f6nyarg\u0131lar\u0131 ve yerle\u015fik fikirleri reddetmenin ve verimli bir kamuoyu tart\u0131\u015fmas\u0131na katk\u0131da bulunmak i\u00e7in g\u00f6zlem, ara\u015ft\u0131rma ve m\u00fczakereyi kullanman\u0131n gereklili\u011fini yeniden de\u011ferlendirmek hayati \u00f6nem ta\u015f\u0131yor. Felsefenin ilk d\u00f6nemlerindeki ele\u015ftirel d\u00fc\u015f\u00fcnceyle yeniden ba\u011flant\u0131 kurmal\u0131 ve bunu yapmak i\u00e7in her g\u00fcn ona zaman ay\u0131rmal\u0131y\u0131z.    \u201cOkumak, bir\u00e7ok bak\u0131mdan otium kavram\u0131n\u0131n somut halidir: Hem kendimizle hem de ba\u015fkalar\u0131n\u0131n d\u00fc\u015f\u00fcnceleriyle diyalog kurdu\u011fumuz, i\u00e7sel geli\u015fimimize katk\u0131 sa\u011flayan bir and\u0131r. G\u00fcn\u00fcm\u00fcz insan\u0131 i\u00e7in otium fikrini benimseyip zihinsel zaman\u0131n\u0131 geri kazanmak, olduk\u00e7a anlaml\u0131 bir hedef olabilir.\u201d   \u2014Revue Sciences Humaines<\/p>\n","protected":false},"excerpt":{"rendered":"<p>Unutulmu\u015f Bir \u0130htiya\u00e7: Kendinle Kalabilmek G\u00fcndelik hayat\u0131n tela\u015f\u0131 i\u00e7erisinde herkes yava\u015flay\u0131p d\u00fc\u015f\u00fcnme ihtiyac\u0131 hissediyor. Ancak ekran ba\u011f\u0131ml\u0131l\u0131\u011f\u0131 mevcut dikkat potansiyelimizi tehlikeye at\u0131yor. Bu h\u0131zl\u0131, ak\u0131p giden<span class=\"excerpt-hellip\"> [\u2026]<\/span><\/p>\n","protected":false},"featured_media":0,"template":"","meta":{"_monsterinsights_skip_tracking":false,"_monsterinsights_sitenote_active":false,"_monsterinsights_sitenote_note":"","_monsterinsights_sitenote_category":0},"product_brand":[],"product_cat":[12388],"product_tag":[],"class_list":{"0":"post-782694","1":"product","2":"type-product","3":"status-publish","5":"product_cat-felsefe","6":"pa_cilt-ciltsiz","7":"pa_tur-kitap","8":"pa_yayinevi-okuyan-us-yayin","9":"pa_yazar-jean-miguel-pire","11":"first","12":"instock","13":"sale","14":"shipping-taxable","15":"purchasable","16":"product-type-simple"},"_links":{"self":[{"href":"https:\/\/roveyayinevi.com.tr\/index.php\/wp-json\/wp\/v2\/product\/782694","targetHints":{"allow":["GET"]}}],"collection":[{"href":"https:\/\/roveyayinevi.com.tr\/index.php\/wp-json\/wp\/v2\/product"}],"about":[{"href":"https:\/\/roveyayinevi.com.tr\/index.php\/wp-json\/wp\/v2\/types\/product"}],"wp:attachment":[{"href":"https:\/\/roveyayinevi.com.tr\/index.php\/wp-json\/wp\/v2\/media?parent=782694"}],"wp:term":[{"taxonomy":"product_brand","embeddable":true,"href":"https:\/\/roveyayinevi.com.tr\/index.php\/wp-json\/wp\/v2\/product_brand?post=782694"},{"taxonomy":"product_cat","embeddable":true,"href":"https:\/\/roveyayinevi.com.tr\/index.php\/wp-json\/wp\/v2\/product_cat?post=782694"},{"taxonomy":"product_tag","embeddable":true,"href":"https:\/\/roveyayinevi.com.tr\/index.php\/wp-json\/wp\/v2\/product_tag?post=782694"}],"curies":[{"name":"wp","href":"https:\/\/api.w.org\/{rel}","templated":true}]}}