{"id":782693,"date":"2026-02-23T12:55:12","date_gmt":"2026-02-23T09:55:12","guid":{"rendered":"https:\/\/roveyayinevi.com.tr\/index.php\/urun\/anlam-ozgurluk-ve-sorumluluk\/"},"modified":"2026-04-15T03:45:59","modified_gmt":"2026-04-15T00:45:59","slug":"anlam-ozgurluk-ve-sorumluluk","status":"publish","type":"product","link":"https:\/\/roveyayinevi.com.tr\/index.php\/urun\/anlam-ozgurluk-ve-sorumluluk\/","title":{"rendered":"Anlam \u00d6zg\u00fcrl\u00fck ve Sorumluluk"},"content":{"rendered":"<p>Anlam \u00d6zg\u00fcrl\u00fck ve Sorumluluk\u0130nsan\u0131n Anlam Aray\u0131\u015f\u0131\u2019n\u0131n Yazar\u0131ndanViktor E. FranklHayat Size Bir Soru Sordu\u011funda\u2026 Baz\u0131 kitaplar vard\u0131r; okura cevaplar sunmaz, \u00f6nce soruyu berrakla\u015ft\u0131r\u0131r. Anlam, \u00d6zg\u00fcrl\u00fck ve Sorumluluk, Viktor E. Frankl\u2019\u0131n tam da bunu yapt\u0131\u011f\u0131 metinlerden olu\u015fuyor: Hayat senden ne bekliyor? \u00d6zg\u00fcrl\u00fck ger\u00e7ekten s\u0131n\u0131rs\u0131z m\u0131? Anlam, ba\u015f\u0131m\u0131za gelenlerde mi sakl\u0131 yoksa onlara verdi\u011fimiz yan\u0131tta m\u0131? Frankl bu kitapta, insan\u0131n yaln\u0131zca hayatta kalmaya de\u011fil, anlaml\u0131 bir hayat kurmaya yazg\u0131l\u0131 oldu\u011funu hat\u0131rlat\u0131yor.  Anlam: Ko\u015fullarda De\u011fil, Tutumda Frankl\u2019\u0131n d\u00fc\u015f\u00fcncesinin merkezinde sars\u0131c\u0131 ama umut verici bir fikir vard\u0131r: \u0130nsan, ba\u015f\u0131na gelenleri her zaman se\u00e7emez ama onlara kar\u015f\u0131 alaca\u011f\u0131 tutumu her zaman se\u00e7ebilir. Anlam, ac\u0131n\u0131n yoklu\u011funda de\u011fil; ac\u0131ya ra\u011fmen kurulan bir duru\u015fta ortaya \u00e7\u0131k\u0131yor. Bu kitap, anlam\u0131 mutlu olma zorunlulu\u011fundan, ba\u015far\u0131 bask\u0131s\u0131ndan ve y\u00fczeysel iyimserlikten kurtar\u0131yor.  \u00d6zg\u00fcrl\u00fck: Sand\u0131\u011f\u0131m\u0131z \u015eey mi Yoksa Ta\u015f\u0131d\u0131\u011f\u0131m\u0131z Y\u00fck m\u00fc? Modern insan \u00f6zg\u00fcrl\u00fc\u011f\u00fc \u00e7o\u011fu zaman s\u0131n\u0131rs\u0131z se\u00e7im hakk\u0131 olarak anl\u0131yor. Frankl ise buna itiraz ediyor: \u00d6zg\u00fcrl\u00fck, tek ba\u015f\u0131na b\u0131rak\u0131ld\u0131\u011f\u0131nda y\u00f6ns\u00fczd\u00fcr. Onu insan yapan \u015fey, sorumlulukla birlikte d\u00fc\u015f\u00fcn\u00fclmesidir. Bu kitapta \u00f6zg\u00fcrl\u00fck, \u201cistedi\u011fini yapmak\u201dtan \u00e7ok, \u201chayat\u0131n senden istedi\u011fine cevap verebilme cesareti\u201d olarak ele al\u0131n\u0131yor.  Sorumluluk: Hayata Verilen Cevap Frankl\u2019a g\u00f6re insan, hayat\u0131n kar\u015f\u0131s\u0131nda pasif bir varl\u0131k de\u011fildir. Hayat insana sorular sorar; insan ise ya\u015fam\u0131yla cevap verir. Anlam, haz\u0131r bulunan bir \u015fey de\u011fil; sorumluluk al\u0131nd\u0131\u011f\u0131nda ortaya \u00e7\u0131kan bir \u015feydir. Bu kitap, bireyin kendine, ba\u015fkalar\u0131na ve ya\u015fama kar\u015f\u0131 ta\u015f\u0131d\u0131\u011f\u0131 sorumlulu\u011fu etik, psikolojik ve varolu\u015fsal boyutlar\u0131yla ele al\u0131yor.  \u0130nsan\u0131n Anlam Aray\u0131\u015f\u0131\u2019ndan Sonra, Daha Derine Okuyan Us okurlar\u0131 i\u00e7in bu kitap, \u0130nsan\u0131n Anlam Aray\u0131\u015f\u0131 ile ba\u015flayan yolculu\u011fun do\u011fal bir devam\u0131. E\u011fer \u0130nsan\u0131n Anlam Aray\u0131\u015f\u0131 Frankl\u2019\u0131n temel sorusunu ortaya koyuyorsa, Anlam, \u00d6zg\u00fcrl\u00fck ve Sorumluluk bu sorunun d\u00fc\u015f\u00fcnsel omurgas\u0131n\u0131 kuruyor. Burada Frankl daha sistematik, daha felsefi ama h\u00e2l\u00e2 son derece insani bir dille konu\u015fuyor. Okur art\u0131k yaln\u0131zca tan\u0131kl\u0131k etmiyor; d\u00fc\u015f\u00fcnmeye davet ediliyor.  Ya\u015fam\u0131 Kar\u015f\u0131lamak\u2019la Birlikte Okundu\u011funda Frankl\u2019\u0131n otobiyografisi Ya\u015fam\u0131 Kar\u015f\u0131lamak, bu \u00fc\u00e7lemenin \u00fc\u00e7\u00fcnc\u00fc aya\u011f\u0131 say\u0131labilir. Bu kitapla birlikte okundu\u011funda, Frankl\u2019\u0131n d\u00fc\u015f\u00fcncelerinin yaln\u0131zca teorik de\u011fil, ya\u015fanm\u0131\u015f bir etik duru\u015f oldu\u011fu daha net g\u00f6r\u00fcl\u00fcr. \u2022    \u0130nsan\u0131n Anlam Aray\u0131\u015f\u0131: Deneyim \u2022    Anlam, \u00d6zg\u00fcrl\u00fck ve Sorumluluk: Kavram \u2022    Ya\u015fam\u0131 Kar\u015f\u0131lamak: Tan\u0131kl\u0131k  Bug\u00fcn Neden Bu Kitap? \u00c7\u00fcnk\u00fc \u00e7a\u011f\u0131m\u0131z, anlam\u0131n h\u0131zla a\u015f\u0131nd\u0131\u011f\u0131 bir \u00e7a\u011f. \u00c7\u00fcnk\u00fc \u00f6zg\u00fcrl\u00fck, sorumluluktan kopar\u0131ld\u0131\u011f\u0131nda insan\u0131 daha \u00f6zg\u00fcr de\u011fil, daha yaln\u0131z k\u0131l\u0131yor. \u00c7\u00fcnk\u00fc Frankl\u2019\u0131n sorular\u0131 h\u00e2l\u00e2 g\u00fcncel; cevaplar\u0131 ise h\u00e2l\u00e2 yol g\u00f6sterici. Anlam, \u00d6zg\u00fcrl\u00fck ve Sorumluluk, okuru teselli etmiyor; onu ciddiye al\u0131yor.  Hayata Verilecek Cevap H\u00e2l\u00e2 M\u00fcmk\u00fcn m\u00fc? Frankl bu kitapta, en zor ko\u015fullarda bile insan\u0131n elinden al\u0131namayacak tek \u015feyi hat\u0131rlat\u0131yor: Hayata nas\u0131l cevap verece\u011fini se\u00e7me \u00f6zg\u00fcrl\u00fc\u011f\u00fcn\u00fc. Bu, kolay bir kitap de\u011fil ama tam da bu y\u00fczden, uzun s\u00fcre zihinde ve hayatta kal\u0131yor.<\/p>\n","protected":false},"excerpt":{"rendered":"<p>Anlam \u00d6zg\u00fcrl\u00fck ve Sorumluluk\u0130nsan\u0131n Anlam Aray\u0131\u015f\u0131\u2019n\u0131n Yazar\u0131ndanViktor E. FranklHayat Size Bir Soru Sordu\u011funda\u2026 Baz\u0131 kitaplar vard\u0131r; okura cevaplar sunmaz, \u00f6nce soruyu berrakla\u015ft\u0131r\u0131r. Anlam, \u00d6zg\u00fcrl\u00fck ve Sorumluluk,<span class=\"excerpt-hellip\"> [\u2026]<\/span><\/p>\n","protected":false},"featured_media":0,"template":"","meta":{"_monsterinsights_skip_tracking":false,"_monsterinsights_sitenote_active":false,"_monsterinsights_sitenote_note":"","_monsterinsights_sitenote_category":0},"product_brand":[],"product_cat":[12358,12357],"product_tag":[],"class_list":{"0":"post-782693","1":"product","2":"type-product","3":"status-publish","5":"product_cat-genel-psikoloji","6":"product_cat-psikoloji","7":"pa_cilt-ciltsiz","8":"pa_tur-kitap","9":"pa_yayinevi-okuyan-us-yayin","10":"pa_yazar-viktor-e-frankl","12":"first","13":"instock","14":"sale","15":"shipping-taxable","16":"purchasable","17":"product-type-simple"},"_links":{"self":[{"href":"https:\/\/roveyayinevi.com.tr\/index.php\/wp-json\/wp\/v2\/product\/782693","targetHints":{"allow":["GET"]}}],"collection":[{"href":"https:\/\/roveyayinevi.com.tr\/index.php\/wp-json\/wp\/v2\/product"}],"about":[{"href":"https:\/\/roveyayinevi.com.tr\/index.php\/wp-json\/wp\/v2\/types\/product"}],"wp:attachment":[{"href":"https:\/\/roveyayinevi.com.tr\/index.php\/wp-json\/wp\/v2\/media?parent=782693"}],"wp:term":[{"taxonomy":"product_brand","embeddable":true,"href":"https:\/\/roveyayinevi.com.tr\/index.php\/wp-json\/wp\/v2\/product_brand?post=782693"},{"taxonomy":"product_cat","embeddable":true,"href":"https:\/\/roveyayinevi.com.tr\/index.php\/wp-json\/wp\/v2\/product_cat?post=782693"},{"taxonomy":"product_tag","embeddable":true,"href":"https:\/\/roveyayinevi.com.tr\/index.php\/wp-json\/wp\/v2\/product_tag?post=782693"}],"curies":[{"name":"wp","href":"https:\/\/api.w.org\/{rel}","templated":true}]}}