{"id":782692,"date":"2026-02-23T12:55:10","date_gmt":"2026-02-23T09:55:10","guid":{"rendered":"https:\/\/roveyayinevi.com.tr\/index.php\/urun\/korku-sevgi-ve-beyin-yikama\/"},"modified":"2026-04-15T03:45:58","modified_gmt":"2026-04-15T00:45:58","slug":"korku-sevgi-ve-beyin-yikama","status":"publish","type":"product","link":"https:\/\/roveyayinevi.com.tr\/index.php\/urun\/korku-sevgi-ve-beyin-yikama\/","title":{"rendered":"Korku, Sevgi ve Beyin Y\u0131kama"},"content":{"rendered":"<p>Bir k\u00fclt ma\u011fduru olan ve k\u00fcltler ile totalitarizm konusunda uzman Alexandra Stein taraf\u0131ndan kaleme al\u0131nan Korku, Sevgi ve Beyin Y\u0131kama, do\u011fru ko\u015fullar sa\u011fland\u0131\u011f\u0131nda neredeyse herkesin, akla hayale gelmeyecek eylemlerde bulunabilecek kadar manip\u00fcle edilebilece\u011fini g\u00f6steriyor. Dini olu\u015fumlardan siyasi ve ticari yap\u0131lara kadar uzanan \u00e7e\u015fitli k\u00fclt ve totaliter sistemlerden \u00e7arp\u0131c\u0131 hik\u00e2yelerle desteklenen kitap, bu gruplar\u0131n neredeyse tamam\u0131n\u0131n temelinde yatan ortak ve tan\u0131mlanabilir \u00f6zellikleri analiz ediyor. Kitap, karizmatik ve otoriter liderlerin; manip\u00fclatif sosyal yap\u0131lar ve ideolojiler arac\u0131l\u0131\u011f\u0131yla takip\u00e7ilerinin ba\u011flanma ili\u015fkilerini nas\u0131l kontrol ettiklerine ve bu ki\u015filerin duygusal ve bili\u015fsel olarak izole edilerek kendi hayatta kalma \u00e7\u0131karlar\u0131 do\u011frultusunda hareket edemez hale gelmelerine odaklan\u0131yor. Bu \u00f6nemli eser, s\u00f6z konusu kontrol sistemlerinin dinamiklerine dair netlik ve benzersiz bir bak\u0131\u015f a\u00e7\u0131s\u0131 sunarken bunlar\u0131n nas\u0131l engellenebilece\u011finden de bahsediyor.<\/p>\n","protected":false},"excerpt":{"rendered":"<p>Bir k\u00fclt ma\u011fduru olan ve k\u00fcltler ile totalitarizm konusunda uzman Alexandra Stein taraf\u0131ndan kaleme al\u0131nan Korku, Sevgi ve Beyin Y\u0131kama, do\u011fru ko\u015fullar sa\u011fland\u0131\u011f\u0131nda neredeyse herkesin, akla<span class=\"excerpt-hellip\"> [\u2026]<\/span><\/p>\n","protected":false},"featured_media":0,"template":"","meta":{"_monsterinsights_skip_tracking":false,"_monsterinsights_sitenote_active":false,"_monsterinsights_sitenote_note":"","_monsterinsights_sitenote_category":0},"product_brand":[],"product_cat":[12357],"product_tag":[],"class_list":{"0":"post-782692","1":"product","2":"type-product","3":"status-publish","5":"product_cat-psikoloji","6":"pa_cilt-ciltsiz","7":"pa_tur-kitap","8":"pa_yayinevi-turkuvaz-kitap","9":"pa_yazar-alexandra-stein","11":"first","12":"instock","13":"sale","14":"shipping-taxable","15":"purchasable","16":"product-type-simple"},"_links":{"self":[{"href":"https:\/\/roveyayinevi.com.tr\/index.php\/wp-json\/wp\/v2\/product\/782692","targetHints":{"allow":["GET"]}}],"collection":[{"href":"https:\/\/roveyayinevi.com.tr\/index.php\/wp-json\/wp\/v2\/product"}],"about":[{"href":"https:\/\/roveyayinevi.com.tr\/index.php\/wp-json\/wp\/v2\/types\/product"}],"wp:attachment":[{"href":"https:\/\/roveyayinevi.com.tr\/index.php\/wp-json\/wp\/v2\/media?parent=782692"}],"wp:term":[{"taxonomy":"product_brand","embeddable":true,"href":"https:\/\/roveyayinevi.com.tr\/index.php\/wp-json\/wp\/v2\/product_brand?post=782692"},{"taxonomy":"product_cat","embeddable":true,"href":"https:\/\/roveyayinevi.com.tr\/index.php\/wp-json\/wp\/v2\/product_cat?post=782692"},{"taxonomy":"product_tag","embeddable":true,"href":"https:\/\/roveyayinevi.com.tr\/index.php\/wp-json\/wp\/v2\/product_tag?post=782692"}],"curies":[{"name":"wp","href":"https:\/\/api.w.org\/{rel}","templated":true}]}}