{"id":782691,"date":"2026-02-23T12:55:07","date_gmt":"2026-02-23T09:55:07","guid":{"rendered":"https:\/\/roveyayinevi.com.tr\/index.php\/urun\/baska-iklimler\/"},"modified":"2026-04-08T03:43:02","modified_gmt":"2026-04-08T00:43:02","slug":"baska-iklimler","status":"publish","type":"product","link":"https:\/\/roveyayinevi.com.tr\/index.php\/urun\/baska-iklimler\/","title":{"rendered":"Ba\u015fka \u0130klimler"},"content":{"rendered":"<p>Yetmi\u015f dokuzda do\u011fan ama do\u011fumunu doksan be\u015f y\u0131l\u0131yla ba\u015flatan biriyim. \u00c7\u00fcnk\u00fc \u00f6ncesi susuz ge\u00e7en bir yaz \u00e2deta. I\u015f\u0131ks\u0131z, a\u015fks\u0131z, kelimesiz, kitaps\u0131z ge\u00e7en y\u0131llar. Ni\u00e7in ya\u015fam\u0131\u015f\u0131m ki, dedi\u011fim y\u0131llar\u0131m. Hayat\u0131 kitapla \u00f6\u011frenen insanlardan\u0131m ben. Kitapla tan\u0131d\u0131m ve sevdim \u015fehirleri, \u015fark\u0131lar\u0131, renkleri, kokular\u0131 ve insanlar\u0131. Kitapla tutundum hayata.<\/p>\n","protected":false},"excerpt":{"rendered":"<p>Yetmi\u015f dokuzda do\u011fan ama do\u011fumunu doksan be\u015f y\u0131l\u0131yla ba\u015flatan biriyim. \u00c7\u00fcnk\u00fc \u00f6ncesi susuz ge\u00e7en bir yaz \u00e2deta. I\u015f\u0131ks\u0131z, a\u015fks\u0131z, kelimesiz, kitaps\u0131z ge\u00e7en y\u0131llar. Ni\u00e7in ya\u015fam\u0131\u015f\u0131m ki,<span class=\"excerpt-hellip\"> [\u2026]<\/span><\/p>\n","protected":false},"featured_media":0,"template":"","meta":{"_monsterinsights_skip_tracking":false,"_monsterinsights_sitenote_active":false,"_monsterinsights_sitenote_note":"","_monsterinsights_sitenote_category":0},"product_brand":[],"product_cat":[12777,12291],"product_tag":[],"class_list":{"0":"post-782691","1":"product","2":"type-product","3":"status-publish","5":"product_cat-deneme","6":"product_cat-edebiyat","7":"pa_cilt-ciltsiz","8":"pa_tur-kitap","9":"pa_yayinevi-muhit-kitap","10":"pa_yazar-mustafa-baspinar","12":"first","13":"instock","14":"sale","15":"shipping-taxable","16":"purchasable","17":"product-type-simple"},"_links":{"self":[{"href":"https:\/\/roveyayinevi.com.tr\/index.php\/wp-json\/wp\/v2\/product\/782691","targetHints":{"allow":["GET"]}}],"collection":[{"href":"https:\/\/roveyayinevi.com.tr\/index.php\/wp-json\/wp\/v2\/product"}],"about":[{"href":"https:\/\/roveyayinevi.com.tr\/index.php\/wp-json\/wp\/v2\/types\/product"}],"wp:attachment":[{"href":"https:\/\/roveyayinevi.com.tr\/index.php\/wp-json\/wp\/v2\/media?parent=782691"}],"wp:term":[{"taxonomy":"product_brand","embeddable":true,"href":"https:\/\/roveyayinevi.com.tr\/index.php\/wp-json\/wp\/v2\/product_brand?post=782691"},{"taxonomy":"product_cat","embeddable":true,"href":"https:\/\/roveyayinevi.com.tr\/index.php\/wp-json\/wp\/v2\/product_cat?post=782691"},{"taxonomy":"product_tag","embeddable":true,"href":"https:\/\/roveyayinevi.com.tr\/index.php\/wp-json\/wp\/v2\/product_tag?post=782691"}],"curies":[{"name":"wp","href":"https:\/\/api.w.org\/{rel}","templated":true}]}}