{"id":782689,"date":"2026-02-23T12:55:01","date_gmt":"2026-02-23T09:55:01","guid":{"rendered":"https:\/\/roveyayinevi.com.tr\/index.php\/urun\/bilgi-bellek-baglam-memory-knowledge-context\/"},"modified":"2026-04-15T03:45:58","modified_gmt":"2026-04-15T00:45:58","slug":"bilgi-bellek-baglam-memory-knowledge-context","status":"publish","type":"product","link":"https:\/\/roveyayinevi.com.tr\/index.php\/urun\/bilgi-bellek-baglam-memory-knowledge-context\/","title":{"rendered":"Bilgi Bellek Ba\u011flam &#8211; Memory Knowledge Context"},"content":{"rendered":"<p>Bellek, Bilgi, Ba\u011flam: Ar\u015fiv ve K\u00fct\u00fcphane \u00dczerine Ara\u015ft\u0131rmalar adl\u0131 bu eser ar\u015fivcilik ve k\u00fct\u00fcphanecili\u011fin hem k\u00f6kl\u00fc miras\u0131n\u0131 hem de dijital \u00e7a\u011fdaki d\u00f6n\u00fc\u015f\u00fcm\u00fcn\u00fc bir araya getiriyor. \u0130stanbul Medeniyet \u00dcniversitesi Bilgi ve Belge Y\u00f6netimi B\u00f6l\u00fcm\u00fc\u2019n\u00fcn 15. Y\u0131l\u0131 visilesi ile haz\u0131rlanan bu eser, alan\u0131nda uzman 15 akademisyenin kaleminden; bilgi y\u00f6netiminin teorik temellerini, g\u00fcncel uygulamalar\u0131n\u0131 ve gelece\u011fe dair vizyonunu sunuyor. Gelenekselden dijitale uzanan kapsam\u0131yla bu kitap; \u00f6\u011frenciler, ara\u015ft\u0131rmac\u0131lar ve profesyoneller ba\u015fta olmak \u00fczere bilgi d\u00fcnyas\u0131n\u0131n d\u00f6n\u00fc\u015f\u00fcm\u00fcn\u00fc takip eden t\u00fcm payda\u015flar i\u00e7in \u00f6nemli bir ba\u015fvuru kayna\u011f\u0131d\u0131r niteli\u011findedir.<\/p>\n","protected":false},"excerpt":{"rendered":"<p>Bellek, Bilgi, Ba\u011flam: Ar\u015fiv ve K\u00fct\u00fcphane \u00dczerine Ara\u015ft\u0131rmalar adl\u0131 bu eser ar\u015fivcilik ve k\u00fct\u00fcphanecili\u011fin hem k\u00f6kl\u00fc miras\u0131n\u0131 hem de dijital \u00e7a\u011fdaki d\u00f6n\u00fc\u015f\u00fcm\u00fcn\u00fc bir araya getiriyor. \u0130stanbul<span class=\"excerpt-hellip\"> [\u2026]<\/span><\/p>\n","protected":false},"featured_media":0,"template":"","meta":{"_monsterinsights_skip_tracking":false,"_monsterinsights_sitenote_active":false,"_monsterinsights_sitenote_note":"","_monsterinsights_sitenote_category":0},"product_brand":[],"product_cat":[52477],"product_tag":[],"class_list":{"0":"post-782689","1":"product","2":"type-product","3":"status-publish","5":"product_cat-arastirma","6":"pa_cilt-ciltsiz","7":"pa_tur-kitap","8":"pa_yayinevi-ideal-kultur-akademik","9":"pa_yazar-kolektif","11":"first","12":"instock","13":"sale","14":"shipping-taxable","15":"purchasable","16":"product-type-simple"},"_links":{"self":[{"href":"https:\/\/roveyayinevi.com.tr\/index.php\/wp-json\/wp\/v2\/product\/782689","targetHints":{"allow":["GET"]}}],"collection":[{"href":"https:\/\/roveyayinevi.com.tr\/index.php\/wp-json\/wp\/v2\/product"}],"about":[{"href":"https:\/\/roveyayinevi.com.tr\/index.php\/wp-json\/wp\/v2\/types\/product"}],"wp:attachment":[{"href":"https:\/\/roveyayinevi.com.tr\/index.php\/wp-json\/wp\/v2\/media?parent=782689"}],"wp:term":[{"taxonomy":"product_brand","embeddable":true,"href":"https:\/\/roveyayinevi.com.tr\/index.php\/wp-json\/wp\/v2\/product_brand?post=782689"},{"taxonomy":"product_cat","embeddable":true,"href":"https:\/\/roveyayinevi.com.tr\/index.php\/wp-json\/wp\/v2\/product_cat?post=782689"},{"taxonomy":"product_tag","embeddable":true,"href":"https:\/\/roveyayinevi.com.tr\/index.php\/wp-json\/wp\/v2\/product_tag?post=782689"}],"curies":[{"name":"wp","href":"https:\/\/api.w.org\/{rel}","templated":true}]}}