{"id":782687,"date":"2026-02-23T12:54:55","date_gmt":"2026-02-23T09:54:55","guid":{"rendered":"https:\/\/roveyayinevi.com.tr\/index.php\/urun\/eksik-defter\/"},"modified":"2026-04-15T03:45:57","modified_gmt":"2026-04-15T00:45:57","slug":"eksik-defter","status":"publish","type":"product","link":"https:\/\/roveyayinevi.com.tr\/index.php\/urun\/eksik-defter\/","title":{"rendered":"Eksik Defter"},"content":{"rendered":"<p>Eksik Defter ger\u00e7ekten eksik. Onu tamamlayacak olan sensin! Bu defter sen yazd\u0131k\u00e7a, \u00e7izdik\u00e7e, d\u00fc\u015f\u00fcnd\u00fck\u00e7e ve merak ettik\u00e7e tamamlan\u0131yor. \u0130\u00e7inde haz\u0131r cevaplar yok; bunun yerine d\u00fc\u015f\u00fcnd\u00fcren, \u015fa\u015f\u0131rtan, bazen g\u00fcld\u00fcren, bazen de durup \u201cBir dakika&#8230;\u201d dedirten sorular var. Sanatla kar\u015f\u0131la\u015facak, bilimle d\u00fc\u015f\u00fcnecek, felsefeyle yeni kap\u0131lar aralayacaks\u0131n. Bazen bir fikir yazacak, bazen bir \u00e7izgi \u00e7izecek, bazen de yeni \u00f6\u011frendiklerini eskiden bildiklerinle birle\u015ftireceksin. Eksik Defter, kendini daha yak\u0131ndan tan\u0131man, hayal g\u00fcc\u00fcn\u00fc \u00f6zg\u00fcrce kullanman ve kendi sorular\u0131n\u0131 ke\u015ffetmen i\u00e7in haz\u0131rland\u0131. Haz\u0131r m\u0131s\u0131n? \u00c7\u00fcnk\u00fc bu defter, ancak sen ba\u015flarsan tamamlan\u0131r.<\/p>\n","protected":false},"excerpt":{"rendered":"<p>Eksik Defter ger\u00e7ekten eksik. Onu tamamlayacak olan sensin! Bu defter sen yazd\u0131k\u00e7a, \u00e7izdik\u00e7e, d\u00fc\u015f\u00fcnd\u00fck\u00e7e ve merak ettik\u00e7e tamamlan\u0131yor. \u0130\u00e7inde haz\u0131r cevaplar yok; bunun yerine d\u00fc\u015f\u00fcnd\u00fcren, \u015fa\u015f\u0131rtan,<span class=\"excerpt-hellip\"> [\u2026]<\/span><\/p>\n","protected":false},"featured_media":0,"template":"","meta":{"_monsterinsights_skip_tracking":false,"_monsterinsights_sitenote_active":false,"_monsterinsights_sitenote_note":"","_monsterinsights_sitenote_category":0},"product_brand":[],"product_cat":[12274,15842],"product_tag":[],"class_list":{"0":"post-782687","1":"product","2":"type-product","3":"status-publish","5":"product_cat-cocuk-ve-genclik-kitaplari","6":"product_cat-egitici-kitaplar","7":"pa_cilt-ciltsiz","8":"pa_tur-kitap","9":"pa_yayinevi-dogan-cocuk","10":"pa_yazar-zeynep-olgun-pamuk","12":"first","13":"instock","14":"sale","15":"shipping-taxable","16":"purchasable","17":"product-type-simple"},"_links":{"self":[{"href":"https:\/\/roveyayinevi.com.tr\/index.php\/wp-json\/wp\/v2\/product\/782687","targetHints":{"allow":["GET"]}}],"collection":[{"href":"https:\/\/roveyayinevi.com.tr\/index.php\/wp-json\/wp\/v2\/product"}],"about":[{"href":"https:\/\/roveyayinevi.com.tr\/index.php\/wp-json\/wp\/v2\/types\/product"}],"wp:attachment":[{"href":"https:\/\/roveyayinevi.com.tr\/index.php\/wp-json\/wp\/v2\/media?parent=782687"}],"wp:term":[{"taxonomy":"product_brand","embeddable":true,"href":"https:\/\/roveyayinevi.com.tr\/index.php\/wp-json\/wp\/v2\/product_brand?post=782687"},{"taxonomy":"product_cat","embeddable":true,"href":"https:\/\/roveyayinevi.com.tr\/index.php\/wp-json\/wp\/v2\/product_cat?post=782687"},{"taxonomy":"product_tag","embeddable":true,"href":"https:\/\/roveyayinevi.com.tr\/index.php\/wp-json\/wp\/v2\/product_tag?post=782687"}],"curies":[{"name":"wp","href":"https:\/\/api.w.org\/{rel}","templated":true}]}}