{"id":782683,"date":"2026-02-23T12:54:41","date_gmt":"2026-02-23T09:54:41","guid":{"rendered":"https:\/\/roveyayinevi.com.tr\/index.php\/urun\/benimle-kosar-misin\/"},"modified":"2026-04-15T03:45:34","modified_gmt":"2026-04-15T00:45:34","slug":"benimle-kosar-misin","status":"publish","type":"product","link":"https:\/\/roveyayinevi.com.tr\/index.php\/urun\/benimle-kosar-misin\/","title":{"rendered":"Benimle Ko\u015far m\u0131s\u0131n?"},"content":{"rendered":"<p>Ama\u00e7lar, insan\u0131 ya\u015fama ba\u011flayan gizli hazineler&#8230;   Kahraman\u0131m\u0131z\u0131n da her g\u00fcn bir pencereden d\u0131\u015far\u0131 bakarken g\u00f6rd\u00fckleri, gizli hazinesine d\u00f6n\u00fc\u015f\u00fcveriyor. Bazen sadece bir ad\u0131m atmak, ya\u015fam\u0131n amac\u0131 oluyor.   Ko\u015fuyORDU ekibinden, neden ko\u015ftuklar\u0131na dair, \u00e7ocuklar\u0131n ad\u0131m atmalar\u0131n\u0131 sa\u011flayacak anlaml\u0131 ve ilham dolu bir hik\u00e2ye.   Herkesin bir hik\u00e2yesi var, hatta bazen tek bir ad\u0131m\u0131n bile\u2026<\/p>\n","protected":false},"excerpt":{"rendered":"<p>Ama\u00e7lar, insan\u0131 ya\u015fama ba\u011flayan gizli hazineler&#8230; Kahraman\u0131m\u0131z\u0131n da her g\u00fcn bir pencereden d\u0131\u015far\u0131 bakarken g\u00f6rd\u00fckleri, gizli hazinesine d\u00f6n\u00fc\u015f\u00fcveriyor. Bazen sadece bir ad\u0131m atmak, ya\u015fam\u0131n amac\u0131 oluyor.<span class=\"excerpt-hellip\"> [\u2026]<\/span><\/p>\n","protected":false},"featured_media":0,"template":"","meta":{"_monsterinsights_skip_tracking":false,"_monsterinsights_sitenote_active":false,"_monsterinsights_sitenote_note":"","_monsterinsights_sitenote_category":0},"product_brand":[],"product_cat":[12274,12284],"product_tag":[],"class_list":{"0":"post-782683","1":"product","2":"type-product","3":"status-publish","5":"product_cat-cocuk-ve-genclik-kitaplari","6":"product_cat-hikayeler","7":"pa_cilt-ciltsiz","8":"pa_tur-kitap","9":"pa_yayinevi-luna-cocuk-yayinlari","10":"pa_yazar-elvan-karadeniz-tan-askan","12":"first","13":"instock","14":"sale","15":"shipping-taxable","16":"purchasable","17":"product-type-simple"},"_links":{"self":[{"href":"https:\/\/roveyayinevi.com.tr\/index.php\/wp-json\/wp\/v2\/product\/782683","targetHints":{"allow":["GET"]}}],"collection":[{"href":"https:\/\/roveyayinevi.com.tr\/index.php\/wp-json\/wp\/v2\/product"}],"about":[{"href":"https:\/\/roveyayinevi.com.tr\/index.php\/wp-json\/wp\/v2\/types\/product"}],"wp:attachment":[{"href":"https:\/\/roveyayinevi.com.tr\/index.php\/wp-json\/wp\/v2\/media?parent=782683"}],"wp:term":[{"taxonomy":"product_brand","embeddable":true,"href":"https:\/\/roveyayinevi.com.tr\/index.php\/wp-json\/wp\/v2\/product_brand?post=782683"},{"taxonomy":"product_cat","embeddable":true,"href":"https:\/\/roveyayinevi.com.tr\/index.php\/wp-json\/wp\/v2\/product_cat?post=782683"},{"taxonomy":"product_tag","embeddable":true,"href":"https:\/\/roveyayinevi.com.tr\/index.php\/wp-json\/wp\/v2\/product_tag?post=782683"}],"curies":[{"name":"wp","href":"https:\/\/api.w.org\/{rel}","templated":true}]}}