{"id":782680,"date":"2026-02-23T12:54:28","date_gmt":"2026-02-23T09:54:28","guid":{"rendered":"https:\/\/roveyayinevi.com.tr\/index.php\/urun\/var-misin-ki-yok-olmaktan-korkuyorsun-2\/"},"modified":"2026-04-15T03:45:30","modified_gmt":"2026-04-15T00:45:30","slug":"var-misin-ki-yok-olmaktan-korkuyorsun-2","status":"publish","type":"product","link":"https:\/\/roveyayinevi.com.tr\/index.php\/urun\/var-misin-ki-yok-olmaktan-korkuyorsun-2\/","title":{"rendered":"Var m\u0131s\u0131n ki Yok Olmaktan Korkuyorsun?"},"content":{"rendered":"<p>Bu kitap, kalbin saklad\u0131\u011f\u0131 an\u0131lar\u0131n zamanla nas\u0131l bir y\u00fckten d\u00f6n\u00fc\u015f\u00fcme evrildi\u011finin i\u00e7ten bir anlat\u0131m\u0131d\u0131r. Ya\u015fanm\u0131\u015fl\u0131klarla y\u00fczle\u015firken kimi zaman k\u0131r\u0131lgan, kimi zaman g\u00fc\u00e7l\u00fc bir sesle i\u00e7ini d\u00f6k\u00fcyor. Bu benim hik\u00e2yem de\u011fil bu senin hik\u00e2yen ve sen bu hik\u00e2yeyi nas\u0131l olu\u015fturmak istedi\u011fine odaklan ve d\u00f6n\u00fc\u015f\u00fcme haz\u0131r ol. Sayfalar ilerledik\u00e7e okur, ac\u0131yla iyili\u011fin, hat\u0131ralarla yenilenmenin nas\u0131l i\u00e7 i\u00e7e ge\u00e7ti\u011fine tan\u0131k oluyor. Sen olmas\u0131 gerekti\u011fi i\u00e7in yapt\u0131\u011f\u0131n ya\u015fanm\u0131\u015fl\u0131klar i\u00e7in kendine k\u0131zmay\u0131 b\u0131rak. Yenilenmeyi tercih et. Her an\u0131 bir yara de\u011fil, iyile\u015fmeye a\u00e7\u0131lan yeni bir d\u00f6nemin ta kendisi. Kendini ke\u015ffedece\u011fin bu yolculukta alt\u0131n\u0131 \u00e7izece\u011fin \u00e7ok\u00e7a \u015feyler olacak. Ge\u00e7mi\u015fin ac\u0131tan taraflar\u0131 olsa da insan\u0131 b\u00fcy\u00fctt\u00fc\u011f\u00fcn\u00fc hat\u0131rlatan duygusal bir yolculu\u011fu da var. Kalpten s\u00fcz\u00fclen c\u00fcmlelerin, okurun kendi i\u00e7 sesini de uyarlayaca\u011f\u0131 bir i\u00e7 d\u00f6k\u00fc\u015f hikayesi. Bu bizim hik\u00e2yemiz. Bu umut edili\u015fin hik\u00e2yesi\u2026<\/p>\n","protected":false},"excerpt":{"rendered":"<p>Bu kitap, kalbin saklad\u0131\u011f\u0131 an\u0131lar\u0131n zamanla nas\u0131l bir y\u00fckten d\u00f6n\u00fc\u015f\u00fcme evrildi\u011finin i\u00e7ten bir anlat\u0131m\u0131d\u0131r. Ya\u015fanm\u0131\u015fl\u0131klarla y\u00fczle\u015firken kimi zaman k\u0131r\u0131lgan, kimi zaman g\u00fc\u00e7l\u00fc bir sesle i\u00e7ini d\u00f6k\u00fcyor.<span class=\"excerpt-hellip\"> [\u2026]<\/span><\/p>\n","protected":false},"featured_media":0,"template":"","meta":{"_monsterinsights_skip_tracking":false,"_monsterinsights_sitenote_active":false,"_monsterinsights_sitenote_note":"","_monsterinsights_sitenote_category":0},"product_brand":[],"product_cat":[12364,12376],"product_tag":[],"class_list":{"0":"post-782680","1":"product","2":"type-product","3":"status-publish","5":"product_cat-genel-konular","6":"product_cat-kisisel-gelisim","7":"pa_cilt-ciltsiz","8":"pa_tur-kitap","9":"pa_yayinevi-gulnar-yayinlari","10":"pa_yazar-emine-aytemiz-kutluata","12":"first","13":"instock","14":"sale","15":"shipping-taxable","16":"purchasable","17":"product-type-simple"},"_links":{"self":[{"href":"https:\/\/roveyayinevi.com.tr\/index.php\/wp-json\/wp\/v2\/product\/782680","targetHints":{"allow":["GET"]}}],"collection":[{"href":"https:\/\/roveyayinevi.com.tr\/index.php\/wp-json\/wp\/v2\/product"}],"about":[{"href":"https:\/\/roveyayinevi.com.tr\/index.php\/wp-json\/wp\/v2\/types\/product"}],"wp:attachment":[{"href":"https:\/\/roveyayinevi.com.tr\/index.php\/wp-json\/wp\/v2\/media?parent=782680"}],"wp:term":[{"taxonomy":"product_brand","embeddable":true,"href":"https:\/\/roveyayinevi.com.tr\/index.php\/wp-json\/wp\/v2\/product_brand?post=782680"},{"taxonomy":"product_cat","embeddable":true,"href":"https:\/\/roveyayinevi.com.tr\/index.php\/wp-json\/wp\/v2\/product_cat?post=782680"},{"taxonomy":"product_tag","embeddable":true,"href":"https:\/\/roveyayinevi.com.tr\/index.php\/wp-json\/wp\/v2\/product_tag?post=782680"}],"curies":[{"name":"wp","href":"https:\/\/api.w.org\/{rel}","templated":true}]}}