{"id":782679,"date":"2026-02-23T12:54:26","date_gmt":"2026-02-23T09:54:26","guid":{"rendered":"https:\/\/roveyayinevi.com.tr\/index.php\/urun\/kaldim-bir-omur\/"},"modified":"2026-04-15T03:45:29","modified_gmt":"2026-04-15T00:45:29","slug":"kaldim-bir-omur","status":"publish","type":"product","link":"https:\/\/roveyayinevi.com.tr\/index.php\/urun\/kaldim-bir-omur\/","title":{"rendered":"Kald\u0131m Bir \u00d6m\u00fcr"},"content":{"rendered":"<p>\u0130nsan\u0131 yerinden eden g\u00f6zlerin Sular\u0131n serin, topra\u011f\u0131n hakl\u0131 Kusursuz ku\u015flar, \u00e7ay\u0131rlar ve tay Anlatma, inanmazlar &#8211; hep \u00f6yledirler \u00d6lmekten d\u00f6nerler her ak\u015fam eve Ekme\u011fi bilirler, bilmezler bu\u011fday Yukardan bakarlar, d\u00fcnyadan sana Sak\u0131n s\u0131rr\u0131n\u0131 deme onlara D\u00fczl\u00fckte garipsin, da\u011flarda p\u0131rnal Bulmu\u015fsun fakat yeniden ara.<\/p>\n","protected":false},"excerpt":{"rendered":"<p>\u0130nsan\u0131 yerinden eden g\u00f6zlerin Sular\u0131n serin, topra\u011f\u0131n hakl\u0131 Kusursuz ku\u015flar, \u00e7ay\u0131rlar ve tay Anlatma, inanmazlar &#8211; hep \u00f6yledirler \u00d6lmekten d\u00f6nerler her ak\u015fam eve Ekme\u011fi bilirler, bilmezler<span class=\"excerpt-hellip\"> [\u2026]<\/span><\/p>\n","protected":false},"featured_media":0,"template":"","meta":{"_monsterinsights_skip_tracking":false,"_monsterinsights_sitenote_active":false,"_monsterinsights_sitenote_note":"","_monsterinsights_sitenote_category":0},"product_brand":[],"product_cat":[12291,12509],"product_tag":[],"class_list":{"0":"post-782679","1":"product","2":"type-product","3":"status-publish","5":"product_cat-edebiyat","6":"product_cat-siir","7":"pa_cilt-ciltsiz","8":"pa_tur-kitap","9":"pa_yayinevi-muhit-kitap","10":"pa_yazar-ibrahim-tenekeci","12":"first","13":"instock","14":"sale","15":"shipping-taxable","16":"purchasable","17":"product-type-simple"},"_links":{"self":[{"href":"https:\/\/roveyayinevi.com.tr\/index.php\/wp-json\/wp\/v2\/product\/782679","targetHints":{"allow":["GET"]}}],"collection":[{"href":"https:\/\/roveyayinevi.com.tr\/index.php\/wp-json\/wp\/v2\/product"}],"about":[{"href":"https:\/\/roveyayinevi.com.tr\/index.php\/wp-json\/wp\/v2\/types\/product"}],"wp:attachment":[{"href":"https:\/\/roveyayinevi.com.tr\/index.php\/wp-json\/wp\/v2\/media?parent=782679"}],"wp:term":[{"taxonomy":"product_brand","embeddable":true,"href":"https:\/\/roveyayinevi.com.tr\/index.php\/wp-json\/wp\/v2\/product_brand?post=782679"},{"taxonomy":"product_cat","embeddable":true,"href":"https:\/\/roveyayinevi.com.tr\/index.php\/wp-json\/wp\/v2\/product_cat?post=782679"},{"taxonomy":"product_tag","embeddable":true,"href":"https:\/\/roveyayinevi.com.tr\/index.php\/wp-json\/wp\/v2\/product_tag?post=782679"}],"curies":[{"name":"wp","href":"https:\/\/api.w.org\/{rel}","templated":true}]}}