{"id":782678,"date":"2026-02-23T12:54:22","date_gmt":"2026-02-23T09:54:22","guid":{"rendered":"https:\/\/roveyayinevi.com.tr\/index.php\/urun\/soz-ola\/"},"modified":"2026-04-15T03:45:28","modified_gmt":"2026-04-15T00:45:28","slug":"soz-ola","status":"publish","type":"product","link":"https:\/\/roveyayinevi.com.tr\/index.php\/urun\/soz-ola\/","title":{"rendered":"S\u00f6z Ola"},"content":{"rendered":"<p>Kendime Notlar!   Kimi bir deneme yaz\u0131s\u0131n\u0131n k\u0131v\u0131lc\u0131m\u0131, kimi k\u0131sa bir deneme, kimi \u015fiirsel bir \u00f6zdeyi\u015f, kimi ans\u0131z\u0131n dilimin ucuna gelmi\u015f bir s\u00f6z&#8230; Duygu ve d\u00fc\u015f\u00fcncelerimi i\u00e7tenlikle payla\u015farak, y\u0131llar boyu sa\u011flad\u0131\u011f\u0131m birikimin s\u00f6zc\u00fcklere yans\u0131mas\u0131! Y\u0131llar ge\u00e7tik\u00e7e bu ger\u00e7e\u011fi daha iyi anl\u0131yorum:   S\u00f6zc\u00fcklermi\u015f, beni ben yapan!<\/p>\n","protected":false},"excerpt":{"rendered":"<p>Kendime Notlar! Kimi bir deneme yaz\u0131s\u0131n\u0131n k\u0131v\u0131lc\u0131m\u0131, kimi k\u0131sa bir deneme, kimi \u015fiirsel bir \u00f6zdeyi\u015f, kimi ans\u0131z\u0131n dilimin ucuna gelmi\u015f bir s\u00f6z&#8230; Duygu ve d\u00fc\u015f\u00fcncelerimi i\u00e7tenlikle<span class=\"excerpt-hellip\"> [\u2026]<\/span><\/p>\n","protected":false},"featured_media":0,"template":"","meta":{"_monsterinsights_skip_tracking":false,"_monsterinsights_sitenote_active":false,"_monsterinsights_sitenote_note":"","_monsterinsights_sitenote_category":0},"product_brand":[],"product_cat":[12777,12291],"product_tag":[],"class_list":{"0":"post-782678","1":"product","2":"type-product","3":"status-publish","5":"product_cat-deneme","6":"product_cat-edebiyat","7":"pa_cilt-ciltsiz","8":"pa_tur-kitap","9":"pa_yayinevi-favori-yayinlari","10":"pa_yazar-avram-ventura","12":"first","13":"instock","14":"sale","15":"shipping-taxable","16":"purchasable","17":"product-type-simple"},"_links":{"self":[{"href":"https:\/\/roveyayinevi.com.tr\/index.php\/wp-json\/wp\/v2\/product\/782678","targetHints":{"allow":["GET"]}}],"collection":[{"href":"https:\/\/roveyayinevi.com.tr\/index.php\/wp-json\/wp\/v2\/product"}],"about":[{"href":"https:\/\/roveyayinevi.com.tr\/index.php\/wp-json\/wp\/v2\/types\/product"}],"wp:attachment":[{"href":"https:\/\/roveyayinevi.com.tr\/index.php\/wp-json\/wp\/v2\/media?parent=782678"}],"wp:term":[{"taxonomy":"product_brand","embeddable":true,"href":"https:\/\/roveyayinevi.com.tr\/index.php\/wp-json\/wp\/v2\/product_brand?post=782678"},{"taxonomy":"product_cat","embeddable":true,"href":"https:\/\/roveyayinevi.com.tr\/index.php\/wp-json\/wp\/v2\/product_cat?post=782678"},{"taxonomy":"product_tag","embeddable":true,"href":"https:\/\/roveyayinevi.com.tr\/index.php\/wp-json\/wp\/v2\/product_tag?post=782678"}],"curies":[{"name":"wp","href":"https:\/\/api.w.org\/{rel}","templated":true}]}}