{"id":782677,"date":"2026-02-23T12:54:20","date_gmt":"2026-02-23T09:54:20","guid":{"rendered":"https:\/\/roveyayinevi.com.tr\/index.php\/urun\/tek-partili-donemin-kisa-tarihi\/"},"modified":"2026-04-15T03:45:28","modified_gmt":"2026-04-15T00:45:28","slug":"tek-partili-donemin-kisa-tarihi","status":"publish","type":"product","link":"https:\/\/roveyayinevi.com.tr\/index.php\/urun\/tek-partili-donemin-kisa-tarihi\/","title":{"rendered":"Tek Partili D\u00f6nemin K\u0131sa Tarihi"},"content":{"rendered":"<p>Elinizdeki kitap, \u00f6\u011frencilere verilen ders notlar\u0131n\u0131n daha geni\u015f okuyucu kitlesine ula\u015fmas\u0131 d\u00fc\u015f\u00fcn\u00fclerek \u00e7ok fazla ayr\u0131nt\u0131n\u0131n yer almad\u0131\u011f\u0131, k\u0131sa, derli toplu bir Cumhuriyet Tarihi kitab\u0131 olmas\u0131 i\u00e7in tasarlanm\u0131\u015ft\u0131r. Ders notlar\u0131n\u0131n \u00f6tesinde bir etki yaratmas\u0131 arzusuyla giri\u015f b\u00f6l\u00fcm\u00fc ve metin i\u00e7inde g\u00f6ndermelerle tarih bilincinin olu\u015fmas\u0131na katk\u0131 sunulmas\u0131 da ama\u00e7lanm\u0131\u015ft\u0131r.<\/p>\n","protected":false},"excerpt":{"rendered":"<p>Elinizdeki kitap, \u00f6\u011frencilere verilen ders notlar\u0131n\u0131n daha geni\u015f okuyucu kitlesine ula\u015fmas\u0131 d\u00fc\u015f\u00fcn\u00fclerek \u00e7ok fazla ayr\u0131nt\u0131n\u0131n yer almad\u0131\u011f\u0131, k\u0131sa, derli toplu bir Cumhuriyet Tarihi kitab\u0131 olmas\u0131 i\u00e7in<span class=\"excerpt-hellip\"> [\u2026]<\/span><\/p>\n","protected":false},"featured_media":0,"template":"","meta":{"_monsterinsights_skip_tracking":false,"_monsterinsights_sitenote_active":false,"_monsterinsights_sitenote_note":"","_monsterinsights_sitenote_category":0},"product_brand":[],"product_cat":[12337,14528],"product_tag":[],"class_list":{"0":"post-782677","1":"product","2":"type-product","3":"status-publish","5":"product_cat-politika-siyaset","6":"product_cat-siyaset-tarihi","7":"pa_cilt-ciltsiz","8":"pa_tur-kitap","9":"pa_yayinevi-ani-yayincilik","10":"pa_yazar-muzaffer-deniz","12":"first","13":"instock","14":"sale","15":"shipping-taxable","16":"purchasable","17":"product-type-simple"},"_links":{"self":[{"href":"https:\/\/roveyayinevi.com.tr\/index.php\/wp-json\/wp\/v2\/product\/782677","targetHints":{"allow":["GET"]}}],"collection":[{"href":"https:\/\/roveyayinevi.com.tr\/index.php\/wp-json\/wp\/v2\/product"}],"about":[{"href":"https:\/\/roveyayinevi.com.tr\/index.php\/wp-json\/wp\/v2\/types\/product"}],"wp:attachment":[{"href":"https:\/\/roveyayinevi.com.tr\/index.php\/wp-json\/wp\/v2\/media?parent=782677"}],"wp:term":[{"taxonomy":"product_brand","embeddable":true,"href":"https:\/\/roveyayinevi.com.tr\/index.php\/wp-json\/wp\/v2\/product_brand?post=782677"},{"taxonomy":"product_cat","embeddable":true,"href":"https:\/\/roveyayinevi.com.tr\/index.php\/wp-json\/wp\/v2\/product_cat?post=782677"},{"taxonomy":"product_tag","embeddable":true,"href":"https:\/\/roveyayinevi.com.tr\/index.php\/wp-json\/wp\/v2\/product_tag?post=782677"}],"curies":[{"name":"wp","href":"https:\/\/api.w.org\/{rel}","templated":true}]}}