{"id":782676,"date":"2026-02-23T12:54:11","date_gmt":"2026-02-23T09:54:11","guid":{"rendered":"https:\/\/roveyayinevi.com.tr\/index.php\/urun\/bazen-olur-boyle-set\/"},"modified":"2026-04-15T03:45:21","modified_gmt":"2026-04-15T00:45:21","slug":"bazen-olur-boyle-set","status":"publish","type":"product","link":"https:\/\/roveyayinevi.com.tr\/index.php\/urun\/bazen-olur-boyle-set\/","title":{"rendered":"Bazen Olur B\u00f6yle &#8211; Set"},"content":{"rendered":"<p>BAZEN OLUR B\u00d6YLE \u2013 SET Duygular\u0131 fark etmek, kabul etmek, y\u00f6netmek zordur. Bazen olur b\u00f6yle ama \u00e7\u00f6z\u00fcm yine kalbinde! Klinik Psikolog Mehmet Teber\u2019in kaleminden s\u0131cac\u0131k \u201cDuygulara Y\u00f6n Verme\u201d hik\u00e2yeleri \u015fimdi hepsi bir arada, \u00f6zel kutusunda!<\/p>\n","protected":false},"excerpt":{"rendered":"<p>BAZEN OLUR B\u00d6YLE \u2013 SET Duygular\u0131 fark etmek, kabul etmek, y\u00f6netmek zordur. Bazen olur b\u00f6yle ama \u00e7\u00f6z\u00fcm yine kalbinde! Klinik Psikolog Mehmet Teber\u2019in kaleminden s\u0131cac\u0131k \u201cDuygulara<span class=\"excerpt-hellip\"> [\u2026]<\/span><\/p>\n","protected":false},"featured_media":0,"template":"","meta":{"_monsterinsights_skip_tracking":false,"_monsterinsights_sitenote_active":false,"_monsterinsights_sitenote_note":"","_monsterinsights_sitenote_category":0},"product_brand":[],"product_cat":[12274,12518],"product_tag":[],"class_list":{"0":"post-782676","1":"product","2":"type-product","3":"status-publish","5":"product_cat-cocuk-ve-genclik-kitaplari","6":"product_cat-okul-oncesi-kitaplar","7":"pa_cilt-ciltsiz","8":"pa_tur-kitap","9":"pa_yayinevi-sincap-kitap","10":"pa_yazar-mehmet-teber","12":"first","13":"instock","14":"sale","15":"shipping-taxable","16":"purchasable","17":"product-type-simple"},"_links":{"self":[{"href":"https:\/\/roveyayinevi.com.tr\/index.php\/wp-json\/wp\/v2\/product\/782676","targetHints":{"allow":["GET"]}}],"collection":[{"href":"https:\/\/roveyayinevi.com.tr\/index.php\/wp-json\/wp\/v2\/product"}],"about":[{"href":"https:\/\/roveyayinevi.com.tr\/index.php\/wp-json\/wp\/v2\/types\/product"}],"wp:attachment":[{"href":"https:\/\/roveyayinevi.com.tr\/index.php\/wp-json\/wp\/v2\/media?parent=782676"}],"wp:term":[{"taxonomy":"product_brand","embeddable":true,"href":"https:\/\/roveyayinevi.com.tr\/index.php\/wp-json\/wp\/v2\/product_brand?post=782676"},{"taxonomy":"product_cat","embeddable":true,"href":"https:\/\/roveyayinevi.com.tr\/index.php\/wp-json\/wp\/v2\/product_cat?post=782676"},{"taxonomy":"product_tag","embeddable":true,"href":"https:\/\/roveyayinevi.com.tr\/index.php\/wp-json\/wp\/v2\/product_tag?post=782676"}],"curies":[{"name":"wp","href":"https:\/\/api.w.org\/{rel}","templated":true}]}}