{"id":782674,"date":"2026-02-23T12:53:35","date_gmt":"2026-02-23T09:53:35","guid":{"rendered":"https:\/\/roveyayinevi.com.tr\/index.php\/urun\/isyan-ve-hukum\/"},"modified":"2026-04-15T03:45:20","modified_gmt":"2026-04-15T00:45:20","slug":"isyan-ve-hukum","status":"publish","type":"product","link":"https:\/\/roveyayinevi.com.tr\/index.php\/urun\/isyan-ve-hukum\/","title":{"rendered":"\u0130syan ve H\u00fck\u00fcm"},"content":{"rendered":"<p>\u015eeyh Said \u0130syan\u0131, gen\u00e7 Cumhuriyet\u2019in kar\u015f\u0131la\u015ft\u0131\u011f\u0131 ilk b\u00fcy\u00fck tehditlerden biri olarak tarihe ge\u00e7mi\u015ftir. \u0130syan\u0131 bast\u0131rmak \u00fczere harekete ge\u00e7en h\u00fck\u00fbmet, ola\u011fan\u00fcst\u00fc yetkilerle donat\u0131lm\u0131\u015f \u0130stikl\u00e2l Mahkemelerini yeniden devreye sokmu\u015ftur. Bu \u00e7er\u00e7evede kurulan \u015eark \u0130stikl\u00e2l Mahkemesi, iki y\u0131la yak\u0131n bir s\u00fcre isyan\u0131n ya\u015fand\u0131\u011f\u0131 b\u00f6lgede yarg\u0131lamalar yapm\u0131\u015ft\u0131r. Elinizdeki eser, bu yarg\u0131lamalar\u0131n \u00f6tesine ge\u00e7erek gen\u00e7 Cumhuriyet\u2019i hedef alan hareketin planlar\u0131n\u0131, niyetlerini ve siyasal arka plan\u0131n\u0131 da g\u00f6zler \u00f6n\u00fcne sermektedir. \u0130syan ve H\u00fck\u00fcm-\u015eeyh Said \u0130syan\u0131 ve \u0130syan\u0131n Yarg\u0131 S\u00fcreci adl\u0131 bu eser, T\u00fcrkiye Cumhuriyeti tarihinin tart\u0131\u015fmal\u0131 konular\u0131ndan biri olan \u015eeyh Said \u0130syan\u0131\u2019n\u0131 perde arkas\u0131yla birlikte ele almaktad\u0131r. \u0130syana giden s\u00fcre\u00e7, isyan\u0131 tetikleyen olaylar, devletin isyan kar\u015f\u0131s\u0131ndaki refleksi, isyan\u0131 bast\u0131rmak i\u00e7in y\u00fcr\u00fct\u00fclen asker\u00ee harek\u00e2t ve \u015eark \u0130stikl\u00e2l Mahkemesi\u2019nde yap\u0131lan yarg\u0131lamalar, eserde ayr\u0131nt\u0131l\u0131 bi\u00e7imde incelenmektedir. TBMM Ar\u015fivi\u2019nde yer alan belgelere dayanarak kaleme al\u0131nm\u0131\u015f bu eser, \u015eeyh Said \u0130syan\u0131 ve \u015eark \u0130stikl\u00e2l Mahkemesi \u00fczerine yap\u0131lm\u0131\u015f nadir ve kapsaml\u0131 \u00e7al\u0131\u015fmalardan biri olarak kar\u015f\u0131m\u0131za \u00e7\u0131kmaktad\u0131r.<\/p>\n","protected":false},"excerpt":{"rendered":"<p>\u015eeyh Said \u0130syan\u0131, gen\u00e7 Cumhuriyet\u2019in kar\u015f\u0131la\u015ft\u0131\u011f\u0131 ilk b\u00fcy\u00fck tehditlerden biri olarak tarihe ge\u00e7mi\u015ftir. \u0130syan\u0131 bast\u0131rmak \u00fczere harekete ge\u00e7en h\u00fck\u00fbmet, ola\u011fan\u00fcst\u00fc yetkilerle donat\u0131lm\u0131\u015f \u0130stikl\u00e2l Mahkemelerini yeniden devreye<span class=\"excerpt-hellip\"> [\u2026]<\/span><\/p>\n","protected":false},"featured_media":0,"template":"","meta":{"_monsterinsights_skip_tracking":false,"_monsterinsights_sitenote_active":false,"_monsterinsights_sitenote_note":"","_monsterinsights_sitenote_category":0},"product_brand":[],"product_cat":[12304],"product_tag":[],"class_list":{"0":"post-782674","1":"product","2":"type-product","3":"status-publish","5":"product_cat-tarih","6":"pa_cilt-ciltsiz","7":"pa_tur-kitap","8":"pa_yayinevi-ideal-kultur-akademik","9":"pa_yazar-semih-cinar","11":"first","12":"instock","13":"sale","14":"shipping-taxable","15":"purchasable","16":"product-type-simple"},"_links":{"self":[{"href":"https:\/\/roveyayinevi.com.tr\/index.php\/wp-json\/wp\/v2\/product\/782674","targetHints":{"allow":["GET"]}}],"collection":[{"href":"https:\/\/roveyayinevi.com.tr\/index.php\/wp-json\/wp\/v2\/product"}],"about":[{"href":"https:\/\/roveyayinevi.com.tr\/index.php\/wp-json\/wp\/v2\/types\/product"}],"wp:attachment":[{"href":"https:\/\/roveyayinevi.com.tr\/index.php\/wp-json\/wp\/v2\/media?parent=782674"}],"wp:term":[{"taxonomy":"product_brand","embeddable":true,"href":"https:\/\/roveyayinevi.com.tr\/index.php\/wp-json\/wp\/v2\/product_brand?post=782674"},{"taxonomy":"product_cat","embeddable":true,"href":"https:\/\/roveyayinevi.com.tr\/index.php\/wp-json\/wp\/v2\/product_cat?post=782674"},{"taxonomy":"product_tag","embeddable":true,"href":"https:\/\/roveyayinevi.com.tr\/index.php\/wp-json\/wp\/v2\/product_tag?post=782674"}],"curies":[{"name":"wp","href":"https:\/\/api.w.org\/{rel}","templated":true}]}}