{"id":782671,"date":"2026-02-23T12:53:24","date_gmt":"2026-02-23T09:53:24","guid":{"rendered":"https:\/\/roveyayinevi.com.tr\/index.php\/urun\/bu-nasil-ogretmen\/"},"modified":"2026-04-08T03:42:25","modified_gmt":"2026-04-08T00:42:25","slug":"bu-nasil-ogretmen","status":"publish","type":"product","link":"https:\/\/roveyayinevi.com.tr\/index.php\/urun\/bu-nasil-ogretmen\/","title":{"rendered":"Bu Nas\u0131l \u00d6\u011fretmen?"},"content":{"rendered":"<p>Tatilden d\u00f6nen \u00f6\u011frenciler heyecan i\u00e7inde \u00e7ok sevdikleri \u00f6\u011fretmenlerini beklerken kar\u015f\u0131lar\u0131nda yeni birini buldular. Bu \u00f6\u011fretmenin konu\u015fma tarz\u0131, sordu\u011fu sorular, al\u0131\u015f\u0131k olduklar\u0131ndan \u00e7ok farkl\u0131yd\u0131. Her c\u00fcmlesi ile merak uyand\u0131r\u0131yor, daha \u00f6nce hi\u00e7 d\u00fc\u015f\u00fcnmedikleri \u015feyler \u00fczerine d\u00fc\u015f\u00fcnd\u00fcr\u00fcyordu. Dersin sonunda t\u00fcm \u00f6\u011frencilerin ak\u0131llar\u0131nda tek bir soru vard\u0131: \u201cBu nas\u0131l \u00f6\u011fretmen?\u201d P4C (\u00c7ocuklar i\u00e7in Felsefe) uzman\u0131 yazar \u00c7i\u011fdem Harbellio\u011flu, bu kitab\u0131nda \u00e7ocuklarla felsefe yapan bir \u00f6\u011fretmeni anlat\u0131yor. Kurgu i\u00e7inde bir felsefi soru\u015fturmaya yer veren yazar, e\u015f zamanl\u0131 olarak \u00e7ocuklar\u0131 d\u00fc\u015f\u00fcnmeye, sorgulamaya ve yeni sorular sormaya davet ediyor. #tan\u0131\u015fmak ve tan\u0131mak #kendini tan\u0131mak #felsefi d\u00fc\u015f\u00fcnme #\u00f6nyarg\u0131lar<\/p>\n","protected":false},"excerpt":{"rendered":"<p>Tatilden d\u00f6nen \u00f6\u011frenciler heyecan i\u00e7inde \u00e7ok sevdikleri \u00f6\u011fretmenlerini beklerken kar\u015f\u0131lar\u0131nda yeni birini buldular. Bu \u00f6\u011fretmenin konu\u015fma tarz\u0131, sordu\u011fu sorular, al\u0131\u015f\u0131k olduklar\u0131ndan \u00e7ok farkl\u0131yd\u0131. Her c\u00fcmlesi ile<span class=\"excerpt-hellip\"> [\u2026]<\/span><\/p>\n","protected":false},"featured_media":0,"template":"","meta":{"_monsterinsights_skip_tracking":false,"_monsterinsights_sitenote_active":false,"_monsterinsights_sitenote_note":"","_monsterinsights_sitenote_category":0},"product_brand":[],"product_cat":[12274,12284],"product_tag":[],"class_list":{"0":"post-782671","1":"product","2":"type-product","3":"status-publish","5":"product_cat-cocuk-ve-genclik-kitaplari","6":"product_cat-hikayeler","7":"pa_cilt-ciltsiz","8":"pa_tur-kitap","9":"pa_yayinevi-beyaz-balina-yayinlari","10":"pa_yazar-cigdem-harbellioglu","12":"first","13":"instock","14":"sale","15":"shipping-taxable","16":"purchasable","17":"product-type-simple"},"_links":{"self":[{"href":"https:\/\/roveyayinevi.com.tr\/index.php\/wp-json\/wp\/v2\/product\/782671","targetHints":{"allow":["GET"]}}],"collection":[{"href":"https:\/\/roveyayinevi.com.tr\/index.php\/wp-json\/wp\/v2\/product"}],"about":[{"href":"https:\/\/roveyayinevi.com.tr\/index.php\/wp-json\/wp\/v2\/types\/product"}],"wp:attachment":[{"href":"https:\/\/roveyayinevi.com.tr\/index.php\/wp-json\/wp\/v2\/media?parent=782671"}],"wp:term":[{"taxonomy":"product_brand","embeddable":true,"href":"https:\/\/roveyayinevi.com.tr\/index.php\/wp-json\/wp\/v2\/product_brand?post=782671"},{"taxonomy":"product_cat","embeddable":true,"href":"https:\/\/roveyayinevi.com.tr\/index.php\/wp-json\/wp\/v2\/product_cat?post=782671"},{"taxonomy":"product_tag","embeddable":true,"href":"https:\/\/roveyayinevi.com.tr\/index.php\/wp-json\/wp\/v2\/product_tag?post=782671"}],"curies":[{"name":"wp","href":"https:\/\/api.w.org\/{rel}","templated":true}]}}