{"id":782670,"date":"2026-02-23T12:53:20","date_gmt":"2026-02-23T09:53:20","guid":{"rendered":"https:\/\/roveyayinevi.com.tr\/index.php\/urun\/beseri-bolgeler-cografyasi\/"},"modified":"2026-04-15T03:44:53","modified_gmt":"2026-04-15T00:44:53","slug":"beseri-bolgeler-cografyasi","status":"publish","type":"product","link":"https:\/\/roveyayinevi.com.tr\/index.php\/urun\/beseri-bolgeler-cografyasi\/","title":{"rendered":"Be\u015feri B\u00f6lgeler Co\u011frafyas\u0131"},"content":{"rendered":"<p>Be\u015fer\u00ee b\u00f6lgeler, insan ve insan faaliyetlerinin ortaya \u00e7\u0131kard\u0131\u011f\u0131 b\u00f6lgelerdir. N\u00fcfus, k\u00fclt\u00fcr, din, dil, etnik yap\u0131, siyasi, askeri, yerle\u015fme, \u015fehir yerle\u015fme, tar\u0131m, bal\u0131k\u00e7\u0131l\u0131k, ormanc\u0131l\u0131k, enerji kaynaklar\u0131, maden, sanayi, turizm, ileti\u015fim, ula\u015f\u0131m, ticaret b\u00f6lgeleri gibi insan ya\u015fam\u0131 etkileyen t\u00fcm unsurlar\u0131 kapsayan b\u00f6lgelerdir. Be\u015fer\u00ee unsurlar incelenirken, t\u0131pk\u0131 do\u011fal unsurlar oldu\u011fu gibi \u00fclke s\u0131n\u0131rlar\u0131n\u0131n d\u0131\u015f\u0131nda da devam etti\u011fi g\u00f6z \u00f6n\u00fcnde tutulmal\u0131d\u0131r. \u00d6rne\u011fin T\u00fcrkiye\u2019nin ticaret b\u00f6lgeleri incelenirken bu konunun hem Asya\u2019da hem de Avrupa\u2019da devam etti\u011fi dikkate al\u0131nmal\u0131d\u0131r. Ayn\u0131 durum, tar\u0131m, hayvanc\u0131l\u0131k, bal\u0131k\u00e7\u0131l\u0131k, ormanc\u0131l\u0131k, enerji kaynaklar\u0131, madenler, sanayi, turizm, ileti\u015fim, ula\u015f\u0131m ve be\u015fer\u00ee afet b\u00f6lgeleri anlat\u0131l\u0131rken konunun b\u00f6lge s\u0131n\u0131rlar\u0131n\u0131n \u00fclke d\u0131\u015f\u0131nda da devam etti\u011fi belirtilmelidir. Be\u015fer\u00ee B\u00f6lgeler Co\u011frafyas\u0131 isimli bu eserde de \u00fclkeler, sadece idari s\u0131n\u0131rlar\u0131 i\u00e7erisinde esas al\u0131nmam\u0131\u015f, bir b\u00fct\u00fcn olarak de\u011ferlendirilmi\u015ftir. B\u00f6lgesel Co\u011frafya derslerinin ders kitab\u0131 ihtiyac\u0131n\u0131 kar\u015f\u0131lamak amac\u0131yla haz\u0131rlad\u0131\u011f\u0131m\u0131z bu kitab\u0131n kapsam\u0131, Milli E\u011fitim Bakanl\u0131\u011f\u0131 Orta\u00f6\u011fretim Co\u011frafya Ders Programlar\u0131 da g\u00f6z \u00f6n\u00fcnde tutularak ve \u00fcniversite-orta\u00f6\u011fretim aras\u0131nda uyumluluk esas al\u0131narak haz\u0131rlanm\u0131\u015ft\u0131r. \u0130ki k\u0131s\u0131m halinde haz\u0131rlanan eserde, birinci k\u0131s\u0131m sosyal ve k\u00fclt\u00fcrel b\u00f6lgeler, ikinci k\u0131s\u0131m ekonomik b\u00f6lgelere ayr\u0131lm\u0131\u015ft\u0131r. Giri\u015f b\u00f6l\u00fcm\u00fcnde \u201cbe\u015fer\u00ee b\u00f6lge\u201d kavram\u0131 \u00fczerinde durulmu\u015f, be\u015fer\u00ee b\u00f6lge \u00e7al\u0131\u015fmalar\u0131n\u0131n d\u00fcnyadaki seyri incelenmi\u015ftir, de\u011fi\u015fen b\u00f6lgesel \u00e7al\u0131\u015fmalara da de\u011finerek gelinen son nokta \u00fczerinde durulmu\u015ftur.<\/p>\n","protected":false},"excerpt":{"rendered":"<p>Be\u015fer\u00ee b\u00f6lgeler, insan ve insan faaliyetlerinin ortaya \u00e7\u0131kard\u0131\u011f\u0131 b\u00f6lgelerdir. N\u00fcfus, k\u00fclt\u00fcr, din, dil, etnik yap\u0131, siyasi, askeri, yerle\u015fme, \u015fehir yerle\u015fme, tar\u0131m, bal\u0131k\u00e7\u0131l\u0131k, ormanc\u0131l\u0131k, enerji kaynaklar\u0131, maden,<span class=\"excerpt-hellip\"> [\u2026]<\/span><\/p>\n","protected":false},"featured_media":0,"template":"","meta":{"_monsterinsights_skip_tracking":false,"_monsterinsights_sitenote_active":false,"_monsterinsights_sitenote_note":"","_monsterinsights_sitenote_category":0},"product_brand":[],"product_cat":[74169],"product_tag":[],"class_list":{"0":"post-782670","1":"product","2":"type-product","3":"status-publish","5":"product_cat-cografya","6":"pa_cilt-ciltsiz","7":"pa_tur-kitap","8":"pa_yayinevi-aktif-yayinevi","9":"pa_yazar-ramazan-ozey-ali-osman-kocalar-yusuf-mert-ustun","11":"first","12":"instock","13":"sale","14":"shipping-taxable","15":"purchasable","16":"product-type-simple"},"_links":{"self":[{"href":"https:\/\/roveyayinevi.com.tr\/index.php\/wp-json\/wp\/v2\/product\/782670","targetHints":{"allow":["GET"]}}],"collection":[{"href":"https:\/\/roveyayinevi.com.tr\/index.php\/wp-json\/wp\/v2\/product"}],"about":[{"href":"https:\/\/roveyayinevi.com.tr\/index.php\/wp-json\/wp\/v2\/types\/product"}],"wp:attachment":[{"href":"https:\/\/roveyayinevi.com.tr\/index.php\/wp-json\/wp\/v2\/media?parent=782670"}],"wp:term":[{"taxonomy":"product_brand","embeddable":true,"href":"https:\/\/roveyayinevi.com.tr\/index.php\/wp-json\/wp\/v2\/product_brand?post=782670"},{"taxonomy":"product_cat","embeddable":true,"href":"https:\/\/roveyayinevi.com.tr\/index.php\/wp-json\/wp\/v2\/product_cat?post=782670"},{"taxonomy":"product_tag","embeddable":true,"href":"https:\/\/roveyayinevi.com.tr\/index.php\/wp-json\/wp\/v2\/product_tag?post=782670"}],"curies":[{"name":"wp","href":"https:\/\/api.w.org\/{rel}","templated":true}]}}