{"id":782669,"date":"2026-02-23T12:53:18","date_gmt":"2026-02-23T09:53:18","guid":{"rendered":"https:\/\/roveyayinevi.com.tr\/index.php\/urun\/sporda-bilisim-teknolojileri-kullanimi\/"},"modified":"2026-04-15T03:44:53","modified_gmt":"2026-04-15T00:44:53","slug":"sporda-bilisim-teknolojileri-kullanimi","status":"publish","type":"product","link":"https:\/\/roveyayinevi.com.tr\/index.php\/urun\/sporda-bilisim-teknolojileri-kullanimi\/","title":{"rendered":"Sporda Bili\u015fim Teknolojileri Kullan\u0131m\u0131"},"content":{"rendered":"<p>\u0130\u00e7indekiler :   \u00b7         SPORDA KUVVET PLATFORMLARI KULLANIMI \u00b7         UYDU TABANLI SPORCU TAK\u0130P S\u0130STEMLER\u0130 \u00b7         FUTBOLDA DAR ALAN OYUNLARINDA GPS S\u0130STEMLER\u0130N\u0130N KULLANIMI \u00b7         SPOR B\u0130L\u0130MLER\u0130NDE EEG KULLANIMI \u00b7         SPORT\u0130F PERFORMANSIN DE\u011eERLEND\u0130R\u0130LMES\u0130NDE VER\u0130 ANAL\u0130Z Y\u00d6NTEMLER\u0130 \u00b7         SPOR PS\u0130KOLOJ\u0130S\u0130NDE MAK\u0130NE \u00d6\u011eRENMES\u0130 TEMELL\u0130 NEUROFEEDBACK E\u011e\u0130T\u0130M\u0130N\u0130N POTANS\u0130YELLER\u0130 \u00b7         Y\u00dcZEYEL ELEKTROM\u0130YOGRAF\u0130 (sEMG) VE SPOR B\u0130L\u0130M\u0130NDEK\u0130 KULLANIMI <\/p>\n","protected":false},"excerpt":{"rendered":"<p>\u0130\u00e7indekiler : \u00b7 SPORDA KUVVET PLATFORMLARI KULLANIMI \u00b7 UYDU TABANLI SPORCU TAK\u0130P S\u0130STEMLER\u0130 \u00b7 FUTBOLDA DAR ALAN OYUNLARINDA GPS S\u0130STEMLER\u0130N\u0130N KULLANIMI \u00b7 SPOR B\u0130L\u0130MLER\u0130NDE EEG KULLANIMI<span class=\"excerpt-hellip\"> [\u2026]<\/span><\/p>\n","protected":false},"featured_media":0,"template":"","meta":{"_monsterinsights_skip_tracking":false,"_monsterinsights_sitenote_active":false,"_monsterinsights_sitenote_note":"","_monsterinsights_sitenote_category":0},"product_brand":[],"product_cat":[15563,15564],"product_tag":[],"class_list":{"0":"post-782669","1":"product","2":"type-product","3":"status-publish","5":"product_cat-hobi","6":"product_cat-spor","7":"pa_cilt-ciltsiz","8":"pa_tur-kitap","9":"pa_yayinevi-gazi-kitabevi","10":"pa_yazar-kolektif","12":"first","13":"instock","14":"sale","15":"shipping-taxable","16":"purchasable","17":"product-type-simple"},"_links":{"self":[{"href":"https:\/\/roveyayinevi.com.tr\/index.php\/wp-json\/wp\/v2\/product\/782669","targetHints":{"allow":["GET"]}}],"collection":[{"href":"https:\/\/roveyayinevi.com.tr\/index.php\/wp-json\/wp\/v2\/product"}],"about":[{"href":"https:\/\/roveyayinevi.com.tr\/index.php\/wp-json\/wp\/v2\/types\/product"}],"wp:attachment":[{"href":"https:\/\/roveyayinevi.com.tr\/index.php\/wp-json\/wp\/v2\/media?parent=782669"}],"wp:term":[{"taxonomy":"product_brand","embeddable":true,"href":"https:\/\/roveyayinevi.com.tr\/index.php\/wp-json\/wp\/v2\/product_brand?post=782669"},{"taxonomy":"product_cat","embeddable":true,"href":"https:\/\/roveyayinevi.com.tr\/index.php\/wp-json\/wp\/v2\/product_cat?post=782669"},{"taxonomy":"product_tag","embeddable":true,"href":"https:\/\/roveyayinevi.com.tr\/index.php\/wp-json\/wp\/v2\/product_tag?post=782669"}],"curies":[{"name":"wp","href":"https:\/\/api.w.org\/{rel}","templated":true}]}}