{"id":782666,"date":"2026-02-23T12:53:08","date_gmt":"2026-02-23T09:53:08","guid":{"rendered":"https:\/\/roveyayinevi.com.tr\/index.php\/urun\/cagdas-yonetimde-geri-bildirim\/"},"modified":"2026-04-15T03:44:51","modified_gmt":"2026-04-15T00:44:51","slug":"cagdas-yonetimde-geri-bildirim","status":"publish","type":"product","link":"https:\/\/roveyayinevi.com.tr\/index.php\/urun\/cagdas-yonetimde-geri-bildirim\/","title":{"rendered":"\u00c7a\u011fda\u015f Y\u00f6netimde Geri Bildirim"},"content":{"rendered":"<p>\u0130\u00e7indekiler :     1. B\u00d6L\u00dcM \u201cGER\u0130 B\u0130LD\u0130R\u0130M KAVRAMI\u201d   2. B\u00d6L\u00dcM \u201c\u00d6RG\u00dcTSEL \u00d6\u011eRENME ve GER\u0130 B\u0130LD\u0130R\u0130M\u201d   3. B\u00d6L\u00dcM , \u201cK\u0130\u015e\u0130L\u0130K T\u0130PLER\u0130 ve GER\u0130 B\u0130LD\u0130R\u0130M\u201d   4. B\u00d6L\u00dcM \u201cTOPLAM KAL\u0130TE Y\u00d6NET\u0130M\u0130 ve GER\u0130 B\u0130LD\u0130R\u0130M\u201d <\/p>\n","protected":false},"excerpt":{"rendered":"<p>\u0130\u00e7indekiler : 1. B\u00d6L\u00dcM \u201cGER\u0130 B\u0130LD\u0130R\u0130M KAVRAMI\u201d 2. B\u00d6L\u00dcM \u201c\u00d6RG\u00dcTSEL \u00d6\u011eRENME ve GER\u0130 B\u0130LD\u0130R\u0130M\u201d 3. B\u00d6L\u00dcM , \u201cK\u0130\u015e\u0130L\u0130K T\u0130PLER\u0130 ve GER\u0130 B\u0130LD\u0130R\u0130M\u201d 4. B\u00d6L\u00dcM \u201cTOPLAM KAL\u0130TE<span class=\"excerpt-hellip\"> [\u2026]<\/span><\/p>\n","protected":false},"featured_media":0,"template":"","meta":{"_monsterinsights_skip_tracking":false,"_monsterinsights_sitenote_active":false,"_monsterinsights_sitenote_note":"","_monsterinsights_sitenote_category":0},"product_brand":[],"product_cat":[13043,14381],"product_tag":[],"class_list":{"0":"post-782666","1":"product","2":"type-product","3":"status-publish","5":"product_cat-ekonomi","6":"product_cat-isletme-muhasebe-maliye","7":"pa_cilt-ciltsiz","8":"pa_tur-kitap","9":"pa_yayinevi-gazi-kitabevi","10":"pa_yazar-sebahattin-kilinc","12":"first","13":"instock","14":"sale","15":"shipping-taxable","16":"purchasable","17":"product-type-simple"},"_links":{"self":[{"href":"https:\/\/roveyayinevi.com.tr\/index.php\/wp-json\/wp\/v2\/product\/782666","targetHints":{"allow":["GET"]}}],"collection":[{"href":"https:\/\/roveyayinevi.com.tr\/index.php\/wp-json\/wp\/v2\/product"}],"about":[{"href":"https:\/\/roveyayinevi.com.tr\/index.php\/wp-json\/wp\/v2\/types\/product"}],"wp:attachment":[{"href":"https:\/\/roveyayinevi.com.tr\/index.php\/wp-json\/wp\/v2\/media?parent=782666"}],"wp:term":[{"taxonomy":"product_brand","embeddable":true,"href":"https:\/\/roveyayinevi.com.tr\/index.php\/wp-json\/wp\/v2\/product_brand?post=782666"},{"taxonomy":"product_cat","embeddable":true,"href":"https:\/\/roveyayinevi.com.tr\/index.php\/wp-json\/wp\/v2\/product_cat?post=782666"},{"taxonomy":"product_tag","embeddable":true,"href":"https:\/\/roveyayinevi.com.tr\/index.php\/wp-json\/wp\/v2\/product_tag?post=782666"}],"curies":[{"name":"wp","href":"https:\/\/api.w.org\/{rel}","templated":true}]}}