{"id":782665,"date":"2026-02-23T12:53:05","date_gmt":"2026-02-23T09:53:05","guid":{"rendered":"https:\/\/roveyayinevi.com.tr\/index.php\/urun\/bilmeceli-dunya-bulmacali-macera\/"},"modified":"2026-04-15T03:44:51","modified_gmt":"2026-04-15T00:44:51","slug":"bilmeceli-dunya-bulmacali-macera","status":"publish","type":"product","link":"https:\/\/roveyayinevi.com.tr\/index.php\/urun\/bilmeceli-dunya-bulmacali-macera\/","title":{"rendered":"Bilmeceli D\u00fcnya Bulmacal\u0131 Macera"},"content":{"rendered":"<p>Haydi z\u0131pla bilmeceye, ko\u015f bulmacaya! Sayfalar\u0131 \u00e7evirdik\u00e7e kar\u015f\u0131na \u00e7\u0131kan: \u00b7         Ak\u0131l oyunlar\u0131 \u00b7         Esprili bilmeceler \u00b7         Dedektif gibi \u00e7\u00f6zmen gereken ipu\u00e7lar\u0131 \u00b7         Sanatla, do\u011fayla, m\u00fczikle dolu e\u011flenceli b\u00f6l\u00fcmler! \u00c7ocuklar i\u00e7in yaz\u0131ld\u0131 ama i\u00e7inde bir \u00e7ocuk olan herkese hitap ediyor! E\u015fyalar, mevsimler, hayvanlar, meslekler&#8230; Hepsi seninle konu\u015fmak i\u00e7in sab\u0131rs\u0131z! Haz\u0131rsan, bilmecelerin sihirli kap\u0131s\u0131 aralan\u0131yor&#8230; Bu kitap sadece okunmaz, oynan\u0131r!<\/p>\n","protected":false},"excerpt":{"rendered":"<p>Haydi z\u0131pla bilmeceye, ko\u015f bulmacaya! Sayfalar\u0131 \u00e7evirdik\u00e7e kar\u015f\u0131na \u00e7\u0131kan: \u00b7 Ak\u0131l oyunlar\u0131 \u00b7 Esprili bilmeceler \u00b7 Dedektif gibi \u00e7\u00f6zmen gereken ipu\u00e7lar\u0131 \u00b7 Sanatla, do\u011fayla, m\u00fczikle dolu<span class=\"excerpt-hellip\"> [\u2026]<\/span><\/p>\n","protected":false},"featured_media":0,"template":"","meta":{"_monsterinsights_skip_tracking":false,"_monsterinsights_sitenote_active":false,"_monsterinsights_sitenote_note":"","_monsterinsights_sitenote_category":0},"product_brand":[],"product_cat":[12492,12274],"product_tag":[],"class_list":{"0":"post-782665","1":"product","2":"type-product","3":"status-publish","5":"product_cat-bilmece-bulmaca","6":"product_cat-cocuk-ve-genclik-kitaplari","7":"pa_cilt-ciltsiz","8":"pa_tur-kitap","9":"pa_yayinevi-bilgi-yayinevi","10":"pa_yazar-mavisel-yener","12":"first","13":"instock","14":"sale","15":"shipping-taxable","16":"purchasable","17":"product-type-simple"},"_links":{"self":[{"href":"https:\/\/roveyayinevi.com.tr\/index.php\/wp-json\/wp\/v2\/product\/782665","targetHints":{"allow":["GET"]}}],"collection":[{"href":"https:\/\/roveyayinevi.com.tr\/index.php\/wp-json\/wp\/v2\/product"}],"about":[{"href":"https:\/\/roveyayinevi.com.tr\/index.php\/wp-json\/wp\/v2\/types\/product"}],"wp:attachment":[{"href":"https:\/\/roveyayinevi.com.tr\/index.php\/wp-json\/wp\/v2\/media?parent=782665"}],"wp:term":[{"taxonomy":"product_brand","embeddable":true,"href":"https:\/\/roveyayinevi.com.tr\/index.php\/wp-json\/wp\/v2\/product_brand?post=782665"},{"taxonomy":"product_cat","embeddable":true,"href":"https:\/\/roveyayinevi.com.tr\/index.php\/wp-json\/wp\/v2\/product_cat?post=782665"},{"taxonomy":"product_tag","embeddable":true,"href":"https:\/\/roveyayinevi.com.tr\/index.php\/wp-json\/wp\/v2\/product_tag?post=782665"}],"curies":[{"name":"wp","href":"https:\/\/api.w.org\/{rel}","templated":true}]}}