{"id":782664,"date":"2026-02-23T12:53:00","date_gmt":"2026-02-23T09:53:00","guid":{"rendered":"https:\/\/roveyayinevi.com.tr\/index.php\/urun\/merakli-minikler-icin-dokun-hisset-kelimeler\/"},"modified":"2026-04-15T03:44:49","modified_gmt":"2026-04-15T00:44:49","slug":"merakli-minikler-icin-dokun-hisset-kelimeler","status":"publish","type":"product","link":"https:\/\/roveyayinevi.com.tr\/index.php\/urun\/merakli-minikler-icin-dokun-hisset-kelimeler\/","title":{"rendered":"Merakl\u0131 Minikler \u0130\u00e7in Dokun Hisset &#8211; Kelimeler"},"content":{"rendered":"<p>Merakl\u0131 Minikler i\u00e7in Dokun-Hisset Kelimeler     EVDE neler var?Peki \u015eEH\u0130RDE ya da DO\u011eADA?  Merakl\u0131 miniklere uygun bu par\u0131ldayan kitapla kelimelerin fantastik d\u00fcnyas\u0131n\u0131 ke\u015ffedin! <\/p>\n","protected":false},"excerpt":{"rendered":"<p>Merakl\u0131 Minikler i\u00e7in Dokun-Hisset Kelimeler EVDE neler var?Peki \u015eEH\u0130RDE ya da DO\u011eADA? Merakl\u0131 miniklere uygun bu par\u0131ldayan kitapla kelimelerin fantastik d\u00fcnyas\u0131n\u0131 ke\u015ffedin!<\/p>\n","protected":false},"featured_media":0,"template":"","meta":{"_monsterinsights_skip_tracking":false,"_monsterinsights_sitenote_active":false,"_monsterinsights_sitenote_note":"","_monsterinsights_sitenote_category":0},"product_brand":[],"product_cat":[12274,15842],"product_tag":[],"class_list":{"0":"post-782664","1":"product","2":"type-product","3":"status-publish","5":"product_cat-cocuk-ve-genclik-kitaplari","6":"product_cat-egitici-kitaplar","7":"pa_cilt-ciltsiz","8":"pa_tur-kitap","9":"pa_yayinevi-indigo-cocuk","10":"pa_yazar-kolektif","12":"first","13":"instock","14":"sale","15":"shipping-taxable","16":"purchasable","17":"product-type-simple"},"_links":{"self":[{"href":"https:\/\/roveyayinevi.com.tr\/index.php\/wp-json\/wp\/v2\/product\/782664","targetHints":{"allow":["GET"]}}],"collection":[{"href":"https:\/\/roveyayinevi.com.tr\/index.php\/wp-json\/wp\/v2\/product"}],"about":[{"href":"https:\/\/roveyayinevi.com.tr\/index.php\/wp-json\/wp\/v2\/types\/product"}],"wp:attachment":[{"href":"https:\/\/roveyayinevi.com.tr\/index.php\/wp-json\/wp\/v2\/media?parent=782664"}],"wp:term":[{"taxonomy":"product_brand","embeddable":true,"href":"https:\/\/roveyayinevi.com.tr\/index.php\/wp-json\/wp\/v2\/product_brand?post=782664"},{"taxonomy":"product_cat","embeddable":true,"href":"https:\/\/roveyayinevi.com.tr\/index.php\/wp-json\/wp\/v2\/product_cat?post=782664"},{"taxonomy":"product_tag","embeddable":true,"href":"https:\/\/roveyayinevi.com.tr\/index.php\/wp-json\/wp\/v2\/product_tag?post=782664"}],"curies":[{"name":"wp","href":"https:\/\/api.w.org\/{rel}","templated":true}]}}