{"id":782663,"date":"2026-02-23T12:52:58","date_gmt":"2026-02-23T09:52:58","guid":{"rendered":"https:\/\/roveyayinevi.com.tr\/index.php\/urun\/batisizlik-degisen-dunya-duzeninde-batinin-gelecegi\/"},"modified":"2026-04-15T03:44:49","modified_gmt":"2026-04-15T00:44:49","slug":"batisizlik-degisen-dunya-duzeninde-batinin-gelecegi","status":"publish","type":"product","link":"https:\/\/roveyayinevi.com.tr\/index.php\/urun\/batisizlik-degisen-dunya-duzeninde-batinin-gelecegi\/","title":{"rendered":"Bat\u0131s\u0131zl\u0131k &#8211; De\u011fi\u015fen D\u00fcnya D\u00fczeninde Bat\u0131\u2019n\u0131n Gelece\u011fi"},"content":{"rendered":"<p>Bat\u0131s\u0131zl\u0131k, Bat\u0131l\u0131 milletler ve halklar\u0131n k\u00fcresel pastada sahip olduklar\u0131 dilimin azalmas\u0131 anlam\u0131na gelmektedir. Demografik, ekonomik, asker\u00ee ve k\u00fclt\u00fcrel a\u00e7\u0131dan \u00e7ok daha \u00e7e\u015fitli bir k\u00fcresel gelece\u011fe do\u011fru son s\u00fcrat ilerliyoruz. Bat\u0131\u2019n\u0131n y\u00fczy\u0131llar s\u00fcren muazzam etkisi \u00fczerine in\u015fa edilmi\u015f olan g\u00fcn\u00fcm\u00fczle ilgili kesinliklerimizin bir\u00e7o\u011fu, d\u00fcnya genelinde insanlar taraf\u0131ndan yeniden sorgulan\u0131yor. Bat\u0131\u2019n\u0131n k\u00fcresel etkisinin azalmas\u0131 h\u0131zlan\u0131yor, bu da ayaklar\u0131m\u0131z\u0131n alt\u0131ndaki zemini sars\u0131yor\u2026 Bat\u0131\u2019n\u0131n y\u00fczy\u0131llard\u0131r in\u015fa etmekte ve n\u00fcfuz etmekte rol oynad\u0131\u011f\u0131 d\u00fcnya y\u0131k\u0131l\u0131yor ama ne kadar h\u0131zl\u0131 ve hangi \u015fekillerde de\u011fi\u015fiyor? Bat\u0131\u2019n\u0131n k\u00fcresel etkisinin devam etti\u011fi alanlarla \u00e7oktan g\u00fc\u00e7ten d\u00fc\u015ft\u00fc\u011f\u00fc alanlar\u0131 birbirinden ay\u0131rabilir miyiz? Bir k\u0131sm\u0131 Bat\u0131\u2019da, bir k\u0131sm\u0131 da ba\u015fka yerlerde olmak \u00fczere birden fazla g\u00fc\u00e7 ve n\u00fcfuz merkezinden olu\u015fan d\u00fcnya \u015fimdi nas\u0131l i\u015fleyecek? Ve daha az Bat\u0131 merkezli bir d\u00fcnyadan korkmal\u0131 m\u0131y\u0131z yoksa bu olumlu bir f\u0131rsat olabilir mi? Bat\u0131s\u0131zl\u0131\u011f\u0131n h\u0131zla ilerledi\u011fini ke\u015ffedece\u011fiz. Baz\u0131 yerlerde d\u00fc\u015f\u00fcnd\u00fc\u011f\u00fcn\u00fczden \u00e7ok daha fazla ilerlemi\u015f durumda. \u015eimdi as\u0131l soru ne kadar ileri gidece\u011fi. Avrupa\u2019n\u0131n h\u00e2l\u00e2 ABD\u2019nin g\u00fcc\u00fc ile b\u00fcy\u00fck \u00f6l\u00e7\u00fcde korundu\u011fu Bat\u0131 d\u00fcnyas\u0131, ayr\u0131cal\u0131klar\u0131ndan isteyerek vazge\u00e7meyecektir\u2026 <\/p>\n","protected":false},"excerpt":{"rendered":"<p>Bat\u0131s\u0131zl\u0131k, Bat\u0131l\u0131 milletler ve halklar\u0131n k\u00fcresel pastada sahip olduklar\u0131 dilimin azalmas\u0131 anlam\u0131na gelmektedir. Demografik, ekonomik, asker\u00ee ve k\u00fclt\u00fcrel a\u00e7\u0131dan \u00e7ok daha \u00e7e\u015fitli bir k\u00fcresel gelece\u011fe do\u011fru<span class=\"excerpt-hellip\"> [\u2026]<\/span><\/p>\n","protected":false},"featured_media":0,"template":"","meta":{"_monsterinsights_skip_tracking":false,"_monsterinsights_sitenote_active":false,"_monsterinsights_sitenote_note":"","_monsterinsights_sitenote_category":0},"product_brand":[],"product_cat":[12324],"product_tag":[],"class_list":{"0":"post-782663","1":"product","2":"type-product","3":"status-publish","5":"product_cat-sosyoloji","6":"pa_cilt-ciltsiz","7":"pa_tur-kitap","8":"pa_yayinevi-yeditepe-yayinevi","9":"pa_yazar-samir-puri","11":"first","12":"instock","13":"sale","14":"shipping-taxable","15":"purchasable","16":"product-type-simple"},"_links":{"self":[{"href":"https:\/\/roveyayinevi.com.tr\/index.php\/wp-json\/wp\/v2\/product\/782663","targetHints":{"allow":["GET"]}}],"collection":[{"href":"https:\/\/roveyayinevi.com.tr\/index.php\/wp-json\/wp\/v2\/product"}],"about":[{"href":"https:\/\/roveyayinevi.com.tr\/index.php\/wp-json\/wp\/v2\/types\/product"}],"wp:attachment":[{"href":"https:\/\/roveyayinevi.com.tr\/index.php\/wp-json\/wp\/v2\/media?parent=782663"}],"wp:term":[{"taxonomy":"product_brand","embeddable":true,"href":"https:\/\/roveyayinevi.com.tr\/index.php\/wp-json\/wp\/v2\/product_brand?post=782663"},{"taxonomy":"product_cat","embeddable":true,"href":"https:\/\/roveyayinevi.com.tr\/index.php\/wp-json\/wp\/v2\/product_cat?post=782663"},{"taxonomy":"product_tag","embeddable":true,"href":"https:\/\/roveyayinevi.com.tr\/index.php\/wp-json\/wp\/v2\/product_tag?post=782663"}],"curies":[{"name":"wp","href":"https:\/\/api.w.org\/{rel}","templated":true}]}}