{"id":782660,"date":"2026-02-23T12:52:51","date_gmt":"2026-02-23T09:52:51","guid":{"rendered":"https:\/\/roveyayinevi.com.tr\/index.php\/urun\/neden-tasitlar-ciltli\/"},"modified":"2026-04-15T03:44:48","modified_gmt":"2026-04-15T00:44:48","slug":"neden-tasitlar-ciltli","status":"publish","type":"product","link":"https:\/\/roveyayinevi.com.tr\/index.php\/urun\/neden-tasitlar-ciltli\/","title":{"rendered":"Neden? Ta\u015f\u0131tlar (Ciltli)"},"content":{"rendered":"<p>Merakl\u0131 \u00e7ocuklar i\u00e7in ta\u015f\u0131tlar\u0131n gizemini a\u00e7\u0131klayan e\u011flenceli bir ke\u015fif kitab\u0131!   Neden? \u0130\u015fte d\u00e2hi \u00e7ocuklar\u0131n en sevdi\u011fi soru! Merakl\u0131 \u00e7ocuklar daima soru sorar. Bu kitab\u0131n i\u00e7inde ta\u015f\u0131tlar hakk\u0131nda merak etti\u011fin her \u015feyin cevab\u0131 var! E\u011flenceli pencereler ve anla\u015f\u0131l\u0131r a\u00e7\u0131klamalarla haz\u0131rlanan bu kitap, \u00e7ocuklar\u0131n hem merak duygusunu harekete ge\u00e7iriyor hem de \u00f6\u011frenmeyi oyunla bulu\u015fturuyor.   Kazan\u0131mlar:   Ta\u015f\u0131t t\u00fcrlerini ve i\u015flevlerini \u00f6\u011frenir.   G\u00fcnl\u00fck ya\u015famda kar\u015f\u0131la\u015f\u0131lan ara\u00e7lara kar\u015f\u0131 fark\u0131ndal\u0131k kazan\u0131r.   Neden-sonu\u00e7 ili\u015fkisi kurma becerisi geli\u015fir.   Merak duygusu ve \u00f6\u011frenme motivasyonu desteklenir. <\/p>\n","protected":false},"excerpt":{"rendered":"<p>Merakl\u0131 \u00e7ocuklar i\u00e7in ta\u015f\u0131tlar\u0131n gizemini a\u00e7\u0131klayan e\u011flenceli bir ke\u015fif kitab\u0131! Neden? \u0130\u015fte d\u00e2hi \u00e7ocuklar\u0131n en sevdi\u011fi soru! Merakl\u0131 \u00e7ocuklar daima soru sorar. Bu kitab\u0131n i\u00e7inde ta\u015f\u0131tlar<span class=\"excerpt-hellip\"> [\u2026]<\/span><\/p>\n","protected":false},"featured_media":0,"template":"","meta":{"_monsterinsights_skip_tracking":false,"_monsterinsights_sitenote_active":false,"_monsterinsights_sitenote_note":"","_monsterinsights_sitenote_category":0},"product_brand":[],"product_cat":[12274,15842],"product_tag":[],"class_list":{"0":"post-782660","1":"product","2":"type-product","3":"status-publish","5":"product_cat-cocuk-ve-genclik-kitaplari","6":"product_cat-egitici-kitaplar","7":"pa_cilt-ciltli","8":"pa_tur-kitap","9":"pa_yayinevi-masalperest","10":"pa_yazar-anonim","12":"first","13":"instock","14":"sale","15":"shipping-taxable","16":"purchasable","17":"product-type-simple"},"_links":{"self":[{"href":"https:\/\/roveyayinevi.com.tr\/index.php\/wp-json\/wp\/v2\/product\/782660","targetHints":{"allow":["GET"]}}],"collection":[{"href":"https:\/\/roveyayinevi.com.tr\/index.php\/wp-json\/wp\/v2\/product"}],"about":[{"href":"https:\/\/roveyayinevi.com.tr\/index.php\/wp-json\/wp\/v2\/types\/product"}],"wp:attachment":[{"href":"https:\/\/roveyayinevi.com.tr\/index.php\/wp-json\/wp\/v2\/media?parent=782660"}],"wp:term":[{"taxonomy":"product_brand","embeddable":true,"href":"https:\/\/roveyayinevi.com.tr\/index.php\/wp-json\/wp\/v2\/product_brand?post=782660"},{"taxonomy":"product_cat","embeddable":true,"href":"https:\/\/roveyayinevi.com.tr\/index.php\/wp-json\/wp\/v2\/product_cat?post=782660"},{"taxonomy":"product_tag","embeddable":true,"href":"https:\/\/roveyayinevi.com.tr\/index.php\/wp-json\/wp\/v2\/product_tag?post=782660"}],"curies":[{"name":"wp","href":"https:\/\/api.w.org\/{rel}","templated":true}]}}