{"id":782655,"date":"2026-02-23T12:52:08","date_gmt":"2026-02-23T09:52:08","guid":{"rendered":"https:\/\/roveyayinevi.com.tr\/index.php\/urun\/50-basarisizlikla-dunya-tarihi\/"},"modified":"2026-04-15T03:44:39","modified_gmt":"2026-04-15T00:44:39","slug":"50-basarisizlikla-dunya-tarihi","status":"publish","type":"product","link":"https:\/\/roveyayinevi.com.tr\/index.php\/urun\/50-basarisizlikla-dunya-tarihi\/","title":{"rendered":"50 Ba\u015far\u0131s\u0131zl\u0131kla D\u00fcnya Tarihi"},"content":{"rendered":"<p>D\u00dcNYA TAR\u0130H\u0130NDEK\u0130 GELM\u0130\u015e GE\u00c7M\u0130\u015e EN B\u00dcY\u00dcK ELL\u0130 BA\u015eARISIZLIK, FELAKET VE KA\u00c7IRILMI\u015e FIRSAT \u00dcZER\u0130NDEN SUNULAN B\u00dcY\u00dcLEY\u0130C\u0130 VE E\u011eLENCEL\u0130 B\u0130R ANLATI. Serinin bu yeni kitab\u0131nda tarihi \u015fekillendiren ba\u015far\u0131s\u0131zl\u0131klar\u0131, hatalar\u0131 ve ka\u00e7\u0131r\u0131lan f\u0131rsatlar\u0131 ke\u015ffedin. \u00d6mr\u00fc uzatan bir iksir yaratma giri\u015fimi ba\u015far\u0131s\u0131zl\u0131kla sonu\u00e7lan\u0131nca ortaya barutun \u00e7\u0131kmas\u0131ndan, Charles Darwin\u2019in do\u011fa bilimleri alan\u0131nda kariyer yapmas\u0131na yol a\u00e7an ba\u015far\u0131s\u0131z t\u0131p fak\u00fcltesi maceras\u0131na ve neredeyse bir n\u00fckleer sava\u015f\u0131n fitilini ate\u015fleyecek olan f\u00fcze tespit sistemi ar\u0131zas\u0131na kadar insanl\u0131k tarihinin seyri \u00e7o\u011fu zaman t\u00fcrl\u00fc ba\u015far\u0131s\u0131zl\u0131klarla \u015fekillenmi\u015ftir. Binlerce y\u0131l\u0131 kapsayan elli kolay okunan b\u00f6l\u00fcm\u00fcyle 50 Ba\u015far\u0131s\u0131zl\u0131kla D\u00fcnya Tarihi, bildi\u011fimiz d\u00fcnyan\u0131n de\u011ferlendirilemeyen f\u0131rsatlar ve felaketle sonu\u00e7lanmas\u0131 ka\u00e7\u0131n\u0131lmaz olan planlarla \u015fekillendi\u011fini ayr\u0131nt\u0131lar\u0131yla anlat\u0131yor.   <\/p>\n","protected":false},"excerpt":{"rendered":"<p>D\u00dcNYA TAR\u0130H\u0130NDEK\u0130 GELM\u0130\u015e GE\u00c7M\u0130\u015e EN B\u00dcY\u00dcK ELL\u0130 BA\u015eARISIZLIK, FELAKET VE KA\u00c7IRILMI\u015e FIRSAT \u00dcZER\u0130NDEN SUNULAN B\u00dcY\u00dcLEY\u0130C\u0130 VE E\u011eLENCEL\u0130 B\u0130R ANLATI. Serinin bu yeni kitab\u0131nda tarihi \u015fekillendiren ba\u015far\u0131s\u0131zl\u0131klar\u0131,<span class=\"excerpt-hellip\"> [\u2026]<\/span><\/p>\n","protected":false},"featured_media":0,"template":"","meta":{"_monsterinsights_skip_tracking":false,"_monsterinsights_sitenote_active":false,"_monsterinsights_sitenote_note":"","_monsterinsights_sitenote_category":0},"product_brand":[],"product_cat":[12304],"product_tag":[],"class_list":{"0":"post-782655","1":"product","2":"type-product","3":"status-publish","5":"product_cat-tarih","6":"pa_cilt-ciltsiz","7":"pa_tur-kitap","8":"pa_yayinevi-orenda","9":"pa_yazar-ben-gazur","11":"first","12":"instock","13":"sale","14":"shipping-taxable","15":"purchasable","16":"product-type-simple"},"_links":{"self":[{"href":"https:\/\/roveyayinevi.com.tr\/index.php\/wp-json\/wp\/v2\/product\/782655","targetHints":{"allow":["GET"]}}],"collection":[{"href":"https:\/\/roveyayinevi.com.tr\/index.php\/wp-json\/wp\/v2\/product"}],"about":[{"href":"https:\/\/roveyayinevi.com.tr\/index.php\/wp-json\/wp\/v2\/types\/product"}],"wp:attachment":[{"href":"https:\/\/roveyayinevi.com.tr\/index.php\/wp-json\/wp\/v2\/media?parent=782655"}],"wp:term":[{"taxonomy":"product_brand","embeddable":true,"href":"https:\/\/roveyayinevi.com.tr\/index.php\/wp-json\/wp\/v2\/product_brand?post=782655"},{"taxonomy":"product_cat","embeddable":true,"href":"https:\/\/roveyayinevi.com.tr\/index.php\/wp-json\/wp\/v2\/product_cat?post=782655"},{"taxonomy":"product_tag","embeddable":true,"href":"https:\/\/roveyayinevi.com.tr\/index.php\/wp-json\/wp\/v2\/product_tag?post=782655"}],"curies":[{"name":"wp","href":"https:\/\/api.w.org\/{rel}","templated":true}]}}