{"id":782650,"date":"2026-02-23T12:51:36","date_gmt":"2026-02-23T09:51:36","guid":{"rendered":"https:\/\/roveyayinevi.com.tr\/index.php\/urun\/filozof-cocuklar-kulubu-1-magaradaki-sir\/"},"modified":"2026-04-15T03:44:08","modified_gmt":"2026-04-15T00:44:08","slug":"filozof-cocuklar-kulubu-1-magaradaki-sir","status":"publish","type":"product","link":"https:\/\/roveyayinevi.com.tr\/index.php\/urun\/filozof-cocuklar-kulubu-1-magaradaki-sir\/","title":{"rendered":"Filozof \u00c7ocuklar Kul\u00fcb\u00fc 1 &#8211; Ma\u011faradaki S\u0131r"},"content":{"rendered":"<p>Bilge ve Cemre, bir m\u00fcze gezisinde bulduklar\u0131 gizemli kutuyla fantastik bir d\u00fcnyan\u0131n kap\u0131lar\u0131n\u0131 aral\u0131yorlar. Siz de onlara e\u015flik etmek ister misiniz? Filozoflar\u0131n d\u00fc\u015f\u00fcnce d\u00fcnyas\u0131na ad\u0131m atacak, efsanevi varl\u0131klarla tan\u0131\u015facak, felsefenin \u201cBen kimim?\u201d sorusuna yan\u0131t arayacak ve her ad\u0131mda yeni maceralar\u0131n pe\u015fine d\u00fc\u015feceksiniz. Size bir s\u0131r verelim: Bu kul\u00fcbe bir kez giren, bir daha s\u0131radan d\u00fc\u015f\u00fcnemez. Birbirinden e\u011flenceli etkinliklerle dolu Filozof \u00c7ocuklar Kul\u00fcb\u00fc\u2019ne kat\u0131lmaya haz\u0131rsan\u0131z macera ba\u015flas\u0131n! Bu yolculukta kar\u015f\u0131n\u0131za \u00e7\u0131kacaklar:- Merak &#8211; Sorular &#8211; Mitoloji &#8211; Metafor &#8211; Ben Kimim? &#8211; Determinizm &#8211; Anadolu\u2019da Ya\u015fayan Filozoflar &#8211; Haiku &#8211; Macera<\/p>\n","protected":false},"excerpt":{"rendered":"<p>Bilge ve Cemre, bir m\u00fcze gezisinde bulduklar\u0131 gizemli kutuyla fantastik bir d\u00fcnyan\u0131n kap\u0131lar\u0131n\u0131 aral\u0131yorlar. Siz de onlara e\u015flik etmek ister misiniz? Filozoflar\u0131n d\u00fc\u015f\u00fcnce d\u00fcnyas\u0131na ad\u0131m atacak,<span class=\"excerpt-hellip\"> [\u2026]<\/span><\/p>\n","protected":false},"featured_media":0,"template":"","meta":{"_monsterinsights_skip_tracking":false,"_monsterinsights_sitenote_active":false,"_monsterinsights_sitenote_note":"","_monsterinsights_sitenote_category":0},"product_brand":[],"product_cat":[12274,12284],"product_tag":[],"class_list":{"0":"post-782650","1":"product","2":"type-product","3":"status-publish","5":"product_cat-cocuk-ve-genclik-kitaplari","6":"product_cat-hikayeler","7":"pa_cilt-ciltsiz","8":"pa_tur-kitap","9":"pa_yayinevi-beyaz-balina-yayinlari","10":"pa_yazar-hatice-erdemir-kuzu","12":"first","13":"instock","14":"sale","15":"shipping-taxable","16":"purchasable","17":"product-type-simple"},"_links":{"self":[{"href":"https:\/\/roveyayinevi.com.tr\/index.php\/wp-json\/wp\/v2\/product\/782650","targetHints":{"allow":["GET"]}}],"collection":[{"href":"https:\/\/roveyayinevi.com.tr\/index.php\/wp-json\/wp\/v2\/product"}],"about":[{"href":"https:\/\/roveyayinevi.com.tr\/index.php\/wp-json\/wp\/v2\/types\/product"}],"wp:attachment":[{"href":"https:\/\/roveyayinevi.com.tr\/index.php\/wp-json\/wp\/v2\/media?parent=782650"}],"wp:term":[{"taxonomy":"product_brand","embeddable":true,"href":"https:\/\/roveyayinevi.com.tr\/index.php\/wp-json\/wp\/v2\/product_brand?post=782650"},{"taxonomy":"product_cat","embeddable":true,"href":"https:\/\/roveyayinevi.com.tr\/index.php\/wp-json\/wp\/v2\/product_cat?post=782650"},{"taxonomy":"product_tag","embeddable":true,"href":"https:\/\/roveyayinevi.com.tr\/index.php\/wp-json\/wp\/v2\/product_tag?post=782650"}],"curies":[{"name":"wp","href":"https:\/\/api.w.org\/{rel}","templated":true}]}}