{"id":782646,"date":"2026-02-23T12:50:40","date_gmt":"2026-02-23T09:50:40","guid":{"rendered":"https:\/\/roveyayinevi.com.tr\/index.php\/urun\/paranin-dijitallesmesi-ve-merkez-bankasi-dijital-parasi-cbdc\/"},"modified":"2026-04-15T03:43:45","modified_gmt":"2026-04-15T00:43:45","slug":"paranin-dijitallesmesi-ve-merkez-bankasi-dijital-parasi-cbdc","status":"publish","type":"product","link":"https:\/\/roveyayinevi.com.tr\/index.php\/urun\/paranin-dijitallesmesi-ve-merkez-bankasi-dijital-parasi-cbdc\/","title":{"rendered":"Paran\u0131n Dijitalle\u015fmesi Ve Merkez Bankas\u0131 Dijital Paras\u0131 (CBDC)"},"content":{"rendered":"<p>\u0130\u00e7indekiler :         1. G\u0130R\u0130\u015e         2. PARA KAVRAMI VE PARANIN T\u00dcRLER\u0130         3.D\u0130J\u0130TALLE\u015eEN PARA VE MERKEZ BANKASI D\u0130J\u0130TAL PARASI (CBDC)         4. MERKEZ BANKASI D\u0130J\u0130TAL PARASI (CBDC) UYGULAMASININ EKONOM\u0130K                  VE EKONOM\u0130 POL\u0130T\u0130KALARI \u00dcZER\u0130NDEK\u0130 ETK\u0130LER\u0130         5. DE\u011eERLEND\u0130RME <\/p>\n","protected":false},"excerpt":{"rendered":"<p>\u0130\u00e7indekiler : 1. G\u0130R\u0130\u015e 2. PARA KAVRAMI VE PARANIN T\u00dcRLER\u0130 3.D\u0130J\u0130TALLE\u015eEN PARA VE MERKEZ BANKASI D\u0130J\u0130TAL PARASI (CBDC) 4. MERKEZ BANKASI D\u0130J\u0130TAL PARASI (CBDC) UYGULAMASININ EKONOM\u0130K<span class=\"excerpt-hellip\"> [\u2026]<\/span><\/p>\n","protected":false},"featured_media":0,"template":"","meta":{"_monsterinsights_skip_tracking":false,"_monsterinsights_sitenote_active":false,"_monsterinsights_sitenote_note":"","_monsterinsights_sitenote_category":0},"product_brand":[],"product_cat":[13043,14381],"product_tag":[],"class_list":{"0":"post-782646","1":"product","2":"type-product","3":"status-publish","5":"product_cat-ekonomi","6":"product_cat-isletme-muhasebe-maliye","7":"pa_cilt-ciltsiz","8":"pa_tur-kitap","9":"pa_yayinevi-gazi-kitabevi","10":"pa_yazar-aysegul-bilgic-ulun","12":"first","13":"instock","14":"sale","15":"shipping-taxable","16":"purchasable","17":"product-type-simple"},"_links":{"self":[{"href":"https:\/\/roveyayinevi.com.tr\/index.php\/wp-json\/wp\/v2\/product\/782646","targetHints":{"allow":["GET"]}}],"collection":[{"href":"https:\/\/roveyayinevi.com.tr\/index.php\/wp-json\/wp\/v2\/product"}],"about":[{"href":"https:\/\/roveyayinevi.com.tr\/index.php\/wp-json\/wp\/v2\/types\/product"}],"wp:attachment":[{"href":"https:\/\/roveyayinevi.com.tr\/index.php\/wp-json\/wp\/v2\/media?parent=782646"}],"wp:term":[{"taxonomy":"product_brand","embeddable":true,"href":"https:\/\/roveyayinevi.com.tr\/index.php\/wp-json\/wp\/v2\/product_brand?post=782646"},{"taxonomy":"product_cat","embeddable":true,"href":"https:\/\/roveyayinevi.com.tr\/index.php\/wp-json\/wp\/v2\/product_cat?post=782646"},{"taxonomy":"product_tag","embeddable":true,"href":"https:\/\/roveyayinevi.com.tr\/index.php\/wp-json\/wp\/v2\/product_tag?post=782646"}],"curies":[{"name":"wp","href":"https:\/\/api.w.org\/{rel}","templated":true}]}}