{"id":782638,"date":"2026-02-23T12:49:29","date_gmt":"2026-02-23T09:49:29","guid":{"rendered":"https:\/\/roveyayinevi.com.tr\/index.php\/urun\/toplu-oyunlar-3\/"},"modified":"2026-04-15T03:43:05","modified_gmt":"2026-04-15T00:43:05","slug":"toplu-oyunlar-3","status":"publish","type":"product","link":"https:\/\/roveyayinevi.com.tr\/index.php\/urun\/toplu-oyunlar-3\/","title":{"rendered":"Toplu Oyunlar"},"content":{"rendered":"<p>Bir insan \u00e7\u0131ld\u0131rd\u0131\u011f\u0131n\u0131 fark etmeyebilir. Gariplikler bir s\u00fcre sonra normalle\u015febilir. Ve bir siyaset\u00e7i, en olmad\u0131k anda t\u00fcm yalanlar\u0131 itiraf edebilir\u2026   Bu oyunlar, bize ya\u015fat\u0131lan hayat\u0131n ta kendisi&#8230; G\u00fcrgen \u00d6z, keskin g\u00f6zlem g\u00fcc\u00fc ve oyunculuk birikimiyle hayat\u0131n i\u00e7indeki tuhafl\u0131klar\u0131 sahneye ta\u015f\u0131rken, kara komedi ve abs\u00fcrt anlat\u0131m tarz\u0131n\u0131 ustal\u0131kla birle\u015ftiriyor. Hem e\u011flenceli hem de ele\u015ftirel yap\u0131da olan bu \u00fc\u00e7 oyun; art\u0131k i\u00e7inden \u00e7\u0131k\u0131lmaz bir labirente d\u00f6n\u00fc\u015fm\u00fc\u015f olan toplumsal sorunlar\u0131, hepimizin i\u00e7inde ya\u015fad\u0131\u011f\u0131 o garip sistemi ve k\u00f6kle\u015fmi\u015f \u00e7arp\u0131kl\u0131klar\u0131 sivri bir dille g\u00f6zler \u00f6n\u00fcne seriyor.   K\u00f6t\u00fc Bir G\u00fcn, Garip Bir Yer ve L\u00fctfen Aram\u0131zda Kals\u0131n! (Bir Siyaset\u00e7inin \u0130tiraflar\u0131), az karakterli, minimal ve katmanl\u0131 yap\u0131lar\u0131yla hem tiyatroseverlere hem de tiyatro oyuncular\u0131na kendi hik\u00e2yelerimiz ad\u0131na zengin bir kaynak sunuyor.   Perde araland\u0131\u011f\u0131nda g\u00f6rece\u011finiz hi\u00e7bir \u015fey g\u00f6r\u00fcnd\u00fc\u011f\u00fc gibi de\u011fil. Haz\u0131r olun; bazen g\u00fclerek, bazen sars\u0131larak okuyacaks\u0131n\u0131z. <\/p>\n","protected":false},"excerpt":{"rendered":"<p>Bir insan \u00e7\u0131ld\u0131rd\u0131\u011f\u0131n\u0131 fark etmeyebilir. Gariplikler bir s\u00fcre sonra normalle\u015febilir. Ve bir siyaset\u00e7i, en olmad\u0131k anda t\u00fcm yalanlar\u0131 itiraf edebilir\u2026 Bu oyunlar, bize ya\u015fat\u0131lan hayat\u0131n ta<span class=\"excerpt-hellip\"> [\u2026]<\/span><\/p>\n","protected":false},"featured_media":0,"template":"","meta":{"_monsterinsights_skip_tracking":false,"_monsterinsights_sitenote_active":false,"_monsterinsights_sitenote_note":"","_monsterinsights_sitenote_category":0},"product_brand":[],"product_cat":[12291,14272],"product_tag":[],"class_list":{"0":"post-782638","1":"product","2":"type-product","3":"status-publish","5":"product_cat-edebiyat","6":"product_cat-tiyatro","7":"pa_cilt-ciltsiz","8":"pa_tur-kitap","9":"pa_yayinevi-masa-kitap","10":"pa_yazar-gurgen-oz","12":"first","13":"instock","14":"sale","15":"shipping-taxable","16":"purchasable","17":"product-type-simple"},"_links":{"self":[{"href":"https:\/\/roveyayinevi.com.tr\/index.php\/wp-json\/wp\/v2\/product\/782638","targetHints":{"allow":["GET"]}}],"collection":[{"href":"https:\/\/roveyayinevi.com.tr\/index.php\/wp-json\/wp\/v2\/product"}],"about":[{"href":"https:\/\/roveyayinevi.com.tr\/index.php\/wp-json\/wp\/v2\/types\/product"}],"wp:attachment":[{"href":"https:\/\/roveyayinevi.com.tr\/index.php\/wp-json\/wp\/v2\/media?parent=782638"}],"wp:term":[{"taxonomy":"product_brand","embeddable":true,"href":"https:\/\/roveyayinevi.com.tr\/index.php\/wp-json\/wp\/v2\/product_brand?post=782638"},{"taxonomy":"product_cat","embeddable":true,"href":"https:\/\/roveyayinevi.com.tr\/index.php\/wp-json\/wp\/v2\/product_cat?post=782638"},{"taxonomy":"product_tag","embeddable":true,"href":"https:\/\/roveyayinevi.com.tr\/index.php\/wp-json\/wp\/v2\/product_tag?post=782638"}],"curies":[{"name":"wp","href":"https:\/\/api.w.org\/{rel}","templated":true}]}}