{"id":782637,"date":"2026-02-23T12:49:25","date_gmt":"2026-02-23T09:49:25","guid":{"rendered":"https:\/\/roveyayinevi.com.tr\/index.php\/urun\/kotu-bir-gun-2\/"},"modified":"2026-04-15T03:43:04","modified_gmt":"2026-04-15T00:43:04","slug":"kotu-bir-gun-2","status":"publish","type":"product","link":"https:\/\/roveyayinevi.com.tr\/index.php\/urun\/kotu-bir-gun-2\/","title":{"rendered":"K\u00f6t\u00fc Bir G\u00fcn"},"content":{"rendered":"<p>\u201c\u00c7ok ezilmi\u015fse bir insan, her \u015feyi yapabilir! Bu hayatta, ezilmek kadar insan\u0131n can\u0131n\u0131 ac\u0131tan, \u00e7ok az \u015fey vard\u0131r.\u201d   Bo\u015fand\u0131ktan sonra aile apartman\u0131na ta\u015f\u0131nan Erdem\u2019in ilk sabah\u0131, kap\u0131s\u0131nda beliren apartman g\u00f6revlisi nedeniyle birden tuhafla\u015f\u0131r. Basit bir tan\u0131\u015fma gibi ba\u015flayan sohbet, garip sorulara, rahats\u0131z edici imalara ve ge\u00e7mi\u015fe dair karanl\u0131k an\u0131lara do\u011fru s\u00fcr\u00fcklenir. \u015eimdi bu iki adam kimsenin ya\u015famad\u0131\u011f\u0131 bu \u00fc\u00e7 katl\u0131 apartmanda s\u0131k\u0131\u015f\u0131p kalacak ve bitmeyen bir gerilimin i\u00e7ine d\u00fc\u015feceklerdir. \u00dcstelik apartman g\u00f6revlisi Yakup\u2019un i\u00e7inde saklad\u0131\u011f\u0131 karanl\u0131k ruhlu bir ba\u015fka ki\u015filik daha vard\u0131r ve Erdem, asl\u0131nda \u00fc\u00e7 ki\u015fi olduklar\u0131n\u0131 anlad\u0131\u011f\u0131nda her \u015fey i\u00e7in \u00e7ok ge\u00e7 olacakt\u0131r.   Birbirinden \u00e7ok farkl\u0131 hayatlar ya\u015fayan ama benzer s\u0131k\u0131\u015fm\u0131\u015fl\u0131k hissiyle bo\u011fu\u015fan iki insan, istemeden de olsa ayn\u0131 hik\u00e2yenin par\u00e7as\u0131 olur. Biri ge\u00e7mi\u015fin korkun\u00e7 y\u00fck\u00fcnden kurtulmaya, di\u011feri hayalini kurdu\u011fu o \u201cbo\u015f alan\u201d\u0131 bulmaya \u00e7al\u0131\u015f\u0131r. Ve tek bir g\u00fcn, saklanan s\u0131rlar\u0131n a\u00e7\u0131\u011fa \u00e7\u0131kt\u0131\u011f\u0131, eski hesaplar\u0131n kapand\u0131\u011f\u0131 ve kimsenin kendinden ka\u00e7amayaca\u011f\u0131 bir y\u00fczle\u015fmeye d\u00f6n\u00fc\u015f\u00fcr.   Oyuncu ve yazar G\u00fcrgen \u00d6z, K\u00f6t\u00fc Bir G\u00fcn\u2019de bireylerin toplumda maruz kald\u0131\u011f\u0131 halleri, aileden devral\u0131nan y\u00fckleri ve k\u00f6kle\u015fmi\u015f zihniyetleri katmanl\u0131 bir \u015fekilde ele al\u0131yor. S\u0131n\u0131f \u00e7at\u0131\u015fmas\u0131, otorite, i\u00e7sel \u00f6zg\u00fcrl\u00fck aray\u0131\u015f\u0131, hiyerar\u015fi ve toplumsal kodlar\u0131m\u0131z \u00fczerine incelikli diyaloglarla ilerleyen ve giderek yo\u011funla\u015fan bu psikolojik gerilim, okuru hem rahats\u0131z edici hem de ka\u00e7\u0131n\u0131lmaz sorularla ba\u015f ba\u015fa b\u0131rak\u0131yor. <\/p>\n","protected":false},"excerpt":{"rendered":"<p>\u201c\u00c7ok ezilmi\u015fse bir insan, her \u015feyi yapabilir! Bu hayatta, ezilmek kadar insan\u0131n can\u0131n\u0131 ac\u0131tan, \u00e7ok az \u015fey vard\u0131r.\u201d Bo\u015fand\u0131ktan sonra aile apartman\u0131na ta\u015f\u0131nan Erdem\u2019in ilk sabah\u0131,<span class=\"excerpt-hellip\"> [\u2026]<\/span><\/p>\n","protected":false},"featured_media":0,"template":"","meta":{"_monsterinsights_skip_tracking":false,"_monsterinsights_sitenote_active":false,"_monsterinsights_sitenote_note":"","_monsterinsights_sitenote_category":0},"product_brand":[],"product_cat":[12291,12711],"product_tag":[],"class_list":{"0":"post-782637","1":"product","2":"type-product","3":"status-publish","5":"product_cat-edebiyat","6":"product_cat-roman-oyku","7":"pa_cilt-ciltsiz","8":"pa_tur-kitap","9":"pa_yayinevi-masa-kitap","10":"pa_yazar-gurgen-oz","12":"first","13":"instock","14":"sale","15":"shipping-taxable","16":"purchasable","17":"product-type-simple"},"_links":{"self":[{"href":"https:\/\/roveyayinevi.com.tr\/index.php\/wp-json\/wp\/v2\/product\/782637","targetHints":{"allow":["GET"]}}],"collection":[{"href":"https:\/\/roveyayinevi.com.tr\/index.php\/wp-json\/wp\/v2\/product"}],"about":[{"href":"https:\/\/roveyayinevi.com.tr\/index.php\/wp-json\/wp\/v2\/types\/product"}],"wp:attachment":[{"href":"https:\/\/roveyayinevi.com.tr\/index.php\/wp-json\/wp\/v2\/media?parent=782637"}],"wp:term":[{"taxonomy":"product_brand","embeddable":true,"href":"https:\/\/roveyayinevi.com.tr\/index.php\/wp-json\/wp\/v2\/product_brand?post=782637"},{"taxonomy":"product_cat","embeddable":true,"href":"https:\/\/roveyayinevi.com.tr\/index.php\/wp-json\/wp\/v2\/product_cat?post=782637"},{"taxonomy":"product_tag","embeddable":true,"href":"https:\/\/roveyayinevi.com.tr\/index.php\/wp-json\/wp\/v2\/product_tag?post=782637"}],"curies":[{"name":"wp","href":"https:\/\/api.w.org\/{rel}","templated":true}]}}