{"id":782636,"date":"2026-02-23T12:49:21","date_gmt":"2026-02-23T09:49:21","guid":{"rendered":"https:\/\/roveyayinevi.com.tr\/index.php\/urun\/karanlik-koy-2\/"},"modified":"2026-04-15T03:43:04","modified_gmt":"2026-04-15T00:43:04","slug":"karanlik-koy-2","status":"publish","type":"product","link":"https:\/\/roveyayinevi.com.tr\/index.php\/urun\/karanlik-koy-2\/","title":{"rendered":"Karanl\u0131k K\u00f6y"},"content":{"rendered":"<p>\u201cRuhunda seni avlayan hayaletler var. Ge\u00e7mi\u015fe dair ka\u00e7t\u0131\u011f\u0131n, hesapla\u015famad\u0131\u011f\u0131n ne varsa hesapla\u015f.\u201d   Murat, Trabzon\u2019da bir belgesel \u00e7ekimi s\u0131ras\u0131nda duydu\u011fu, da\u011flarda sakl\u0131 ve terk edilmi\u015f bir k\u00f6ye ait hik\u00e2yenin izini s\u00fcrmeye karar verir.   Bu k\u00f6yde uzun y\u0131llar \u00f6nce ya\u015fanan kanl\u0131 olaylar, h\u00e2l\u00e2 dilden dile dola\u015fmakta, nesilden nesile anlat\u0131l\u0131p durmaktad\u0131r. Y\u00fcksek da\u011flar\u0131n g\u00f6lgesinde sakl\u0131 bu karanl\u0131k k\u00f6y, gizledi\u011fi tarihsel ger\u00e7eklerle daha da \u00fcrpertici bir hal almakta ve i\u00e7inde ya\u015fayanlar\u0131n ba\u015f\u0131na gelenler nedeniyle u\u011fursuz kabul edilmektedir.   Murat\u2019\u0131 ve ekibini ise \u00e7\u0131kt\u0131klar\u0131 bu yolculukta k\u00f6y\u00fcn ruhu ve kendi korkular\u0131 ele ge\u00e7irecektir.   Oyuncu ve yazar G\u00fcrgen \u00d6z, hayalle ger\u00e7e\u011fin i\u00e7 i\u00e7e ge\u00e7ti\u011fi, zaman ve mek\u00e2n kavram\u0131n\u0131n yok oldu\u011fu bir alanda, insan ruhunun \u00fcrpertici dehlizlerinde dola\u015f\u0131yor ve ger\u00e7eklerden ka\u00e7an insanlar\u0131n, zihinlerinde nas\u0131l hapsoldu\u011funu g\u00f6zler \u00f6n\u00fcne seriyor.   Gizli ger\u00e7ekler, bat\u0131l inan\u00e7lar ve toplumsal travmalar \u00fczerine nefes kesici bir psikolojik gerilim\u2026 <\/p>\n","protected":false},"excerpt":{"rendered":"<p>\u201cRuhunda seni avlayan hayaletler var. Ge\u00e7mi\u015fe dair ka\u00e7t\u0131\u011f\u0131n, hesapla\u015famad\u0131\u011f\u0131n ne varsa hesapla\u015f.\u201d Murat, Trabzon\u2019da bir belgesel \u00e7ekimi s\u0131ras\u0131nda duydu\u011fu, da\u011flarda sakl\u0131 ve terk edilmi\u015f bir k\u00f6ye<span class=\"excerpt-hellip\"> [\u2026]<\/span><\/p>\n","protected":false},"featured_media":0,"template":"","meta":{"_monsterinsights_skip_tracking":false,"_monsterinsights_sitenote_active":false,"_monsterinsights_sitenote_note":"","_monsterinsights_sitenote_category":0},"product_brand":[],"product_cat":[12291,12711],"product_tag":[],"class_list":{"0":"post-782636","1":"product","2":"type-product","3":"status-publish","5":"product_cat-edebiyat","6":"product_cat-roman-oyku","7":"pa_cilt-ciltsiz","8":"pa_tur-kitap","9":"pa_yayinevi-masa-kitap","10":"pa_yazar-gurgen-oz","12":"first","13":"instock","14":"sale","15":"shipping-taxable","16":"purchasable","17":"product-type-simple"},"_links":{"self":[{"href":"https:\/\/roveyayinevi.com.tr\/index.php\/wp-json\/wp\/v2\/product\/782636","targetHints":{"allow":["GET"]}}],"collection":[{"href":"https:\/\/roveyayinevi.com.tr\/index.php\/wp-json\/wp\/v2\/product"}],"about":[{"href":"https:\/\/roveyayinevi.com.tr\/index.php\/wp-json\/wp\/v2\/types\/product"}],"wp:attachment":[{"href":"https:\/\/roveyayinevi.com.tr\/index.php\/wp-json\/wp\/v2\/media?parent=782636"}],"wp:term":[{"taxonomy":"product_brand","embeddable":true,"href":"https:\/\/roveyayinevi.com.tr\/index.php\/wp-json\/wp\/v2\/product_brand?post=782636"},{"taxonomy":"product_cat","embeddable":true,"href":"https:\/\/roveyayinevi.com.tr\/index.php\/wp-json\/wp\/v2\/product_cat?post=782636"},{"taxonomy":"product_tag","embeddable":true,"href":"https:\/\/roveyayinevi.com.tr\/index.php\/wp-json\/wp\/v2\/product_tag?post=782636"}],"curies":[{"name":"wp","href":"https:\/\/api.w.org\/{rel}","templated":true}]}}