{"id":782633,"date":"2026-02-23T12:48:44","date_gmt":"2026-02-23T09:48:44","guid":{"rendered":"https:\/\/roveyayinevi.com.tr\/index.php\/urun\/10-sinif-ingilizce-kelimeleri\/"},"modified":"2026-04-15T03:42:31","modified_gmt":"2026-04-15T00:42:31","slug":"10-sinif-ingilizce-kelimeleri","status":"publish","type":"product","link":"https:\/\/roveyayinevi.com.tr\/index.php\/urun\/10-sinif-ingilizce-kelimeleri\/","title":{"rendered":"10. S\u0131n\u0131f \u0130ngilizce Kelimeleri"},"content":{"rendered":"<p>Bu kitap ve uygulamayla ne kazan\u0131rs\u0131n? Bu kitap ve telefon uygulamas\u0131, MEB m\u00fcfredat\u0131na tam uyumlu olarak haz\u0131rlanm\u0131\u015ft\u0131r. \u00d6\u011frenciler, y\u0131l boyunca okulda i\u015fleyecekleri \u0130ngilizce kelimeleri her \u00fcnitede ad\u0131m ad\u0131m \u00f6\u011frenir.  Kitap ve uygulama, derslerdeki \u00f6\u011frenmeyi desteklemek i\u00e7in haz\u0131rlanm\u0131\u015ft\u0131r. Uygulamay\u0131 her g\u00fcn sadece 5 dakika kullanarak, dinleme, okuma, yazma ve konu\u015fma becerisini geli\u015ftirecek kelimeleri e\u011flenceli bi\u00e7imde tekrar edebilir ve \u00f6\u011frenmeyi kal\u0131c\u0131 h\u00e2le getirebilirsin.<\/p>\n","protected":false},"excerpt":{"rendered":"<p>Bu kitap ve uygulamayla ne kazan\u0131rs\u0131n? Bu kitap ve telefon uygulamas\u0131, MEB m\u00fcfredat\u0131na tam uyumlu olarak haz\u0131rlanm\u0131\u015ft\u0131r. \u00d6\u011frenciler, y\u0131l boyunca okulda i\u015fleyecekleri \u0130ngilizce kelimeleri her \u00fcnitede<span class=\"excerpt-hellip\"> [\u2026]<\/span><\/p>\n","protected":false},"featured_media":0,"template":"","meta":{"_monsterinsights_skip_tracking":false,"_monsterinsights_sitenote_active":false,"_monsterinsights_sitenote_note":"","_monsterinsights_sitenote_category":0},"product_brand":[],"product_cat":[12566,13473],"product_tag":[],"class_list":{"0":"post-782633","1":"product","2":"type-product","3":"status-publish","5":"product_cat-egitim","6":"product_cat-sinavlara-hazirlik-okula-yardimci-kaynaklar","7":"pa_cilt-ciltsiz","8":"pa_tur-kitap","9":"pa_yayinevi-delta-kultur-yayinevi","10":"pa_yazar-serkan-sahinbas","12":"first","13":"instock","14":"sale","15":"shipping-taxable","16":"purchasable","17":"product-type-simple"},"_links":{"self":[{"href":"https:\/\/roveyayinevi.com.tr\/index.php\/wp-json\/wp\/v2\/product\/782633","targetHints":{"allow":["GET"]}}],"collection":[{"href":"https:\/\/roveyayinevi.com.tr\/index.php\/wp-json\/wp\/v2\/product"}],"about":[{"href":"https:\/\/roveyayinevi.com.tr\/index.php\/wp-json\/wp\/v2\/types\/product"}],"wp:attachment":[{"href":"https:\/\/roveyayinevi.com.tr\/index.php\/wp-json\/wp\/v2\/media?parent=782633"}],"wp:term":[{"taxonomy":"product_brand","embeddable":true,"href":"https:\/\/roveyayinevi.com.tr\/index.php\/wp-json\/wp\/v2\/product_brand?post=782633"},{"taxonomy":"product_cat","embeddable":true,"href":"https:\/\/roveyayinevi.com.tr\/index.php\/wp-json\/wp\/v2\/product_cat?post=782633"},{"taxonomy":"product_tag","embeddable":true,"href":"https:\/\/roveyayinevi.com.tr\/index.php\/wp-json\/wp\/v2\/product_tag?post=782633"}],"curies":[{"name":"wp","href":"https:\/\/api.w.org\/{rel}","templated":true}]}}