{"id":782632,"date":"2026-02-23T12:48:41","date_gmt":"2026-02-23T09:48:41","guid":{"rendered":"https:\/\/roveyayinevi.com.tr\/index.php\/urun\/afacan-cem-okuma-seti-10-kitap\/"},"modified":"2026-04-15T03:42:31","modified_gmt":"2026-04-15T00:42:31","slug":"afacan-cem-okuma-seti-10-kitap","status":"publish","type":"product","link":"https:\/\/roveyayinevi.com.tr\/index.php\/urun\/afacan-cem-okuma-seti-10-kitap\/","title":{"rendered":"Afacan Cem Okuma Seti \u201310 Kitap"},"content":{"rendered":"<p>Afacan Cem dizisi, \u00e7ocuklar\u0131n severek okuyaca\u011f\u0131 bir al\u0131\u015ft\u0131rma dizisidir. Bu diziyi s\u0131ra ile okutmak, onlar\u0131n okumalar\u0131n\u0131n geli\u015fimine yard\u0131m edecektir. On kitapl\u0131k dizide \u015fu kitaplar vard\u0131r: 1. Afacan Cem 2. Afacan Cem Okul Yolunda 3. Afacan Cem\u2019in Tahta At\u0131 4. Afacan Cem ile Karde\u015fi 5. Afacan Cem\u2019in Bir Sabah\u0131 6. Afacan Cem\u2019in Arkada\u015flar\u0131 7. Afacan Cem\u2019in Bilmeceleri 8. Afacan Cem\u2019in Tekerlemeleri 9. Afacan Cem\u2019in F\u0131kralar\u0131 10. Afacan Cem An\u0131tkabir\u2019de<\/p>\n","protected":false},"excerpt":{"rendered":"<p>Afacan Cem dizisi, \u00e7ocuklar\u0131n severek okuyaca\u011f\u0131 bir al\u0131\u015ft\u0131rma dizisidir. Bu diziyi s\u0131ra ile okutmak, onlar\u0131n okumalar\u0131n\u0131n geli\u015fimine yard\u0131m edecektir. On kitapl\u0131k dizide \u015fu kitaplar vard\u0131r: 1.<span class=\"excerpt-hellip\"> [\u2026]<\/span><\/p>\n","protected":false},"featured_media":0,"template":"","meta":{"_monsterinsights_skip_tracking":false,"_monsterinsights_sitenote_active":false,"_monsterinsights_sitenote_note":"","_monsterinsights_sitenote_category":0},"product_brand":[],"product_cat":[12274,12284],"product_tag":[],"class_list":{"0":"post-782632","1":"product","2":"type-product","3":"status-publish","5":"product_cat-cocuk-ve-genclik-kitaplari","6":"product_cat-hikayeler","7":"pa_cilt-ciltsiz","8":"pa_tur-kitap","9":"pa_yayinevi-arkadas-yayinlari","10":"pa_yazar-ali-puskulluoglu","12":"first","13":"instock","14":"sale","15":"shipping-taxable","16":"purchasable","17":"product-type-simple"},"_links":{"self":[{"href":"https:\/\/roveyayinevi.com.tr\/index.php\/wp-json\/wp\/v2\/product\/782632","targetHints":{"allow":["GET"]}}],"collection":[{"href":"https:\/\/roveyayinevi.com.tr\/index.php\/wp-json\/wp\/v2\/product"}],"about":[{"href":"https:\/\/roveyayinevi.com.tr\/index.php\/wp-json\/wp\/v2\/types\/product"}],"wp:attachment":[{"href":"https:\/\/roveyayinevi.com.tr\/index.php\/wp-json\/wp\/v2\/media?parent=782632"}],"wp:term":[{"taxonomy":"product_brand","embeddable":true,"href":"https:\/\/roveyayinevi.com.tr\/index.php\/wp-json\/wp\/v2\/product_brand?post=782632"},{"taxonomy":"product_cat","embeddable":true,"href":"https:\/\/roveyayinevi.com.tr\/index.php\/wp-json\/wp\/v2\/product_cat?post=782632"},{"taxonomy":"product_tag","embeddable":true,"href":"https:\/\/roveyayinevi.com.tr\/index.php\/wp-json\/wp\/v2\/product_tag?post=782632"}],"curies":[{"name":"wp","href":"https:\/\/api.w.org\/{rel}","templated":true}]}}